{"id":580086,"date":"2025-06-10T16:56:02","date_gmt":"2025-06-10T14:56:02","guid":{"rendered":"https:\/\/tilefly.com\/producto\/levent-beige-mt-100x100-rect\/"},"modified":"2025-10-21T14:23:25","modified_gmt":"2025-10-21T12:23:25","slug":"levent-beige-mt-100x100-rect","status":"publish","type":"product","link":"https:\/\/tilefly.com\/it\/prodotto\/levent-beige-mt-100x100-rect\/","title":{"rendered":"LEVENT BEIGE MT 100X100 RECT."},"content":{"rendered":"<h2>Azulejo Porcellanato Opaco LEVENT BEIGE MT 100X100 RETT.<\/h2><p>Scopri l&#8217;eleganza senza tempo di LEVENT BEIGE MT 100X100 RETT., una <a href=\"https:\/\/tilefly.com\/it\/piastrelle\/\">piastrella<\/a> in porcellanato che ridefinisce l&#8217;estetica del cemento. La sua tonalit\u00e0 beige morbida e naturale, insieme a una finitura opaca che evoca serenit\u00e0, trasforma qualsiasi spazio in un&#8217;oasi di calma e raffinatezza. Il formato 100&#215;100, ideale per ampie superfici, minimizza le fughe e crea una sensazione di continuit\u00e0 visiva, mentre i suoi bordi rettificati assicurano un&#8217;installazione impeccabile, con linee pulite e precise.<\/p><p>Questa piastrella, realizzata con porcellanato di alta qualit\u00e0, non offre solo una bellezza estetica eccezionale, ma anche una durabilit\u00e0 incomparabile. Resistente all&#8217;usura, alle macchie e all&#8217;umidit\u00e0, \u00e8 perfetta sia per pavimenti che per pareti, in interni ed esterni. Il suo design, che imita la texture del cemento invecchiato con sottili variazioni di tono e segni che simulano il passare del tempo, aggiunge un tocco di autenticit\u00e0 e carattere a qualsiasi ambiente.<\/p><p>Immagina un soggiorno inondato di luce naturale, dove LEVENT BEIGE MT 100X100 RETT. diventa la tela perfetta per un arredamento minimalista e contemporaneo. Oppure un bagno moderno, dove questa piastrella, combinata con elementi naturali come legno e pietra, crea un ambiente rilassante e armonioso. La sua versatilit\u00e0 la rende la scelta ideale per un&#8217;ampia gamma di stili decorativi, da ambienti industriali e urbani a spazi pi\u00f9 caldi e rustici.<\/p><p>Con LEVENT BEIGE MT 100X100 RETT., trasformare i tuoi spazi \u00e8 pi\u00f9 facile che mai. La sua installazione semplice e la sua facile manutenzione ti permetteranno di godere della sua bellezza e funzionalit\u00e0 per molti anni. Osa sperimentare con diverse combinazioni e texture e crea un ambiente unico e personalizzato che rifletta il tuo stile e la tua personalit\u00e0. Esplora la collezione completa <a href='https:\/\/tilefly.com\/it\/prodotto\/levent'>LEVENT<\/a> e scopri tutte le possibilit\u00e0 che ti offre.<\/p>","protected":false},"excerpt":{"rendered":"<p>Azulejo Porcellanato Opaco LEVENT BEIGE MT 100X100 RETT.Scopri l&#8217;eleganza senza tempo di LEVENT BEIGE MT 100X100 RETT., una piastrella in porcellanato che ridefinisce l&#8217;estetica del cemento. La sua tonalit\u00e0 beige morbida e naturale, insieme a una finitura opaca che evoca serenit\u00e0, trasforma qualsiasi spazio in un&#8217;oasi di calma e raffinatezza. Il formato 100&#215;100, ideale per [&hellip;]<\/p>\n","protected":false},"featured_media":573754,"comment_status":"open","ping_status":"closed","template":"","meta":[],"product_brand":[],"product_cat":[847,848,846,827],"product_tag":[],"class_list":{"0":"post-580086","1":"product","2":"type-product","3":"status-publish","4":"has-post-thumbnail","6":"product_cat-bagni","7":"product_cat-cucine","8":"product_cat-piastrelle","9":"product_cat-rivestimento","11":"first","12":"instock","13":"shipping-taxable","14":"purchasable","15":"product-type-simple"},"_links":{"self":[{"href":"https:\/\/tilefly.com\/it\/wp-json\/wp\/v2\/product\/580086","targetHints":{"allow":["GET"]}}],"collection":[{"href":"https:\/\/tilefly.com\/it\/wp-json\/wp\/v2\/product"}],"about":[{"href":"https:\/\/tilefly.com\/it\/wp-json\/wp\/v2\/types\/product"}],"replies":[{"embeddable":true,"href":"https:\/\/tilefly.com\/it\/wp-json\/wp\/v2\/comments?post=580086"}],"wp:featuredmedia":[{"embeddable":true,"href":"https:\/\/tilefly.com\/it\/wp-json\/wp\/v2\/media\/573754"}],"wp:attachment":[{"href":"https:\/\/tilefly.com\/it\/wp-json\/wp\/v2\/media?parent=580086"}],"wp:term":[{"taxonomy":"product_brand","embeddable":true,"href":"https:\/\/tilefly.com\/it\/wp-json\/wp\/v2\/product_brand?post=580086"},{"taxonomy":"product_cat","embeddable":true,"href":"https:\/\/tilefly.com\/it\/wp-json\/wp\/v2\/product_cat?post=580086"},{"taxonomy":"product_tag","embeddable":true,"href":"https:\/\/tilefly.com\/it\/wp-json\/wp\/v2\/product_tag?post=580086"}],"curies":[{"name":"wp","href":"https:\/\/api.w.org\/{rel}","templated":true}]}}