{"id":580047,"date":"2025-07-17T18:26:58","date_gmt":"2025-07-17T16:26:58","guid":{"rendered":"https:\/\/tilefly.com\/producto\/canby-fusion-grey-mt-120x120-rect\/"},"modified":"2025-10-21T14:02:05","modified_gmt":"2025-10-21T12:02:05","slug":"canby-fusion-grey-mt-120x120-rect","status":"publish","type":"product","link":"https:\/\/tilefly.com\/it\/prodotto\/canby-fusion-grey-mt-120x120-rect\/","title":{"rendered":"CANBY FUSION GREY MT 120X120 RECT"},"content":{"rendered":"<h2>Piastrella in gres porcellanato opaco CANBY FUSION GREY MT 120X120 RETT<\/h2><p>Scopri l&#8217;essenza della modernit\u00e0 e della sofisticazione con la <a href=\"https:\/\/tilefly.com\/it\/piastrelle\/\">piastrella<\/a> CANBY FUSION GREY MT 120X120 RETT, un capolavoro che ridefinisce gli spazi con il suo design impeccabile. Ispirata all&#8217;intramontabile bellezza del terrazzo e alla solidit\u00e0 del granito a grana fine, questa piastrella in gres porcellanato smaltato opaco si presenta in un generoso formato di 120&#215;120 cm. Le sue grandi dimensioni sono ideali per creare superfici ampie e continue che amplificano la percezione dello spazio, facendo sentire ogni stanza pi\u00f9 aperta e connessa. Inoltre, la sua caratteristica di essere rettificata assicura bordi perfettamente tagliati, il che consente un&#8217;installazione con giunti minimi per ottenere un effetto visivo di continuit\u00e0 che emula un&#8217;unica e grande superficie di design, apportando un&#8217;estetica di lusso e coesione.<\/p><p>Il colore grigio chiaro che domina la sua base \u00e8 una tela neutra ed elegante, sottilmente arricchita con la dispersione uniforme e casuale di piccole particelle irregolari in tonalit\u00e0 bianche e grigio pallido. Queste incrostazioni non solo aggiungono profondit\u00e0 e una luminosit\u00e0 discreta, ma conferiscono anche una texture visiva a macchie e granulare che \u00e8 il segno distintivo del suo stile. Lontano dalle imitazioni convenzionali, CANBY FUSION GREY evoca un carattere unico di aggregato, apportando un tocco contemporaneo e pulito a qualsiasi ambiente, senza la necessit\u00e0 di venature o motivi complessi che possano sovraccaricare visivamente lo spazio.<\/p><p>Realizzata in gres porcellanato smaltato opaco, questa piastrella non \u00e8 solo esteticamente impressionante, ma anche straordinariamente funzionale. La sua composizione le conferisce un&#8217;eccezionale resistenza all&#8217;usura, all&#8217;abrasione, all&#8217;umidit\u00e0 e alle variazioni di temperatura, il che la rende la scelta perfetta sia per pavimenti che per pareti in qualsiasi stanza della casa, da salotti e cucine a bagni, e persino in aree di alto transito commerciale. La finitura opaca, d&#8217;altra parte, non solo contribuisce a un&#8217;estetica sobria e sofisticata che riduce i riflessi, ma fornisce anche una superficie antiscivolo, aumentando significativamente la sicurezza e il comfort nel suo uso quotidiano, il che \u00e8 ideale per famiglie e spazi affollati.<\/p><p>La versatilit\u00e0 di CANBY FUSION GREY MT 120X120 RETT consente di integrarla in un&#8217;ampia gamma di stili decorativi, dai pi\u00f9 minimalisti e nordici a quelli industriali e contemporanei. La sua tavolozza di colori neutri facilita la combinazione con mobili ed elementi decorativi di vari stili e tonalit\u00e0, offrendo un&#8217;infinit\u00e0 di possibilit\u00e0 per personalizzare ogni angolo. Ogni piastrella della serie <a href='https:\/\/tilefly.com\/it\/prodotto\/canby'>CANBY<\/a> \u00e8 un invito a trasformare il tuo spazio in un rifugio di design, dove la semplicit\u00e0 si incontra con la ricchezza visiva per creare ambienti accoglienti e distintivi. Scegli CANBY FUSION GREY per un impatto visivo duraturo e una funzionalit\u00e0 senza compromessi, elevando l&#8217;estetica del tuo progetto con un pezzo che \u00e8 sinonimo di qualit\u00e0, durata e buon gusto.<\/p>","protected":false},"excerpt":{"rendered":"<p>Piastrella in gres porcellanato opaco CANBY FUSION GREY MT 120X120 RETTScopri l&#8217;essenza della modernit\u00e0 e della sofisticazione con la piastrella CANBY FUSION GREY MT 120X120 RETT, un capolavoro che ridefinisce gli spazi con il suo design impeccabile. Ispirata all&#8217;intramontabile bellezza del terrazzo e alla solidit\u00e0 del granito a grana fine, questa piastrella in gres porcellanato [&hellip;]<\/p>\n","protected":false},"featured_media":574993,"comment_status":"open","ping_status":"closed","template":"","meta":[],"product_brand":[],"product_cat":[847,848,846,827],"product_tag":[],"class_list":{"0":"post-580047","1":"product","2":"type-product","3":"status-publish","4":"has-post-thumbnail","6":"product_cat-bagni","7":"product_cat-cucine","8":"product_cat-piastrelle","9":"product_cat-rivestimento","11":"first","12":"instock","13":"shipping-taxable","14":"purchasable","15":"product-type-simple"},"_links":{"self":[{"href":"https:\/\/tilefly.com\/it\/wp-json\/wp\/v2\/product\/580047","targetHints":{"allow":["GET"]}}],"collection":[{"href":"https:\/\/tilefly.com\/it\/wp-json\/wp\/v2\/product"}],"about":[{"href":"https:\/\/tilefly.com\/it\/wp-json\/wp\/v2\/types\/product"}],"replies":[{"embeddable":true,"href":"https:\/\/tilefly.com\/it\/wp-json\/wp\/v2\/comments?post=580047"}],"wp:featuredmedia":[{"embeddable":true,"href":"https:\/\/tilefly.com\/it\/wp-json\/wp\/v2\/media\/574993"}],"wp:attachment":[{"href":"https:\/\/tilefly.com\/it\/wp-json\/wp\/v2\/media?parent=580047"}],"wp:term":[{"taxonomy":"product_brand","embeddable":true,"href":"https:\/\/tilefly.com\/it\/wp-json\/wp\/v2\/product_brand?post=580047"},{"taxonomy":"product_cat","embeddable":true,"href":"https:\/\/tilefly.com\/it\/wp-json\/wp\/v2\/product_cat?post=580047"},{"taxonomy":"product_tag","embeddable":true,"href":"https:\/\/tilefly.com\/it\/wp-json\/wp\/v2\/product_tag?post=580047"}],"curies":[{"name":"wp","href":"https:\/\/api.w.org\/{rel}","templated":true}]}}