{"id":580043,"date":"2025-07-17T18:27:11","date_gmt":"2025-07-17T16:27:11","guid":{"rendered":"https:\/\/tilefly.com\/producto\/canby-grey-mt-120x120-rect\/"},"modified":"2025-10-21T14:01:26","modified_gmt":"2025-10-21T12:01:26","slug":"canby-grey-mt-120x120-rect","status":"publish","type":"product","link":"https:\/\/tilefly.com\/it\/prodotto\/canby-grey-mt-120x120-rect\/","title":{"rendered":"CANBY GREY MT 120X120 RECT"},"content":{"rendered":"<h2>Piastrella in Gres Porcellanato Opaco CANBY GREY MT 120X120 RECT<\/h2><p>Immergiti nella sofisticazione senza tempo con la <a href=\"https:\/\/tilefly.com\/it\/piastrelle\/\">piastrella<\/a> CANBY GREY MT 120X120 RECT, un pezzo chiave della nostra esclusiva serie <a href='https:\/\/tilefly.com\/it\/prodotto\/canby'>CANBY<\/a>. Ispirata alla bellezza di una pietra dalla texture sottile, questa ceramica si distingue per un design compatto e raffinato che ridefinisce l&#8217;estetica minimalista. La serie CANBY si concentra sul benessere e il comfort, fondendo la purezza del design con la ricchezza emotiva dei materiali naturali, connettendosi armoniosamente con ambienti moderni e offrendo una sensazione di ordine e serenit\u00e0.<\/p><p>Il colore grigio della CANBY GREY MT \u00e8 una dichiarazione di eleganza discreta. Si presenta come una tonalit\u00e0 neutra e uniforme, un grigio molto chiaro che rasenta il bianco, apportando una luminosit\u00e0 eccezionale. La sua superficie \u00e8 priva di motivi definiti, distinguendosi per una texture finemente granulata e omogenea che simula l&#8217;aspetto di un microcemento lucidato o di una pietra con aggregato molto fine. Questa imitazione di pietra e cemento \u00e8 esaltata da minuscole particelle o macchie brillanti disperse, che catturano la luce sottilmente, creando un delicato effetto di bagliore o una finitura leggermente satinata. Questo dettaglio conferisce una qualit\u00e0 visiva moderna e sofisticata, ideale per ambienti in stile minimalista, industriale o contemporaneo, adatta sia per pavimenti che per rivestimenti a parete.<\/p><p>Con un impressionante formato di 120&#215;120 cm, la CANBY GREY MT \u00e8 ideale per chi cerca ampiezza e continuit\u00e0 visiva. Questa grande dimensione minimizza le fughe, risultando in superfici quasi ininterrotte che amplificano la sensazione di spazio. Essendo una piastrella rettificata, i suoi bordi tagliati con precisione millimetrica consentono un&#8217;installazione con fughe minime, ottenendo una finitura finale di pulizia e modernit\u00e0 ineguagliabili. Questa caratteristica \u00e8 fondamentale per creare ambienti diafani dove il pavimento o la parete si trasformano in una tela uniforme.<\/p><p>Realizzata in gres porcellanato smaltato opaco, la CANBY GREY MT garantisce durabilit\u00e0 e resistenza eccezionali. La sua composizione la rende ideale per un uso versatile, sia in pavimenti ad alto traffico che in rivestimenti a parete, adatta per spazi residenziali e commerciali. Il materiale porcellanato \u00e8 riconosciuto per la sua impermeabilit\u00e0, resistenza a macchie, abrasione e cambiamenti di temperatura, rendendola un&#8217;opzione pratica e a bassa manutenzione. La finitura opaca, morbida al tatto e visivamente piacevole, contribuisce all&#8217;atmosfera di calma e comfort, riducendo i riflessi ed esaltando la texture inerente della piastrella.<\/p><p>La CANBY GREY MT 120X120 RECT \u00e8 la soluzione perfetta per un design interior che cerca di fondere funzionalit\u00e0 con estetica raffinata. La sua imitazione di pietra e cemento le conferisce un carattere urbano e organico, capace di trasformare qualsiasi ambiente in un rifugio di design. \u00c8 un investimento in durabilit\u00e0 e buon gusto, progettata per durare nel tempo e abbellire i tuoi spazi con la sua eleganza discreta e il suo tocco di sofisticazione. Scopri la gamma completa e le sue possibilit\u00e0 nella serie <a href='https:\/\/tilefly.com\/it\/prodotto\/canby'>CANBY<\/a> ed esplora come questa piastrella pu\u00f2 esaltare il tuo progetto.<\/p>","protected":false},"excerpt":{"rendered":"<p>Piastrella in Gres Porcellanato Opaco CANBY GREY MT 120X120 RECTImmergiti nella sofisticazione senza tempo con la piastrella CANBY GREY MT 120X120 RECT, un pezzo chiave della nostra esclusiva serie CANBY. Ispirata alla bellezza di una pietra dalla texture sottile, questa ceramica si distingue per un design compatto e raffinato che ridefinisce l&#8217;estetica minimalista. La serie [&hellip;]<\/p>\n","protected":false},"featured_media":575045,"comment_status":"open","ping_status":"closed","template":"","meta":[],"product_brand":[],"product_cat":[847,848,846,827],"product_tag":[],"class_list":{"0":"post-580043","1":"product","2":"type-product","3":"status-publish","4":"has-post-thumbnail","6":"product_cat-bagni","7":"product_cat-cucine","8":"product_cat-piastrelle","9":"product_cat-rivestimento","11":"first","12":"outofstock","13":"shipping-taxable","14":"purchasable","15":"product-type-simple"},"_links":{"self":[{"href":"https:\/\/tilefly.com\/it\/wp-json\/wp\/v2\/product\/580043","targetHints":{"allow":["GET"]}}],"collection":[{"href":"https:\/\/tilefly.com\/it\/wp-json\/wp\/v2\/product"}],"about":[{"href":"https:\/\/tilefly.com\/it\/wp-json\/wp\/v2\/types\/product"}],"replies":[{"embeddable":true,"href":"https:\/\/tilefly.com\/it\/wp-json\/wp\/v2\/comments?post=580043"}],"wp:featuredmedia":[{"embeddable":true,"href":"https:\/\/tilefly.com\/it\/wp-json\/wp\/v2\/media\/575045"}],"wp:attachment":[{"href":"https:\/\/tilefly.com\/it\/wp-json\/wp\/v2\/media?parent=580043"}],"wp:term":[{"taxonomy":"product_brand","embeddable":true,"href":"https:\/\/tilefly.com\/it\/wp-json\/wp\/v2\/product_brand?post=580043"},{"taxonomy":"product_cat","embeddable":true,"href":"https:\/\/tilefly.com\/it\/wp-json\/wp\/v2\/product_cat?post=580043"},{"taxonomy":"product_tag","embeddable":true,"href":"https:\/\/tilefly.com\/it\/wp-json\/wp\/v2\/product_tag?post=580043"}],"curies":[{"name":"wp","href":"https:\/\/api.w.org\/{rel}","templated":true}]}}