{"id":580039,"date":"2025-07-17T18:27:22","date_gmt":"2025-07-17T16:27:22","guid":{"rendered":"https:\/\/tilefly.com\/producto\/canby-pearl-mt-60x120-rect\/"},"modified":"2025-10-21T14:00:45","modified_gmt":"2025-10-21T12:00:45","slug":"canby-pearl-mt-60x120-rect","status":"publish","type":"product","link":"https:\/\/tilefly.com\/it\/prodotto\/canby-pearl-mt-60x120-rect\/","title":{"rendered":"CANBY PEARL MT 60X120 RECT"},"content":{"rendered":"<h2>Azulejo Porcellanato Opaco CANBY PEARL MT 60X120 RETT<\/h2><p>Scopri l&#8217;essenza della serenit\u00e0 e del design senza tempo con la serie <a href='https:\/\/tilefly.com\/it\/prodotto\/canby'>CANBY<\/a>, e in particolare, con la nostra <a href=\"https:\/\/tilefly.com\/it\/piastrelle\/\">piastrella<\/a> CANBY PEARL MT 60X120 RETT. Questo porcellanato di grande formato, un riflesso perfetto della filosofia della serie, cerca di ridefinire lo spazio attraverso la semplicit\u00e0 e la connessione con la natura.<\/p><p>Il colore &#8216;Perla&#8217; di questo pezzo \u00e8 una scelta sublime per chi cerca luminosit\u00e0 e ampiezza. Non \u00e8 un bianco puro, ma una tonalit\u00e0 eccezionalmente chiara che oscilla tra un bianco sporco sottile, un grigio perla molto pallido e un beige estremamente leggero. Questa paletta neutra e avvolgente \u00e8 ideale per creare ambienti che trasmettono calma e sofisticazione, agendo come una tela perfetta per qualsiasi stile decorativo. La sua finitura opaca, morbida al tatto e visivamente discreta, elimina i riflessi intensi, apportando una sensazione di calore e autenticit\u00e0.<\/p><p>Fabbricata in porcellanato smaltato di alta qualit\u00e0, la CANBY PEARL MT 60X120 RETT non \u00e8 solo esteticamente impressionante, ma anche eccezionalmente funzionale. La sua composizione le conferisce una resistenza superiore all&#8217;usura, all&#8217;umidit\u00e0 e alle macchie, idonea sia per pavimenti ad alto traffico che per rivestimenti in qualsiasi stanza o progetto commerciale. La caratteristica pi\u00f9 distintiva risiede nella sua sottile imitazione di pietra e cemento. La superficie \u00e8 omogenea e si distingue per una texture finemente granulata o punteggiata quasi impercettibile, che le conferisce un aspetto leggermente rugoso o sabbioso, senza essere aspra. A differenza di altre imitazioni, presenta una consistenza uniforme in tutta la sua estensione, evocando la purezza di un cemento pulito di granulometria fine o una pietra di quarzo compatta, con una texture tattile discretamente percepibile. Questa attenzione al dettaglio nella texture ne esalta il carattere minimalista e senza tempo.<\/p><p>Il formato di 60&#215;120 cm \u00e8 uno dei suoi maggiori vantaggi. Le piastrelle di grandi dimensioni riducono il numero di fughe, creando una continuit\u00e0 visiva che amplia gli spazi e conferisce loro un&#8217;estetica moderna e fluida. Inoltre, essendo rettificata, questa piastrella garantisce bordi perfettamente tagliati, permettendo di installarla con fughe minime (da 1 a 2 mm), accentuando quella sensazione di superficie unificata. Questo processo non solo migliora l&#8217;estetica, ma facilita anche la pulizia e la manutenzione.<\/p><p>La CANBY PEARL MT 60X120 RETT \u00e8, in essenza, un invito a creare spazi luminosi, sereni e con un profondo senso di benessere. \u00c8 la scelta perfetta per chi apprezza l&#8217;estetica minimalista e cerca materiali che combinino la purezza del design con la ricchezza emozionale delle texture naturali, connettendo armoniosamente con gli ambienti pi\u00f9 moderni e sofisticati. La sua versatilit\u00e0 e bellezza discreta la rendono un&#8217;opzione insuperabile per trasformare qualsiasi ambiente in un rifugio di calma e stile.<\/p>","protected":false},"excerpt":{"rendered":"<p>Azulejo Porcellanato Opaco CANBY PEARL MT 60X120 RETTScopri l&#8217;essenza della serenit\u00e0 e del design senza tempo con la serie CANBY, e in particolare, con la nostra piastrella CANBY PEARL MT 60X120 RETT. Questo porcellanato di grande formato, un riflesso perfetto della filosofia della serie, cerca di ridefinire lo spazio attraverso la semplicit\u00e0 e la connessione [&hellip;]<\/p>\n","protected":false},"featured_media":575097,"comment_status":"open","ping_status":"closed","template":"","meta":[],"product_brand":[],"product_cat":[847,848,846,827],"product_tag":[],"class_list":{"0":"post-580039","1":"product","2":"type-product","3":"status-publish","4":"has-post-thumbnail","6":"product_cat-bagni","7":"product_cat-cucine","8":"product_cat-piastrelle","9":"product_cat-rivestimento","11":"first","12":"instock","13":"shipping-taxable","14":"purchasable","15":"product-type-simple"},"_links":{"self":[{"href":"https:\/\/tilefly.com\/it\/wp-json\/wp\/v2\/product\/580039","targetHints":{"allow":["GET"]}}],"collection":[{"href":"https:\/\/tilefly.com\/it\/wp-json\/wp\/v2\/product"}],"about":[{"href":"https:\/\/tilefly.com\/it\/wp-json\/wp\/v2\/types\/product"}],"replies":[{"embeddable":true,"href":"https:\/\/tilefly.com\/it\/wp-json\/wp\/v2\/comments?post=580039"}],"wp:featuredmedia":[{"embeddable":true,"href":"https:\/\/tilefly.com\/it\/wp-json\/wp\/v2\/media\/575097"}],"wp:attachment":[{"href":"https:\/\/tilefly.com\/it\/wp-json\/wp\/v2\/media?parent=580039"}],"wp:term":[{"taxonomy":"product_brand","embeddable":true,"href":"https:\/\/tilefly.com\/it\/wp-json\/wp\/v2\/product_brand?post=580039"},{"taxonomy":"product_cat","embeddable":true,"href":"https:\/\/tilefly.com\/it\/wp-json\/wp\/v2\/product_cat?post=580039"},{"taxonomy":"product_tag","embeddable":true,"href":"https:\/\/tilefly.com\/it\/wp-json\/wp\/v2\/product_tag?post=580039"}],"curies":[{"name":"wp","href":"https:\/\/api.w.org\/{rel}","templated":true}]}}