{"id":580035,"date":"2025-07-17T18:27:34","date_gmt":"2025-07-17T16:27:34","guid":{"rendered":"https:\/\/tilefly.com\/producto\/antid-canby-grey-mt-60x60-rect\/"},"modified":"2025-10-21T14:00:02","modified_gmt":"2025-10-21T12:00:02","slug":"antid-canby-grey-mt-60x60-rect","status":"publish","type":"product","link":"https:\/\/tilefly.com\/it\/prodotto\/antid-canby-grey-mt-60x60-rect\/","title":{"rendered":"ANTID CANBY GREY MT 60X60 RECT"},"content":{"rendered":"<h2>Piastrella in gres porcellanato opaco ANTID CANBY GREY MT 60X60 RETT<\/h2><p>La collezione <a href='https:\/\/tilefly.com\/it\/prodotto\/canby'>CANBY<\/a>, riconosciuta per la sua ispirazione nella bellezza sottile della pietra e per il suo design compatto e raffinato, presenta l&#8217;eccezionale <a href=\"https:\/\/tilefly.com\/it\/piastrelle\/\">piastrella<\/a> ANTID CANBY GREY MT 60X60 RETT. Questo pezzo incarna perfettamente l&#8217;essenza della serie, apportando un&#8217;estetica minimalista e una sensazione di benessere e comfort a qualsiasi spazio. Il suo colore grigio chiaro, di tonalit\u00e0 neutra e uniformit\u00e0 impeccabile, si trasforma nella tela perfetta per ambienti moderni e sereni, evocando la purezza della natura con una sofisticazione ineguagliabile.<\/p><p>Il design di questa piastrella in gres porcellanato smaltato opaco si distingue per la sua affascinante imitazione di pietra e cemento, ottenuta attraverso una granulazione o punteggiatura estremamente fine. La superficie rivela minuscole particelle disperse in modo casuale, creando una texture visiva sottile che invita al tatto, senza la presenza di venature marcate o motivi sovraccarichi. Questa finitura opaca non solo conferisce un&#8217;eleganza discreta e una bassa brillantezza che riflette la luce in modo delicato, ma esalta anche l&#8217;autenticit\u00e0 di un materiale che sembra una fusione tra un cemento levigato di grana ultrafine e una pietra naturale compatta. La sua versatilit\u00e0 la rende ideale per creare ambienti puliti, minimalisti e contemporanei, che trasmettono una sensazione di calma ed equilibrio.<\/p><p>Realizzata in gres porcellanato, la piastrella ANTID CANBY GREY MT 60X60 RETT garantisce una durabilit\u00e0 eccezionale e una resistenza ineguagliabile, il che la rende una scelta ideale sia per pavimenti che per pareti in qualsiasi stanza della casa, da salotti e camere da letto a cucine e bagni, e persino spazi commerciali ad alto traffico. La sua resistenza all&#8217;usura, all&#8217;umidit\u00e0 e agli sbalzi di temperatura assicura che manterr\u00e0 la sua bellezza inalterata nel tempo con una manutenzione minima. Inoltre, il formato generoso di 60&#215;60 cm, combinato con la sua caratteristica rettifica, permette di installare la piastrella con fughe minime, creando una superficie continua e unificata che amplifica visivamente lo spazio e gli conferisce una sensazione di ampiezza e pulizia incomparabile. La rettifica, un processo di taglio dei bordi con precisione millimetrica, assicura un allineamento perfetto tra le piastrelle, contribuendo a quell&#8217;aspetto coesivo e di alta gamma.<\/p><p>Questo prodotto \u00e8 un&#8217;ode alla semplicit\u00e0 e all&#8217;ordine, unendo la purezza del design con la ricchezza emotiva che evocano i materiali naturali. \u00c8 la scelta prediletta per coloro che cercano di ridefinire la propria casa con uno stile contemporaneo e sofisticato, senza sacrificare il calore n\u00e9 la funzionalit\u00e0. La piastrella ANTID CANBY GREY MT 60X60 RETT non \u00e8 solo un rivestimento, \u00e8 una dichiarazione di intenti che trasforma qualsiasi stanza in un rifugio di calma ed eleganza, connettendosi armoniosamente con gli ambienti pi\u00f9 esigenti e offrendo uno spazio dove il benessere \u00e8 la priorit\u00e0.<\/p>","protected":false},"excerpt":{"rendered":"<p>Piastrella in gres porcellanato opaco ANTID CANBY GREY MT 60X60 RETTLa collezione CANBY, riconosciuta per la sua ispirazione nella bellezza sottile della pietra e per il suo design compatto e raffinato, presenta l&#8217;eccezionale piastrella ANTID CANBY GREY MT 60X60 RETT. Questo pezzo incarna perfettamente l&#8217;essenza della serie, apportando un&#8217;estetica minimalista e una sensazione di benessere [&hellip;]<\/p>\n","protected":false},"featured_media":575149,"comment_status":"open","ping_status":"closed","template":"","meta":[],"product_brand":[],"product_cat":[847,848,846,827],"product_tag":[],"class_list":{"0":"post-580035","1":"product","2":"type-product","3":"status-publish","4":"has-post-thumbnail","6":"product_cat-bagni","7":"product_cat-cucine","8":"product_cat-piastrelle","9":"product_cat-rivestimento","11":"first","12":"outofstock","13":"shipping-taxable","14":"purchasable","15":"product-type-simple"},"_links":{"self":[{"href":"https:\/\/tilefly.com\/it\/wp-json\/wp\/v2\/product\/580035","targetHints":{"allow":["GET"]}}],"collection":[{"href":"https:\/\/tilefly.com\/it\/wp-json\/wp\/v2\/product"}],"about":[{"href":"https:\/\/tilefly.com\/it\/wp-json\/wp\/v2\/types\/product"}],"replies":[{"embeddable":true,"href":"https:\/\/tilefly.com\/it\/wp-json\/wp\/v2\/comments?post=580035"}],"wp:featuredmedia":[{"embeddable":true,"href":"https:\/\/tilefly.com\/it\/wp-json\/wp\/v2\/media\/575149"}],"wp:attachment":[{"href":"https:\/\/tilefly.com\/it\/wp-json\/wp\/v2\/media?parent=580035"}],"wp:term":[{"taxonomy":"product_brand","embeddable":true,"href":"https:\/\/tilefly.com\/it\/wp-json\/wp\/v2\/product_brand?post=580035"},{"taxonomy":"product_cat","embeddable":true,"href":"https:\/\/tilefly.com\/it\/wp-json\/wp\/v2\/product_cat?post=580035"},{"taxonomy":"product_tag","embeddable":true,"href":"https:\/\/tilefly.com\/it\/wp-json\/wp\/v2\/product_tag?post=580035"}],"curies":[{"name":"wp","href":"https:\/\/api.w.org\/{rel}","templated":true}]}}