{"id":580034,"date":"2025-07-17T18:27:37","date_gmt":"2025-07-17T16:27:37","guid":{"rendered":"https:\/\/tilefly.com\/producto\/antid-canby-sand-mt-60x60-rect\/"},"modified":"2025-10-21T13:59:52","modified_gmt":"2025-10-21T11:59:52","slug":"antid-canby-sand-mt-60x60-rect","status":"publish","type":"product","link":"https:\/\/tilefly.com\/it\/prodotto\/antid-canby-sand-mt-60x60-rect\/","title":{"rendered":"ANTID CANBY SAND MT 60X60 RECT"},"content":{"rendered":"<h2>Piastrella in gres porcellanato opaco ANTID CANBY SAND MT 60X60 RETT<\/h2><p>Scopri l&#8217;essenza della serenit\u00e0 e del design contemporaneo con la serie <a href='https:\/\/tilefly.com\/it\/prodotto\/canby'>CANBY<\/a>, una collezione che ridefinisce l&#8217;estetica minimalista ispirandosi alla bellezza intrinseca di una pietra dalla texture sottile. Ogni pezzo di questa serie si distingue per il suo design compatto e raffinato, dove la semplicit\u00e0 diventa la massima espressione di sofisticazione. La <a href='https:\/\/tilefly.com\/it\/prodotto\/canby'>CANBY<\/a> non solo abbellisce i tuoi spazi, ma crea anche un ambiente di benessere e comfort, fondendo la purezza del design con il calore e la ricchezza emotiva dei materiali naturali, connettendosi armoniosamente con ambienti moderni.<\/p><p>All&#8217;interno di questa eccezionale collezione, presentiamo il modello <strong>ANTID CANBY SAND MT 60X60 RETT<\/strong>, una <a href=\"https:\/\/tilefly.com\/it\/piastrelle\/\">piastrella<\/a> in gres porcellanato smaltato che racchiude la filosofia della serie. Il suo colore &#8220;Sabbia&#8221; \u00e8 una tavolozza cromatica neutra e squisitamente tenue, tra un bianco sporco, beige pallido e grigio perla di tonalit\u00e0 calda. Questa scelta, unita alla sua finitura opaca, non solo dona una luminosit\u00e0 eccezionale a qualsiasi ambiente, ma genera anche una sensazione di ampiezza e continuit\u00e0 visiva ineguagliabile, ideale per creare atmosfere avvolgenti e rilassanti. Realizzata in gres porcellanato di alta qualit\u00e0, questa piastrella offre una resistenza superiore e una durata prolungata, adatta sia per pavimenti che per pareti in qualsiasi spazio interno o esterno coperto, garantendo prestazioni impeccabili nel tempo.<\/p><p>Il formato di 60&#215;60 cm dell&#8217;ANTID CANBY SAND \u00e8 una dichiarazione di modernit\u00e0 e ampiezza, riducendo al minimo le fughe e contribuendo a una sensazione di superficie continua e unificata. La sua caratteristica rettificata assicura bordi tagliati con precisione millimetrica, consentendo un&#8217;installazione con fughe minime (1-2mm) che esalta l&#8217;eleganza dell&#8217;insieme, creando un aspetto quasi monolitico. Il suo design \u00e8 uniformemente sottile, senza motivi prominenti; al suo posto, esibisce una texture superficiale finemente granulata e omogenea. Questa delicatezza, quasi impercettibile a prima vista, le conferisce un aspetto leggermente screziato o &#8220;sale e pepe&#8221; su micro scala, evocando la finezza del microcemento o di una pietra naturale con particelle uniformemente distribuite. Questa imitazione di pietra e cemento, discreta e sofisticata, \u00e8 la chiave del suo fascino minimalista e contemporaneo, adattabile a molteplici stili decorativi.<\/p><p>La versatilit\u00e0 della piastrella ANTID CANBY SAND MT \u00e8 la sua maggiore forza. La sua natura monocromatica e la raffinatezza della sua texture la rendono un&#8217;opzione ideale per progetti che cercano uno sfondo neutro ma con carattere, in grado di esaltare altri elementi decorativi. \u00c8 la base perfetta per generare ambienti aperti, luminosi e con una spiccata personalit\u00e0. Che si tratti di una casa, un ufficio o uno spazio commerciale, questo gres porcellanato offre una soluzione estetica e funzionale che si adatta alle esigenze della vita moderna, apportando calore, ordine e un innegabile senso di benessere, consolidando cos\u00ec la promessa della serie <a href='https:\/\/tilefly.com\/it\/prodotto\/canby'>CANBY<\/a> di trasformare gli spazi in santuari di calma e bellezza.<\/p>","protected":false},"excerpt":{"rendered":"<p>Piastrella in gres porcellanato opaco ANTID CANBY SAND MT 60X60 RETTScopri l&#8217;essenza della serenit\u00e0 e del design contemporaneo con la serie CANBY, una collezione che ridefinisce l&#8217;estetica minimalista ispirandosi alla bellezza intrinseca di una pietra dalla texture sottile. Ogni pezzo di questa serie si distingue per il suo design compatto e raffinato, dove la semplicit\u00e0 [&hellip;]<\/p>\n","protected":false},"featured_media":575162,"comment_status":"open","ping_status":"closed","template":"","meta":[],"product_brand":[],"product_cat":[847,848,846,827],"product_tag":[],"class_list":{"0":"post-580034","1":"product","2":"type-product","3":"status-publish","4":"has-post-thumbnail","6":"product_cat-bagni","7":"product_cat-cucine","8":"product_cat-piastrelle","9":"product_cat-rivestimento","11":"first","12":"outofstock","13":"shipping-taxable","14":"purchasable","15":"product-type-simple"},"_links":{"self":[{"href":"https:\/\/tilefly.com\/it\/wp-json\/wp\/v2\/product\/580034","targetHints":{"allow":["GET"]}}],"collection":[{"href":"https:\/\/tilefly.com\/it\/wp-json\/wp\/v2\/product"}],"about":[{"href":"https:\/\/tilefly.com\/it\/wp-json\/wp\/v2\/types\/product"}],"replies":[{"embeddable":true,"href":"https:\/\/tilefly.com\/it\/wp-json\/wp\/v2\/comments?post=580034"}],"wp:featuredmedia":[{"embeddable":true,"href":"https:\/\/tilefly.com\/it\/wp-json\/wp\/v2\/media\/575162"}],"wp:attachment":[{"href":"https:\/\/tilefly.com\/it\/wp-json\/wp\/v2\/media?parent=580034"}],"wp:term":[{"taxonomy":"product_brand","embeddable":true,"href":"https:\/\/tilefly.com\/it\/wp-json\/wp\/v2\/product_brand?post=580034"},{"taxonomy":"product_cat","embeddable":true,"href":"https:\/\/tilefly.com\/it\/wp-json\/wp\/v2\/product_cat?post=580034"},{"taxonomy":"product_tag","embeddable":true,"href":"https:\/\/tilefly.com\/it\/wp-json\/wp\/v2\/product_tag?post=580034"}],"curies":[{"name":"wp","href":"https:\/\/api.w.org\/{rel}","templated":true}]}}