{"id":580032,"date":"2025-07-18T01:10:29","date_gmt":"2025-07-17T23:10:29","guid":{"rendered":"https:\/\/tilefly.com\/producto\/fortune-ivory-mt-60x60-rect\/"},"modified":"2025-10-21T13:59:33","modified_gmt":"2025-10-21T11:59:33","slug":"fortune-ivory-mt-60x60-rect","status":"publish","type":"product","link":"https:\/\/tilefly.com\/it\/prodotto\/fortune-ivory-mt-60x60-rect\/","title":{"rendered":"FORTUNE IVORY MT 60X60 RECT"},"content":{"rendered":"<h2>Azulejo Porcellanato Opaco FORTUNE IVORY MT 60X60 RECT<\/h2><p>Scopra la squisitezza senza tempo della <a href=\"https:\/\/tilefly.com\/it\/piastrelle\/\">piastrella<\/a> FORTUNE IVORY MT 60X60 RECT, un capolavoro che fonde l&#8217;innovazione contemporanea con la bellezza classica della pietra naturale. Questa straordinaria piastrella in gres porcellanato smaltato opaco \u00e8 progettata per evocare la serena eleganza del travertino tagliato al verso, offrendo una tela sublime per i suoi spazi interni.<\/p><p>Il colore principale di questa piastrella \u00e8 un accattivante tono Avorio, un beige molto chiaro che si inclina verso il crema o anche un bianco sporco. Lungi dall&#8217;essere un colore piatto, il FORTUNE IVORY presenta sottili variazioni tonali che conferiscono una profondit\u00e0 e un realismo ineguagliabili a ogni pezzo. Il suo design \u00e8 caratterizzato da un motivo distintivo di venature e fasce orizzontali, morbide e organiche, che percorrono delicatamente tutta la superficie. Queste formazioni replicano con maestria gli strati sedimentari caratteristici del travertino, creando una sensazione di movimento e naturalezza che trasforma qualsiasi ambiente in un rifugio di calma e sofisticazione. A differenza delle venature marcate del marmo, qui troviamo fusioni leggere e variazioni di intensit\u00e0 che vanno da toni leggermente pi\u00f9 caldi a sfumature quasi impercettibili di grigiastro, costruendo una tavolozza visiva ricca e avvolgente.<\/p><p>Con un generoso formato di 60&#215;60 cm, la piastrella FORTUNE IVORY MT \u00e8 perfettamente versatile, ideale sia per rivestire pavimenti che pareti, donando a qualsiasi stanza, da saloni e camere da letto a cucine e bagni, una coesione estetica impeccabile. La sua natura rettificata garantisce che ogni bordo sia preciso e perfettamente squadrato, consentendo l&#8217;installazione con fughe minime che risultano in una superficie praticamente continua. Questo effetto di &#8220;unione perfetta&#8221; amplifica la sensazione di ampiezza e pulizia, contribuendo a un design interno pi\u00f9 depurato e moderno.<\/p><p>Realizzata in gres porcellanato, questa piastrella si distingue per la sua eccezionale durata e resistenza all&#8217;usura, all&#8217;umidit\u00e0 e alle macchie, il che la rende un&#8217;opzione pratica e a bassa manutenzione per zone di alto traffico e ambienti esigenti. La finitura Opaca, intrinseca a questo pezzo, rafforza il suo aspetto naturale e senza tempo, eliminando qualsiasi brillantezza eccessiva e fornendo una texture visuale che invita al tatto. Questa finitura non solo \u00e8 esteticamente piacevole, ma contribuisce anche a una maggiore sicurezza riducendo il rischio di scivolamenti.<\/p><p>La collezione FORTUNE, a cui appartiene questa piastrella, \u00e8 stata concepita per evocare lo spirito di un cemento vivo, caldo e innovativo, ma in questa variante specifica, \u00e8 stata reinterpretata quella essenza attraverso l&#8217;imitazione del travertino. Mantenendo la filosofia di un aspetto sobrio e minimalista, nonch\u00e9 una superficie morbida al tatto, le irregolarit\u00e0 dei dettagli grafici si accompagnano armoniosamente a un effetto creativo speciale che apporta un gioco di luci inconfondibile. La FORTUNE IVORY MT 60X60 RECT non \u00e8 solo una piastrella; \u00e8 una dichiarazione di stile che riveste e d\u00e0 carattere a qualsiasi spazio, creando soluzioni di decorazione innovative e cosmopolite. Scopra la serie completa e le sue possibilit\u00e0 nel seguente link: <a href='https:\/\/tilefly.com\/it\/prodotto\/fortune'>FORTUNE<\/a>.<\/p>","protected":false},"excerpt":{"rendered":"<p>Azulejo Porcellanato Opaco FORTUNE IVORY MT 60X60 RECTScopra la squisitezza senza tempo della piastrella FORTUNE IVORY MT 60X60 RECT, un capolavoro che fonde l&#8217;innovazione contemporanea con la bellezza classica della pietra naturale. Questa straordinaria piastrella in gres porcellanato smaltato opaco \u00e8 progettata per evocare la serena eleganza del travertino tagliato al verso, offrendo una tela [&hellip;]<\/p>\n","protected":false},"featured_media":575260,"comment_status":"open","ping_status":"closed","template":"","meta":[],"product_brand":[],"product_cat":[847,848,846,827],"product_tag":[],"class_list":{"0":"post-580032","1":"product","2":"type-product","3":"status-publish","4":"has-post-thumbnail","6":"product_cat-bagni","7":"product_cat-cucine","8":"product_cat-piastrelle","9":"product_cat-rivestimento","11":"first","12":"instock","13":"shipping-taxable","14":"purchasable","15":"product-type-simple"},"_links":{"self":[{"href":"https:\/\/tilefly.com\/it\/wp-json\/wp\/v2\/product\/580032","targetHints":{"allow":["GET"]}}],"collection":[{"href":"https:\/\/tilefly.com\/it\/wp-json\/wp\/v2\/product"}],"about":[{"href":"https:\/\/tilefly.com\/it\/wp-json\/wp\/v2\/types\/product"}],"replies":[{"embeddable":true,"href":"https:\/\/tilefly.com\/it\/wp-json\/wp\/v2\/comments?post=580032"}],"wp:featuredmedia":[{"embeddable":true,"href":"https:\/\/tilefly.com\/it\/wp-json\/wp\/v2\/media\/575260"}],"wp:attachment":[{"href":"https:\/\/tilefly.com\/it\/wp-json\/wp\/v2\/media?parent=580032"}],"wp:term":[{"taxonomy":"product_brand","embeddable":true,"href":"https:\/\/tilefly.com\/it\/wp-json\/wp\/v2\/product_brand?post=580032"},{"taxonomy":"product_cat","embeddable":true,"href":"https:\/\/tilefly.com\/it\/wp-json\/wp\/v2\/product_cat?post=580032"},{"taxonomy":"product_tag","embeddable":true,"href":"https:\/\/tilefly.com\/it\/wp-json\/wp\/v2\/product_tag?post=580032"}],"curies":[{"name":"wp","href":"https:\/\/api.w.org\/{rel}","templated":true}]}}