{"id":580031,"date":"2025-07-18T01:10:32","date_gmt":"2025-07-17T23:10:32","guid":{"rendered":"https:\/\/tilefly.com\/producto\/fortune-pearl-mt-60x60-rect\/"},"modified":"2025-10-21T13:59:23","modified_gmt":"2025-10-21T11:59:23","slug":"fortune-pearl-mt-60x60-rect","status":"publish","type":"product","link":"https:\/\/tilefly.com\/it\/prodotto\/fortune-pearl-mt-60x60-rect\/","title":{"rendered":"FORTUNE PEARL MT 60X60 RECT"},"content":{"rendered":"<h2>Azulejo Porcel\u00e1nico Mate FORTUNE PEARL MT 60X60 RECT<\/h2><p>La <a href=\"https:\/\/tilefly.com\/it\/piastrelle\/\">piastrella<\/a> in porcellanato FORTUNE PEARL MT 60X60 RECT incarna l&#8217;eleganza raffinata e lo spirito innovativo della serie <a href='https:\/\/tilefly.com\/it\/prodotto\/fortune'>FORTUNE<\/a>. Questo pezzo squisito affascina con la sua delicata tonalit\u00e0 &#8220;Perla&#8221;, un grigio chiarissimo quasi bianco che apporta luminosit\u00e0 e ampiezza a qualsiasi spazio. Il suo design evoca magistralmente l&#8217;essenza di un cemento vivo, fondendo un minimalismo sobrio con un carattere caldo e accogliente, ideale per creare soluzioni decorative innovative e cosmopolite. L&#8217;effetto creativo speciale della superficie genera un gioco di luci inconfondibile, dando vita a ogni centimetro della piastrella.<\/p><p>Ci\u00f2 che realmente distingue FORTUNE PEARL \u00e8 la sua notevole imitazione di pietra naturale, specificamente un travertino a taglio venato. La superficie rivela un pattern sofisticato di fini e discrete venature lineari che percorrono orizzontalmente la piastrella. Queste sottili linee parallele, con leggere variazioni di intensit\u00e0 e ombra, creano una texture visuale morbida e un&#8217;impressionante sensazione di profondit\u00e0 naturale. La finitura opaca, soffice al tatto, esalta questa estetica contemporanea ed elegante, riducendo il riverbero e promuovendo un&#8217;atmosfera serena e accogliente. Questo design versatile \u00e8 perfetto per apportare una sensazione di calma e sofisticazione.<\/p><p>Fabbricato in porcellanato smaltato rettificato di alta qualit\u00e0, FORTUNE PEARL MT 60X60 RECT offre una durabilit\u00e0 e versatilit\u00e0 ineguagliabili. Il suo formato di 60&#215;60 cm \u00e8 ideale per generare superfici ampie e continue, sia a pavimento che a parete. Il processo di rettifica assicura bordi perfettamente diritti, permettendo giunti minimi che contribuiscono a un&#8217;apparenza fluida e senza interruzioni, esaltando la percezione di spazio e continuit\u00e0. Questo materiale robusto \u00e8 adatto per applicazioni residenziali e commerciali, resistendo all&#8217;usura quotidiana mantenendo il suo aspetto impeccabile con facilit\u00e0.<\/p><p>La palette di colori &#8220;Perla&#8221;, combinata con la sua distintiva imitazione di pietra lineare, rende questa piastrella una scelta incredibilmente versatile. \u00c8 perfetta per trasformare spazi con stili minimalisti, contemporanei o scandinavi, dove si valora la chiarezza, la semplicit\u00e0 e gli elementi naturali. La tonalit\u00e0 &#8220;Perla&#8221; e la sofisticata texture contribuiscono a creare un santuario tranquillo, elevando l&#8217;ambiente di saloni, camere da letto, cucine e bagni. Scegliere FORTUNE PEARL significa investire in una base che \u00e8 tanto esteticamente accattivante quanto funzionalmente superiore, promettendo una bellezza duratura che si adatta alle tendenze di design in costante evoluzione.<\/p>","protected":false},"excerpt":{"rendered":"<p>Azulejo Porcel\u00e1nico Mate FORTUNE PEARL MT 60X60 RECTLa piastrella in porcellanato FORTUNE PEARL MT 60X60 RECT incarna l&#8217;eleganza raffinata e lo spirito innovativo della serie FORTUNE. Questo pezzo squisito affascina con la sua delicata tonalit\u00e0 &#8220;Perla&#8221;, un grigio chiarissimo quasi bianco che apporta luminosit\u00e0 e ampiezza a qualsiasi spazio. Il suo design evoca magistralmente l&#8217;essenza [&hellip;]<\/p>\n","protected":false},"featured_media":575273,"comment_status":"open","ping_status":"closed","template":"","meta":[],"product_brand":[],"product_cat":[847,848,846,827],"product_tag":[],"class_list":{"0":"post-580031","1":"product","2":"type-product","3":"status-publish","4":"has-post-thumbnail","6":"product_cat-bagni","7":"product_cat-cucine","8":"product_cat-piastrelle","9":"product_cat-rivestimento","11":"first","12":"instock","13":"shipping-taxable","14":"purchasable","15":"product-type-simple"},"_links":{"self":[{"href":"https:\/\/tilefly.com\/it\/wp-json\/wp\/v2\/product\/580031","targetHints":{"allow":["GET"]}}],"collection":[{"href":"https:\/\/tilefly.com\/it\/wp-json\/wp\/v2\/product"}],"about":[{"href":"https:\/\/tilefly.com\/it\/wp-json\/wp\/v2\/types\/product"}],"replies":[{"embeddable":true,"href":"https:\/\/tilefly.com\/it\/wp-json\/wp\/v2\/comments?post=580031"}],"wp:featuredmedia":[{"embeddable":true,"href":"https:\/\/tilefly.com\/it\/wp-json\/wp\/v2\/media\/575273"}],"wp:attachment":[{"href":"https:\/\/tilefly.com\/it\/wp-json\/wp\/v2\/media?parent=580031"}],"wp:term":[{"taxonomy":"product_brand","embeddable":true,"href":"https:\/\/tilefly.com\/it\/wp-json\/wp\/v2\/product_brand?post=580031"},{"taxonomy":"product_cat","embeddable":true,"href":"https:\/\/tilefly.com\/it\/wp-json\/wp\/v2\/product_cat?post=580031"},{"taxonomy":"product_tag","embeddable":true,"href":"https:\/\/tilefly.com\/it\/wp-json\/wp\/v2\/product_tag?post=580031"}],"curies":[{"name":"wp","href":"https:\/\/api.w.org\/{rel}","templated":true}]}}