{"id":580027,"date":"2025-07-18T01:10:41","date_gmt":"2025-07-17T23:10:41","guid":{"rendered":"https:\/\/tilefly.com\/producto\/fortune-pearl-mt-60x120-rect\/"},"modified":"2025-10-21T13:58:44","modified_gmt":"2025-10-21T11:58:44","slug":"fortune-pearl-mt-60x120-rect","status":"publish","type":"product","link":"https:\/\/tilefly.com\/it\/prodotto\/fortune-pearl-mt-60x120-rect\/","title":{"rendered":"FORTUNE PEARL MT 60X120 RECT"},"content":{"rendered":"<h2>Azulejo Porcel\u00e1nico Mate FORTUNE PEARL MT 60X120 RECT<\/h2><p>Scopri l&#8217;essenza della sofisticazione senza tempo con il rivestimento FORTUNE PEARL MT 60X120 RECT, un capolavoro della serie <a href='https:\/\/tilefly.com\/it\/prodotto\/fortune'>FORTUNE<\/a> che ridefinisce l&#8217;eleganza in ogni spazio. Questa splendida <a href=\"https:\/\/tilefly.com\/it\/piastrelle\/\">piastrella<\/a> di grande formato (60&#215;120 cm) \u00e8 progettata per creare ambienti ampi e continui, perfetta per pavimenti e pareti in qualsiasi stanza della tua casa o progetto commerciale.<\/p><p>Il colore &#8220;Perla&#8221; \u00e8 un&#8217;ode alla luminosit\u00e0 e alla neutralit\u00e0. Si tratta di un bianco sporco o grigio molto chiaro, con sfumature che evocano un bianco panna o un beige pallido, conferendo una versatilit\u00e0 ineguagliabile per integrarsi in diverse palette di colori e stili decorativi. Ci\u00f2 che distingue realmente FORTUNE PEARL \u00e8 il suo design, ispirato alla delicatezza della pietra naturale. A differenza di un cemento o marmo, questa piastrella riproduce con maestria la venatura lineare orizzontale, sottile ed elegante, di pietre come il travertino tagliato alla vena o un&#8217;arenaria. Le sue venature sono fini e allungate, con leggerissime variazioni tonali che creano un effetto di stratificazione morbida e omogenea, apportando una profondit\u00e0 visiva discreta ma accattivante, che genera un gioco di luci inconfondibile, proprio come evoca la collezione FORTUNE.<\/p><p>Realizzata in porcellanato smaltato opaco, la piastrella FORTUNE PEARL MT 60X120 RECT garantisce durabilit\u00e0 e resistenza eccezionali, essendo una scelta ottimale per zone ad alto traffico, bagni, cucine e saloni. La sua finitura opaca esalta il suo aspetto naturale e sobrio, eliminando riflessi intensi e fornendo una sensazione tattile morbida e piacevole, oltre a facilitarne la manutenzione. Essendo rettificata, possiede bordi tagliati con precisione che permettono un&#8217;installazione con fughe minime, ottenendo una superficie quasi senza interruzioni, il che amplifica la sensazione di ampiezza e pulizia. Questo formato e finitura contribuiscono a creare ambienti puliti, moderni, minimalisti e atemporali, offrendo una soluzione che combina la bellezza intrinseca della pietra naturale con la resistenza e praticit\u00e0 della ceramica pi\u00f9 avanzata. Se cerchi di dare carattere e trasformare il tuo ambiente in un&#8217;oasi di calma e stile, questa piastrella \u00e8 la scelta perfetta per le tue idee di design con un tocco di distinzione.<\/p>","protected":false},"excerpt":{"rendered":"<p>Azulejo Porcel\u00e1nico Mate FORTUNE PEARL MT 60X120 RECTScopri l&#8217;essenza della sofisticazione senza tempo con il rivestimento FORTUNE PEARL MT 60X120 RECT, un capolavoro della serie FORTUNE che ridefinisce l&#8217;eleganza in ogni spazio. Questa splendida piastrella di grande formato (60&#215;120 cm) \u00e8 progettata per creare ambienti ampi e continui, perfetta per pavimenti e pareti in qualsiasi [&hellip;]<\/p>\n","protected":false},"featured_media":575325,"comment_status":"open","ping_status":"closed","template":"","meta":[],"product_brand":[],"product_cat":[847,848,846,827],"product_tag":[],"class_list":{"0":"post-580027","1":"product","2":"type-product","3":"status-publish","4":"has-post-thumbnail","6":"product_cat-bagni","7":"product_cat-cucine","8":"product_cat-piastrelle","9":"product_cat-rivestimento","11":"first","12":"instock","13":"shipping-taxable","14":"purchasable","15":"product-type-simple"},"_links":{"self":[{"href":"https:\/\/tilefly.com\/it\/wp-json\/wp\/v2\/product\/580027","targetHints":{"allow":["GET"]}}],"collection":[{"href":"https:\/\/tilefly.com\/it\/wp-json\/wp\/v2\/product"}],"about":[{"href":"https:\/\/tilefly.com\/it\/wp-json\/wp\/v2\/types\/product"}],"replies":[{"embeddable":true,"href":"https:\/\/tilefly.com\/it\/wp-json\/wp\/v2\/comments?post=580027"}],"wp:featuredmedia":[{"embeddable":true,"href":"https:\/\/tilefly.com\/it\/wp-json\/wp\/v2\/media\/575325"}],"wp:attachment":[{"href":"https:\/\/tilefly.com\/it\/wp-json\/wp\/v2\/media?parent=580027"}],"wp:term":[{"taxonomy":"product_brand","embeddable":true,"href":"https:\/\/tilefly.com\/it\/wp-json\/wp\/v2\/product_brand?post=580027"},{"taxonomy":"product_cat","embeddable":true,"href":"https:\/\/tilefly.com\/it\/wp-json\/wp\/v2\/product_cat?post=580027"},{"taxonomy":"product_tag","embeddable":true,"href":"https:\/\/tilefly.com\/it\/wp-json\/wp\/v2\/product_tag?post=580027"}],"curies":[{"name":"wp","href":"https:\/\/api.w.org\/{rel}","templated":true}]}}