{"id":580026,"date":"2025-07-18T01:10:43","date_gmt":"2025-07-17T23:10:43","guid":{"rendered":"https:\/\/tilefly.com\/producto\/fortune-ivory-mt-60x120-rect\/"},"modified":"2025-10-21T13:58:36","modified_gmt":"2025-10-21T11:58:36","slug":"fortune-ivory-mt-60x120-rect","status":"publish","type":"product","link":"https:\/\/tilefly.com\/it\/prodotto\/fortune-ivory-mt-60x120-rect\/","title":{"rendered":"FORTUNE IVORY MT 60X120 RECT"},"content":{"rendered":"<h2>Azulejo Porcellanato Opaco FORTUNE IVORY MT 60X120 RECT<\/h2><p>Scopri l&#8217;essenza della sofisticazione naturale con la <a href=\"https:\/\/tilefly.com\/it\/piastrelle\/\">piastrella<\/a> FORTUNE IVORY MT 60X120 RECT, un pezzo che incarna alla perfezione lo spirito caldo e innovativo della serie <a href='https:\/\/tilefly.com\/it\/prodotto\/fortune'>FORTUNE<\/a>. Questo porcellanato smaltato, con la sua finitura opaca, ridefinisce il concetto di eleganza senza tempo, trasformando qualsiasi spazio in un santuario di calma e stile. Il suo colore avorio, un beige chiaro e delicato con sfumature calde che evocano la sabbia pallida e la crema, funge da tela serena e luminosa, apportando ampiezza e una sensazione di benessere alla tua casa o progetto.<\/p><p>La caratteristica pi\u00f9 importante di questa piastrella \u00e8 la sua magistrale imitazione di pietra naturale, nello specifico il travertino tagliato a vena, conosciuto come &#8216;vein-cut&#8217;. A differenza di altri design, FORTUNE IVORY riproduce fedelmente le venature orizzontali e irregolari che solo la natura pu\u00f2 creare. Queste ondulazioni, interruzioni e variazioni nello spessore e nella definizione delle venature apportano un dinamismo e un realismo eccezionali, senza assomigliare al legno, al cemento o ai marmi con venature casuali. La ricchezza visiva del suo motivo lineare \u00e8 sottile ma profonda, invitando all&#8217;osservazione e al tatto, suggerendo una superficie liscia ma con un&#8217;intrinseca sensazione di profondit\u00e0 organica.<\/p><p>Realizzata in materiale porcellanato, la piastrella FORTUNE IVORY MT 60X120 RECT \u00e8 la scelta ideale sia per pavimenti che per pareti. Il porcellanato \u00e8 riconosciuto per la sua straordinaria resistenza all&#8217;usura, all&#8217;umidit\u00e0 e alle macchie, il che la rende una soluzione duratura e di bassa manutenzione, perfetta per zone di alto transito in ambienti residenziali e commerciali. Il suo formato rettangolare di 60&#215;120 cm, sommato alla sua condizione di piastrella rettificata, permette un&#8217;installazione con giunti minimi. Questo design rettificato non solo facilita la creazione di superfici continue e visivamente ampie, ma esalta anche la modernit\u00e0 dello spazio, apportando un&#8217;estetica pulita e contemporanea che si adatta a diversi stili, dai pi\u00f9 minimalisti ai classici rinnovati.<\/p><p>La finitura opaca di questo pezzo non \u00e8 solo una scelta estetica; \u00e8 una dichiarazione di intenti. Lontano dalle lucentezze eccessive, la finitura opaca potenzia l&#8217;autenticit\u00e0 del design di travertino, disperdendo la luce in modo delicato ed elegante, e minimizzando i riflessi indesiderati. Questa qualit\u00e0 contribuisce a creare ambienti accoglienti e rilassanti, dove la luce naturale interagisce sottilmente con la superficie, risaltando la bellezza delle sue venature senza stridori. FORTUNE IVORY MT 60X120 RECT \u00e8 pi\u00f9 di una piastrella; \u00e8 un elemento di design che apporta carattere, atemporalit\u00e0 e una bellezza naturale inconfondibile, perfetta per coloro che cercano la sofisticazione serena e la funzionalit\u00e0 impeccabile in ogni angolo della loro casa.<\/p>","protected":false},"excerpt":{"rendered":"<p>Azulejo Porcellanato Opaco FORTUNE IVORY MT 60X120 RECTScopri l&#8217;essenza della sofisticazione naturale con la piastrella FORTUNE IVORY MT 60X120 RECT, un pezzo che incarna alla perfezione lo spirito caldo e innovativo della serie FORTUNE. Questo porcellanato smaltato, con la sua finitura opaca, ridefinisce il concetto di eleganza senza tempo, trasformando qualsiasi spazio in un santuario [&hellip;]<\/p>\n","protected":false},"featured_media":575338,"comment_status":"open","ping_status":"closed","template":"","meta":[],"product_brand":[],"product_cat":[847,848,846,827],"product_tag":[],"class_list":{"0":"post-580026","1":"product","2":"type-product","3":"status-publish","4":"has-post-thumbnail","6":"product_cat-bagni","7":"product_cat-cucine","8":"product_cat-piastrelle","9":"product_cat-rivestimento","11":"first","12":"instock","13":"shipping-taxable","14":"purchasable","15":"product-type-simple"},"_links":{"self":[{"href":"https:\/\/tilefly.com\/it\/wp-json\/wp\/v2\/product\/580026","targetHints":{"allow":["GET"]}}],"collection":[{"href":"https:\/\/tilefly.com\/it\/wp-json\/wp\/v2\/product"}],"about":[{"href":"https:\/\/tilefly.com\/it\/wp-json\/wp\/v2\/types\/product"}],"replies":[{"embeddable":true,"href":"https:\/\/tilefly.com\/it\/wp-json\/wp\/v2\/comments?post=580026"}],"wp:featuredmedia":[{"embeddable":true,"href":"https:\/\/tilefly.com\/it\/wp-json\/wp\/v2\/media\/575338"}],"wp:attachment":[{"href":"https:\/\/tilefly.com\/it\/wp-json\/wp\/v2\/media?parent=580026"}],"wp:term":[{"taxonomy":"product_brand","embeddable":true,"href":"https:\/\/tilefly.com\/it\/wp-json\/wp\/v2\/product_brand?post=580026"},{"taxonomy":"product_cat","embeddable":true,"href":"https:\/\/tilefly.com\/it\/wp-json\/wp\/v2\/product_cat?post=580026"},{"taxonomy":"product_tag","embeddable":true,"href":"https:\/\/tilefly.com\/it\/wp-json\/wp\/v2\/product_tag?post=580026"}],"curies":[{"name":"wp","href":"https:\/\/api.w.org\/{rel}","templated":true}]}}