{"id":580025,"date":"2025-07-18T01:10:46","date_gmt":"2025-07-17T23:10:46","guid":{"rendered":"https:\/\/tilefly.com\/producto\/fortune-natural-mt-30x60-rect\/"},"modified":"2025-10-21T13:58:27","modified_gmt":"2025-10-21T11:58:27","slug":"fortune-natural-mt-30x60-rect","status":"publish","type":"product","link":"https:\/\/tilefly.com\/it\/prodotto\/fortune-natural-mt-30x60-rect\/","title":{"rendered":"FORTUNE NATURAL MT 30X60 RECT"},"content":{"rendered":"<h2>Azulejo Porcel\u00e1nico Mate FORTUNE NATURAL MT 30X60 RECT<\/h2><p>Scopri la sofisticazione naturale con il gres porcellanato FORTUNE NATURAL MT 30X60 RECT, un pezzo progettato per trasformare qualsiasi spazio. Questo gres porcellanato smaltato opaco, in formato 30&#215;60 cm con bordi rettificati, consente un&#8217;installazione impeccabile con fughe minime, ideale per pavimenti e pareti. Il suo design imita magistralmente il travertino naturale tagliato a favore della vena (&#8220;vein-cut&#8221;), fondendo la bellezza classica della pietra con gli ineguagliabili vantaggi della ceramica ad alta tecnologia.<\/p><p>La palette di colori di FORTUNE NATURAL MT \u00e8 una testimonianza della sua bellezza organica. Predomina un beige molto chiaro e caldo, che evoca sabbia pallida o tonalit\u00e0 cremose. Si apprezzano sottili variazioni tonali, dai bianchi sporchi e sfumature color osso ai beige pi\u00f9 profondi e delicati tocchi di grigi talpa o verdognoli molto tenui nelle venature marcate. Questa gradazione cromatica apporta luminosit\u00e0, neutralit\u00e0 e una qualit\u00e0 intrinsecamente organica, creando una tela perfetta per qualsiasi stile decorativo.<\/p><p>Il suo fascino risiede in un motivo lineare e striato orizzontale che simula gli strati sedimentari del travertino. Lungi dall&#8217;essere uniformi, queste venature mostrano ondulazioni organiche e sottili variazioni di spessore e intensit\u00e0 del colore, generando una texture visiva ricca e autentica. Ogni <a href=\"https:\/\/tilefly.com\/it\/piastrelle\/\">piastrella<\/a> \u00e8 un&#8217;opera d&#8217;arte, dove aree pi\u00f9 chiare e diffuse si intrecciano con linee definite e concentrazioni di colore, aggiungendo profondit\u00e0 e movimento. La superficie, con la sua finitura opaca levigata, rinuncia a lucentezze eccessive, puntando su un&#8217;estetica senza tempo che esalta la sensazione di una pietra naturale, liscia al tatto e visivamente ruvida.<\/p><p>Questo gres porcellanato ad alta resistenza non \u00e8 solo bello, ma anche funzionale. La sua natura porcellanata lo rende incredibilmente durevole e resistente all&#8217;usura, ideale per aree ad alto traffico residenziali e commerciali. Come parte della collezione <a href='https:\/\/tilefly.com\/it\/prodotto\/fortune'>FORTUNE<\/a>, condivide la filosofia di un cemento vivo, caldo e innovativo, con un aspetto sobrio e minimalista. Le irregolarit\u00e0 dei dettagli grafici si accompagnano a un effetto creativo speciale che apporta un gioco di luci inconfondibile, rivestendo e dando carattere allo spazio. Il suo design neutro e senza tempo lo rende la scelta perfetta per ambienti che cercano un equilibrio tra l&#8217;eleganza classica e la modernit\u00e0 minimalista, adattandosi senza sforzo a bagni, cucine, saloni e corridoi. Scegli FORTUNE NATURAL MT per un ambiente che irradia calore, serenit\u00e0 e un&#8217;eleganza sottile che perdura.<\/p>","protected":false},"excerpt":{"rendered":"<p>Azulejo Porcel\u00e1nico Mate FORTUNE NATURAL MT 30X60 RECTScopri la sofisticazione naturale con il gres porcellanato FORTUNE NATURAL MT 30X60 RECT, un pezzo progettato per trasformare qualsiasi spazio. Questo gres porcellanato smaltato opaco, in formato 30&#215;60 cm con bordi rettificati, consente un&#8217;installazione impeccabile con fughe minime, ideale per pavimenti e pareti. Il suo design imita magistralmente [&hellip;]<\/p>\n","protected":false},"featured_media":575351,"comment_status":"open","ping_status":"closed","template":"","meta":[],"product_brand":[],"product_cat":[847,848,846,827],"product_tag":[],"class_list":{"0":"post-580025","1":"product","2":"type-product","3":"status-publish","4":"has-post-thumbnail","6":"product_cat-bagni","7":"product_cat-cucine","8":"product_cat-piastrelle","9":"product_cat-rivestimento","11":"first","12":"instock","13":"shipping-taxable","14":"purchasable","15":"product-type-simple"},"_links":{"self":[{"href":"https:\/\/tilefly.com\/it\/wp-json\/wp\/v2\/product\/580025","targetHints":{"allow":["GET"]}}],"collection":[{"href":"https:\/\/tilefly.com\/it\/wp-json\/wp\/v2\/product"}],"about":[{"href":"https:\/\/tilefly.com\/it\/wp-json\/wp\/v2\/types\/product"}],"replies":[{"embeddable":true,"href":"https:\/\/tilefly.com\/it\/wp-json\/wp\/v2\/comments?post=580025"}],"wp:featuredmedia":[{"embeddable":true,"href":"https:\/\/tilefly.com\/it\/wp-json\/wp\/v2\/media\/575351"}],"wp:attachment":[{"href":"https:\/\/tilefly.com\/it\/wp-json\/wp\/v2\/media?parent=580025"}],"wp:term":[{"taxonomy":"product_brand","embeddable":true,"href":"https:\/\/tilefly.com\/it\/wp-json\/wp\/v2\/product_brand?post=580025"},{"taxonomy":"product_cat","embeddable":true,"href":"https:\/\/tilefly.com\/it\/wp-json\/wp\/v2\/product_cat?post=580025"},{"taxonomy":"product_tag","embeddable":true,"href":"https:\/\/tilefly.com\/it\/wp-json\/wp\/v2\/product_tag?post=580025"}],"curies":[{"name":"wp","href":"https:\/\/api.w.org\/{rel}","templated":true}]}}