{"id":580024,"date":"2025-07-18T01:10:48","date_gmt":"2025-07-17T23:10:48","guid":{"rendered":"https:\/\/tilefly.com\/producto\/fortune-natural-mt-60x120-rect\/"},"modified":"2025-10-21T13:58:18","modified_gmt":"2025-10-21T11:58:18","slug":"fortune-natural-mt-60x120-rect","status":"publish","type":"product","link":"https:\/\/tilefly.com\/it\/prodotto\/fortune-natural-mt-60x120-rect\/","title":{"rendered":"FORTUNE NATURAL MT 60X120 RECT"},"content":{"rendered":"<h2>Azulejo Porcel\u00e1nico Mate FORTUNE NATURAL MT 60X120 RECT<\/h2><p>Scopra la maestosit\u00e0 senza tempo e la serenit\u00e0 sofisticata con la <a href=\"https:\/\/tilefly.com\/it\/piastrelle\/\">piastrella<\/a> FORTUNE NATURAL MT 60X120 RECT, un pezzo chiave della nostra esclusiva serie <a href='https:\/\/tilefly.com\/it\/prodotto\/fortune'>FORTUNE<\/a>. Progettata per evocare uno spirito innovativo e caldo, questo modello, con la sua inimitabile imitazione travertino, ridefinisce l&#8217;eleganza e la funzionalit\u00e0 nei rivestimenti, allineandosi alla promessa della serie di creare soluzioni decorative innovative e cosmopolite.<\/p><p>Il colore beige di questa piastrella \u00e8 una testimonianza della sua versatilit\u00e0 e bellezza naturale. Si tratta di un beige molto chiaro, quasi crema, una base neutra e luminosa che arricchisce qualsiasi ambiente. Il suo design emula in modo straordinario il travertino tagliato a favore della vena (vein-cut), presentando bande orizzontali di diverse larghezze e intensit\u00e0. All&#8217;interno di queste venature, si intrecciano armoniosamente toni pi\u00f9 caldi di beige tostato con delicati toni grigiastri o verdognoli pallidi, creando una profondit\u00e0 visiva e un&#8217;organicit\u00e0 possibile solo nella pietra naturale. Questo schema lineare e fluido, con le venature che corrono orizzontalmente, apporta continuit\u00e0 e contribuisce alla percezione di ampiezza nello spazio.<\/p><p>Realizzata in gres porcellanato smaltato di alta qualit\u00e0, la FORTUNE NATURAL MT 60X120 RECT garantisce una durabilit\u00e0 eccezionale e una resistenza ineguagliabile. Il suo materiale porcellanato la rende un&#8217;opzione ideale per chi cerca la bellezza della pietra naturale senza le sue sfide di manutenzione, essendo adatta sia per pavimenti ad alto traffico che per rivestire pareti in qualsiasi stanza della casa o progetto commerciale. Il formato generoso di 60&#215;120 cm, insieme ai suoi bordi rettificati, consente un&#8217;installazione con fughe minime, ottenendo superfici continue che amplificano la sensazione di spazio e apportano una finitura pulita e contemporanea.<\/p><p>La finitura opaca di questa piastrella \u00e8 un&#8217;altra delle sue caratteristiche principali. Lontano da lucentezze eccessive, la superficie simula una texture finemente granulata o porosa, tipica del travertino, ma con la morbidezza al tatto che caratterizza la nostra serie. Questa finitura non solo esalta il suo aspetto naturale e lapideo, ma offre un tocco sobrio e minimalista, ottimizzando l&#8217;interazione della luce per creare un gioco di ombre e rilievi sottili. L&#8217;imitazione di pietra travertino, combinata con la sua palette di colori neutri e la sua venatura orizzontale distintiva, la rende una scelta senza tempo che si adatta a stili che vanno dal rustico chic alle decorazioni moderne e cosmopolite.<\/p><p>Con FORTUNE NATURAL MT 60X120 RECT, non scegli solo una piastrella; investi in una soluzione decorativa che dona carattere e personalit\u00e0 ai tuoi spazi, trasformandoli in ambienti innovativi, caldi e accoglienti, proprio come promette la filosofia della serie <a href='https:\/\/tilefly.com\/it\/prodotto\/fortune'>FORTUNE<\/a>. \u00c8 la fusione perfetta tra l&#8217;estetica della pietra naturale e la tecnologia ceramica, offrendo una bellezza immutabile e prestazioni superiori.<\/p>","protected":false},"excerpt":{"rendered":"<p>Azulejo Porcel\u00e1nico Mate FORTUNE NATURAL MT 60X120 RECTScopra la maestosit\u00e0 senza tempo e la serenit\u00e0 sofisticata con la piastrella FORTUNE NATURAL MT 60X120 RECT, un pezzo chiave della nostra esclusiva serie FORTUNE. Progettata per evocare uno spirito innovativo e caldo, questo modello, con la sua inimitabile imitazione travertino, ridefinisce l&#8217;eleganza e la funzionalit\u00e0 nei rivestimenti, [&hellip;]<\/p>\n","protected":false},"featured_media":575364,"comment_status":"open","ping_status":"closed","template":"","meta":[],"product_brand":[],"product_cat":[847,848,846,827],"product_tag":[],"class_list":{"0":"post-580024","1":"product","2":"type-product","3":"status-publish","4":"has-post-thumbnail","6":"product_cat-bagni","7":"product_cat-cucine","8":"product_cat-piastrelle","9":"product_cat-rivestimento","11":"first","12":"instock","13":"shipping-taxable","14":"purchasable","15":"product-type-simple"},"_links":{"self":[{"href":"https:\/\/tilefly.com\/it\/wp-json\/wp\/v2\/product\/580024","targetHints":{"allow":["GET"]}}],"collection":[{"href":"https:\/\/tilefly.com\/it\/wp-json\/wp\/v2\/product"}],"about":[{"href":"https:\/\/tilefly.com\/it\/wp-json\/wp\/v2\/types\/product"}],"replies":[{"embeddable":true,"href":"https:\/\/tilefly.com\/it\/wp-json\/wp\/v2\/comments?post=580024"}],"wp:featuredmedia":[{"embeddable":true,"href":"https:\/\/tilefly.com\/it\/wp-json\/wp\/v2\/media\/575364"}],"wp:attachment":[{"href":"https:\/\/tilefly.com\/it\/wp-json\/wp\/v2\/media?parent=580024"}],"wp:term":[{"taxonomy":"product_brand","embeddable":true,"href":"https:\/\/tilefly.com\/it\/wp-json\/wp\/v2\/product_brand?post=580024"},{"taxonomy":"product_cat","embeddable":true,"href":"https:\/\/tilefly.com\/it\/wp-json\/wp\/v2\/product_cat?post=580024"},{"taxonomy":"product_tag","embeddable":true,"href":"https:\/\/tilefly.com\/it\/wp-json\/wp\/v2\/product_tag?post=580024"}],"curies":[{"name":"wp","href":"https:\/\/api.w.org\/{rel}","templated":true}]}}