{"id":580023,"date":"2025-07-18T01:10:50","date_gmt":"2025-07-17T23:10:50","guid":{"rendered":"https:\/\/tilefly.com\/producto\/fortune-natural-60x120-rect-pulido\/"},"modified":"2025-10-21T13:58:08","modified_gmt":"2025-10-21T11:58:08","slug":"fortune-natural-60x120-rect-pulido","status":"publish","type":"product","link":"https:\/\/tilefly.com\/it\/prodotto\/fortune-natural-60x120-rect-pulido\/","title":{"rendered":"FORTUNE NATURAL 60X120 RECT PULIDO"},"content":{"rendered":"<h2>Azulejo Porcellanato Opaco FORTUNE NATURAL 60X120 RETTIFICATO LUCIDATO<\/h2><p>Scopra la maestosit\u00e0 e la serenit\u00e0 che apporta la <a href=\"https:\/\/tilefly.com\/it\/piastrelle\/\">piastrella<\/a> <b>FORTUNE NATURAL 60X120 RETTIFICATO LUCIDATO<\/b>, un pezzo eccezionale che ridefinisce l&#8217;eleganza in qualsiasi spazio. Parte della nostra acclamata serie <a href='https:\/\/tilefly.com\/it\/prodotto\/fortune'>FORTUNE<\/a>, questo porcellanato smaltato lucido evoca l&#8217;inconfondibile bellezza della pietra naturale, trasportando la sofisticazione di un marmo travertino con taglio a favore di vena direttamente nella sua casa o progetto. Il suo design \u00e8 stato meticolosamente concepito per catturare l&#8217;essenza della geologia, offrendo una superficie liscia e uniforme che irradia una luminosit\u00e0 ineguagliabile.<\/p><p>Il colore predominante di questa piastrella \u00e8 un beige chiaro molto tenue, quasi una crema delicata, arricchito con sottili sfumature calde e neutre che le conferiscono una versatilit\u00e0 straordinaria. Ci\u00f2 che veramente distingue FORTUNE NATURAL \u00e8 la sua venatura orizzontale, discreta ma d&#8217;impatto, che percorre tutta la superficie. Queste venature, sottilmente irregolari, presentano leggere variazioni di tono, alternando tra creme pi\u00f9 pallidi e beige leggermente pi\u00f9 intensi. Questo gioco di tonalit\u00e0 non solo aggiunge una profondit\u00e0 visiva eccezionale, ma conferisce anche un realismo sorprendente, replicando alla perfezione la formazione naturale della pietra senza la sua porosit\u00e0 inerente. Il risultato \u00e8 una superficie che non \u00e8 solo visivamente ricca, ma anche piacevole al tatto, una delizia per i sensi.<\/p><p>La finitura lucida di FORTUNE NATURAL 60X120 \u00e8 il suo segno distintivo, apportando una brillantezza riflettente che amplifica la luce naturale e artificiale, facendo sembrare qualsiasi stanza pi\u00f9 grande e luminosa. Questo tipo di finitura non \u00e8 solo esteticamente superiore, ma esalta anche la complessit\u00e0 e il dettaglio della venatura. Fabbricata in materiale porcellanato di alta qualit\u00e0, questa piastrella \u00e8 eccezionalmente robusta e duratura, idonea per rivestire sia pavimenti che pareti in spazi ad alto traffico, siano essi residenziali o commerciali. La sua resistenza all&#8217;abrasione, alle macchie e all&#8217;umidit\u00e0 garantisce una vita utile prolungata con una manutenzione minima. Inoltre, essendo rettificata, i suoi bordi si presentano con un taglio preciso e uniforme, permettendo un&#8217;installazione con giunti minimi che creano una superficie quasi continua, elevando la sensazione di ampiezza e lusso.<\/p><p>Il formato generoso di 60&#215;120 cm \u00e8 ideale per minimizzare le linee di giunta, ci\u00f2 che contribuisce a un aspetto pi\u00f9 fluido e sofisticato, perfetto per ampi saloni, eleganti bagni, corridoi signorili o qualsiasi area che cerchi una dichiarazione di design audace e atemporale. L&#8217;estetica di FORTUNE NATURAL \u00e8 intrinsecamente atemporale, fondendo l&#8217;eleganza classica della pietra con la funzionalit\u00e0 e la durabilit\u00e0 della tecnologia ceramica moderna. \u00c8 la scelta perfetta per chi desidera creare ambienti sereni e sofisticati, un santuario di calma e stile. Con FORTUNE NATURAL, il suo spazio non sar\u00e0 solo un luogo da abitare, ma un&#8217;opera d&#8217;arte, una dichiarazione di gusto squisito che perdura nel tempo. Si immerga nella bellezza e nella resistenza di questa collezione e trasformi il suo ambiente.<\/p>","protected":false},"excerpt":{"rendered":"<p>Azulejo Porcellanato Opaco FORTUNE NATURAL 60X120 RETTIFICATO LUCIDATOScopra la maestosit\u00e0 e la serenit\u00e0 che apporta la piastrella FORTUNE NATURAL 60X120 RETTIFICATO LUCIDATO, un pezzo eccezionale che ridefinisce l&#8217;eleganza in qualsiasi spazio. Parte della nostra acclamata serie FORTUNE, questo porcellanato smaltato lucido evoca l&#8217;inconfondibile bellezza della pietra naturale, trasportando la sofisticazione di un marmo travertino con [&hellip;]<\/p>\n","protected":false},"featured_media":575377,"comment_status":"open","ping_status":"closed","template":"","meta":[],"product_brand":[],"product_cat":[847,848,846,827],"product_tag":[],"class_list":{"0":"post-580023","1":"product","2":"type-product","3":"status-publish","4":"has-post-thumbnail","6":"product_cat-bagni","7":"product_cat-cucine","8":"product_cat-piastrelle","9":"product_cat-rivestimento","11":"first","12":"instock","13":"shipping-taxable","14":"purchasable","15":"product-type-simple"},"_links":{"self":[{"href":"https:\/\/tilefly.com\/it\/wp-json\/wp\/v2\/product\/580023","targetHints":{"allow":["GET"]}}],"collection":[{"href":"https:\/\/tilefly.com\/it\/wp-json\/wp\/v2\/product"}],"about":[{"href":"https:\/\/tilefly.com\/it\/wp-json\/wp\/v2\/types\/product"}],"replies":[{"embeddable":true,"href":"https:\/\/tilefly.com\/it\/wp-json\/wp\/v2\/comments?post=580023"}],"wp:featuredmedia":[{"embeddable":true,"href":"https:\/\/tilefly.com\/it\/wp-json\/wp\/v2\/media\/575377"}],"wp:attachment":[{"href":"https:\/\/tilefly.com\/it\/wp-json\/wp\/v2\/media?parent=580023"}],"wp:term":[{"taxonomy":"product_brand","embeddable":true,"href":"https:\/\/tilefly.com\/it\/wp-json\/wp\/v2\/product_brand?post=580023"},{"taxonomy":"product_cat","embeddable":true,"href":"https:\/\/tilefly.com\/it\/wp-json\/wp\/v2\/product_cat?post=580023"},{"taxonomy":"product_tag","embeddable":true,"href":"https:\/\/tilefly.com\/it\/wp-json\/wp\/v2\/product_tag?post=580023"}],"curies":[{"name":"wp","href":"https:\/\/api.w.org\/{rel}","templated":true}]}}