{"id":580022,"date":"2025-07-18T01:10:53","date_gmt":"2025-07-17T23:10:53","guid":{"rendered":"https:\/\/tilefly.com\/producto\/fortune-ivory-60x120-rect-pulido\/"},"modified":"2025-10-21T13:57:58","modified_gmt":"2025-10-21T11:57:58","slug":"fortune-ivory-60x120-rect-pulido","status":"publish","type":"product","link":"https:\/\/tilefly.com\/it\/prodotto\/fortune-ivory-60x120-rect-pulido\/","title":{"rendered":"FORTUNE IVORY 60X120 RECT PULIDO"},"content":{"rendered":"<h2>Azulejo Porcel\u00e1nico Mate FORTUNE IVORY 60X120 RECT PULIDO<\/h2><p>Scopri la maestosit\u00e0 senza tempo della <a href=\"https:\/\/tilefly.com\/it\/piastrelle\/\">piastrella<\/a> FORTUNE IVORY 60X120 RECT PULIDO, un pezzo che ridefinisce l&#8217;eleganza e la raffinatezza in qualsiasi spazio. Appartenente alla distinta serie <a href='https:\/\/tilefly.com\/it\/prodotto\/fortune'>FORTUNE<\/a>, questa piastrella si presenta in un accattivante color avorio, un beige molto chiaro o crema pallido che irradia una luminosit\u00e0 ineguagliabile. Il suo design \u00e8 stato accuratamente elaborato per emulare con sorprendente fedelt\u00e0 il travertino vein-cut, un taglio longitudinale della pietra naturale che rivela le sue venature pi\u00f9 distintive ed eleganti. A differenza delle imitazioni che cercano effetti di cemento o marmo con venature casuali, questa piastrella si distingue per le sue fini e parallele venature orizzontali, l&#8217;essenza dell&#8217;autentico travertino vein-cut. Queste linee sottili variano delicatamente in tono, da un bianco osso molto tenue a un morbido beige sabbia, creando un effetto visivo di strati naturali e una texture visiva squisita che apporta profondit\u00e0 e carattere senza sovraccaricare l&#8217;ambiente.<\/p><p>Realizzata in gres porcellanato smaltato lucido di alta qualit\u00e0, la FORTUNE IVORY non \u00e8 solo una dichiarazione di stile, ma anche di durabilit\u00e0 e funzionalit\u00e0 eccezionali. La sua natura porcellanata la rende ideale per pavimenti ad alto traffico e rivestimento di pareti, offrendo una resistenza superiore all&#8217;usura, all&#8217;umidit\u00e0 e alle macchie. La finitura lucida della sua superficie massimizza la sua capacit\u00e0 di riflettere la luce, trasformando e ampliando visivamente qualsiasi stanza con una lucentezza sottile ma di grande impatto. Questa caratteristica la rende una scelta perfetta per spazi che cercano un&#8217;atmosfera di ampiezza, lusso e serenit\u00e0, da saloni e sale da pranzo a camere da letto e bagni, e persino aree commerciali di prestigio.<\/p><p>Il formato generoso di 60&#215;120 cm \u00e8 un altro dei suoi attributi pi\u00f9 importanti. Questa dimensione a grande formato minimizza le fughe, creando una superficie pi\u00f9 continua e omogenea che esalta la bellezza ininterrotta del motivo travertino. La sua natura rettificata assicura bordi perfettamente diritti, consentendo un&#8217;installazione con fughe minime che rafforza la sensazione di continuit\u00e0 e pulizia. La combinazione del formato grande, la finitura lucida e il design di travertino vein-cut conferisce agli spazi un&#8217;estetica minimalista e allo stesso tempo ricca, apportando una sensazione di ordine e armonia.<\/p><p>La FORTUNE IVORY 60X120 RECT PULIDO \u00e8 la scelta ideale per chi cerca di infondere ai propri interni un tocco di raffinatezza naturale e una base neutra ma di grande impatto. La sua versatilit\u00e0 cromatica e di design permette di combinarla senza sforzo con un&#8217;ampia gamma di stili decorativi, apportando sempre una base solida e luminosa. \u00c8 un invito a creare ambienti sereni, eleganti e accoglienti, dove la luce gioca un ruolo protagoniste su una superficie che evoca la bellezza duratura della pietra naturale, trasformando la sua casa in un santuario di calma e stile.<\/p>","protected":false},"excerpt":{"rendered":"<p>Azulejo Porcel\u00e1nico Mate FORTUNE IVORY 60X120 RECT PULIDOScopri la maestosit\u00e0 senza tempo della piastrella FORTUNE IVORY 60X120 RECT PULIDO, un pezzo che ridefinisce l&#8217;eleganza e la raffinatezza in qualsiasi spazio. Appartenente alla distinta serie FORTUNE, questa piastrella si presenta in un accattivante color avorio, un beige molto chiaro o crema pallido che irradia una luminosit\u00e0 [&hellip;]<\/p>\n","protected":false},"featured_media":575390,"comment_status":"open","ping_status":"closed","template":"","meta":[],"product_brand":[],"product_cat":[847,848,846,827],"product_tag":[],"class_list":{"0":"post-580022","1":"product","2":"type-product","3":"status-publish","4":"has-post-thumbnail","6":"product_cat-bagni","7":"product_cat-cucine","8":"product_cat-piastrelle","9":"product_cat-rivestimento","11":"first","12":"instock","13":"shipping-taxable","14":"purchasable","15":"product-type-simple"},"_links":{"self":[{"href":"https:\/\/tilefly.com\/it\/wp-json\/wp\/v2\/product\/580022","targetHints":{"allow":["GET"]}}],"collection":[{"href":"https:\/\/tilefly.com\/it\/wp-json\/wp\/v2\/product"}],"about":[{"href":"https:\/\/tilefly.com\/it\/wp-json\/wp\/v2\/types\/product"}],"replies":[{"embeddable":true,"href":"https:\/\/tilefly.com\/it\/wp-json\/wp\/v2\/comments?post=580022"}],"wp:featuredmedia":[{"embeddable":true,"href":"https:\/\/tilefly.com\/it\/wp-json\/wp\/v2\/media\/575390"}],"wp:attachment":[{"href":"https:\/\/tilefly.com\/it\/wp-json\/wp\/v2\/media?parent=580022"}],"wp:term":[{"taxonomy":"product_brand","embeddable":true,"href":"https:\/\/tilefly.com\/it\/wp-json\/wp\/v2\/product_brand?post=580022"},{"taxonomy":"product_cat","embeddable":true,"href":"https:\/\/tilefly.com\/it\/wp-json\/wp\/v2\/product_cat?post=580022"},{"taxonomy":"product_tag","embeddable":true,"href":"https:\/\/tilefly.com\/it\/wp-json\/wp\/v2\/product_tag?post=580022"}],"curies":[{"name":"wp","href":"https:\/\/api.w.org\/{rel}","templated":true}]}}