{"id":579935,"date":"2025-02-14T12:41:37","date_gmt":"2025-02-14T11:41:37","guid":{"rendered":"https:\/\/tilefly.com\/producto\/gon-brown-gray-20x20\/"},"modified":"2025-10-29T09:37:39","modified_gmt":"2025-10-29T08:37:39","slug":"gon-brown-gray-20x20","status":"publish","type":"product","link":"https:\/\/tilefly.com\/it\/prodotto\/gon-brown-gray-20x20\/","title":{"rendered":"GON BROWN GRAY 20X20"},"content":{"rendered":"<h2><strong>GON BROWN GRAY 20X20<\/strong><\/h2><p><b>GON BROWN GRAY 20X20<\/b> es un pavimento que aporta un toque de elegancia r\u00fastica a cualquier espacio. Su color, una mezcla sofisticada de marr\u00f3n y gris, se inspira en la belleza natural de la madera envejecida y el hormig\u00f3n pulido. Fabricadas en porcel\u00e1nico de alta calidad, estas baldosas de 20&#215;20 cm son perfectas para suelos gracias a su resistencia y durabilidad. Adem\u00e1s, su superficie antideslizante garantiza la seguridad en cualquier entorno. El acabado mate realza la textura y la autenticidad del material. Sum\u00e9rgete en la esencia de <a href=\"https:\/\/tilefly.com\/it\/prodotto\/esencia-materia\/\">Esencia Materia<\/a>.<\/p>","protected":false},"excerpt":{"rendered":"<p>GON BROWN GRAY 20X20GON BROWN GRAY 20X20 es un pavimento que aporta un toque de elegancia r\u00fastica a cualquier espacio. Su color, una mezcla sofisticada de marr\u00f3n y gris, se inspira en la belleza natural de la madera envejecida y el hormig\u00f3n pulido. Fabricadas en porcel\u00e1nico de alta calidad, estas baldosas de 20&#215;20 cm son [&hellip;]<\/p>\n","protected":false},"featured_media":551230,"comment_status":"open","ping_status":"closed","template":"","meta":[],"product_brand":[],"product_cat":[847,848,846,827],"product_tag":[],"class_list":{"0":"post-579935","1":"product","2":"type-product","3":"status-publish","4":"has-post-thumbnail","6":"product_cat-bagni","7":"product_cat-cucine","8":"product_cat-piastrelle","9":"product_cat-rivestimento","11":"first","12":"instock","13":"shipping-taxable","14":"purchasable","15":"product-type-simple"},"_links":{"self":[{"href":"https:\/\/tilefly.com\/it\/wp-json\/wp\/v2\/product\/579935","targetHints":{"allow":["GET"]}}],"collection":[{"href":"https:\/\/tilefly.com\/it\/wp-json\/wp\/v2\/product"}],"about":[{"href":"https:\/\/tilefly.com\/it\/wp-json\/wp\/v2\/types\/product"}],"replies":[{"embeddable":true,"href":"https:\/\/tilefly.com\/it\/wp-json\/wp\/v2\/comments?post=579935"}],"wp:featuredmedia":[{"embeddable":true,"href":"https:\/\/tilefly.com\/it\/wp-json\/wp\/v2\/media\/551230"}],"wp:attachment":[{"href":"https:\/\/tilefly.com\/it\/wp-json\/wp\/v2\/media?parent=579935"}],"wp:term":[{"taxonomy":"product_brand","embeddable":true,"href":"https:\/\/tilefly.com\/it\/wp-json\/wp\/v2\/product_brand?post=579935"},{"taxonomy":"product_cat","embeddable":true,"href":"https:\/\/tilefly.com\/it\/wp-json\/wp\/v2\/product_cat?post=579935"},{"taxonomy":"product_tag","embeddable":true,"href":"https:\/\/tilefly.com\/it\/wp-json\/wp\/v2\/product_tag?post=579935"}],"curies":[{"name":"wp","href":"https:\/\/api.w.org\/{rel}","templated":true}]}}