{"id":579934,"date":"2025-02-14T12:40:54","date_gmt":"2025-02-14T11:40:54","guid":{"rendered":"https:\/\/tilefly.com\/producto\/friso-white-rect-40x120\/"},"modified":"2025-10-29T09:37:26","modified_gmt":"2025-10-29T08:37:26","slug":"friso-white-rect-40x120","status":"publish","type":"product","link":"https:\/\/tilefly.com\/it\/prodotto\/friso-white-rect-40x120\/","title":{"rendered":"FRISO WHITE RECT 40X120"},"content":{"rendered":"<h2><strong>FRISO WHITE RECT 40X120<\/strong><\/h2><p><b>FRISO WHITE RECT 40X120<\/b> es un revestimiento que celebra la simplicidad y la elegancia. Su color blanco luminoso, reminiscente de la cal tradicional, aporta luminosidad y amplitud a cualquier ambiente. Con un formato rectificado de 40&#215;120 cm, estas baldosas de pasta blanca se instalan con facilidad y precisi\u00f3n, garantizando un acabado impecable. El acabado mate proporciona una superficie suave y una est\u00e9tica que destaca la belleza de los materiales naturales. Sum\u00e9rgete en la esencia de <a href=\"https:\/\/tilefly.com\/it\/prodotto\/esencia-materia\/\">Esencia Materia<\/a>.<\/p>","protected":false},"excerpt":{"rendered":"<p>FRISO WHITE RECT 40X120FRISO WHITE RECT 40X120 es un revestimiento que celebra la simplicidad y la elegancia. Su color blanco luminoso, reminiscente de la cal tradicional, aporta luminosidad y amplitud a cualquier ambiente. Con un formato rectificado de 40&#215;120 cm, estas baldosas de pasta blanca se instalan con facilidad y precisi\u00f3n, garantizando un acabado impecable. [&hellip;]<\/p>\n","protected":false},"featured_media":551139,"comment_status":"open","ping_status":"closed","template":"","meta":[],"product_brand":[],"product_cat":[847,848,827],"product_tag":[],"class_list":{"0":"post-579934","1":"product","2":"type-product","3":"status-publish","4":"has-post-thumbnail","6":"product_cat-bagni","7":"product_cat-cucine","8":"product_cat-rivestimento","10":"first","11":"instock","12":"shipping-taxable","13":"purchasable","14":"product-type-simple"},"_links":{"self":[{"href":"https:\/\/tilefly.com\/it\/wp-json\/wp\/v2\/product\/579934","targetHints":{"allow":["GET"]}}],"collection":[{"href":"https:\/\/tilefly.com\/it\/wp-json\/wp\/v2\/product"}],"about":[{"href":"https:\/\/tilefly.com\/it\/wp-json\/wp\/v2\/types\/product"}],"replies":[{"embeddable":true,"href":"https:\/\/tilefly.com\/it\/wp-json\/wp\/v2\/comments?post=579934"}],"wp:featuredmedia":[{"embeddable":true,"href":"https:\/\/tilefly.com\/it\/wp-json\/wp\/v2\/media\/551139"}],"wp:attachment":[{"href":"https:\/\/tilefly.com\/it\/wp-json\/wp\/v2\/media?parent=579934"}],"wp:term":[{"taxonomy":"product_brand","embeddable":true,"href":"https:\/\/tilefly.com\/it\/wp-json\/wp\/v2\/product_brand?post=579934"},{"taxonomy":"product_cat","embeddable":true,"href":"https:\/\/tilefly.com\/it\/wp-json\/wp\/v2\/product_cat?post=579934"},{"taxonomy":"product_tag","embeddable":true,"href":"https:\/\/tilefly.com\/it\/wp-json\/wp\/v2\/product_tag?post=579934"}],"curies":[{"name":"wp","href":"https:\/\/api.w.org\/{rel}","templated":true}]}}