{"id":579929,"date":"2025-02-14T12:40:46","date_gmt":"2025-02-14T11:40:46","guid":{"rendered":"https:\/\/tilefly.com\/producto\/frado-white-rect-40x120\/"},"modified":"2025-10-29T09:37:23","modified_gmt":"2025-10-29T08:37:23","slug":"frado-white-rect-40x120","status":"publish","type":"product","link":"https:\/\/tilefly.com\/it\/prodotto\/frado-white-rect-40x120\/","title":{"rendered":"FRADO WHITE RECT 40X120"},"content":{"rendered":"<h2><strong>FRADO WHITE RECT 40X120<\/strong><\/h2><p><b>FRADO WHITE RECT 40X120<\/b> es un revestimiento que irradia una serenidad atemporal. Su color blanco puro, evoca la pureza del yeso, uno de los elementos clave de la colecci\u00f3n Esencia Materia. Con un formato rectificado de 40&#215;120 cm, estas baldosas de pasta blanca ofrecen una instalaci\u00f3n precisa y un acabado impecable. La superficie mate proporciona una textura suave al tacto y una est\u00e9tica que captura la esencia de los materiales naturales. Descubre la belleza esencial de <a href=\"https:\/\/tilefly.com\/it\/prodotto\/esencia-materia\/\">Esencia Materia<\/a>.<\/p>","protected":false},"excerpt":{"rendered":"<p>FRADO WHITE RECT 40X120FRADO WHITE RECT 40X120 es un revestimiento que irradia una serenidad atemporal. Su color blanco puro, evoca la pureza del yeso, uno de los elementos clave de la colecci\u00f3n Esencia Materia. Con un formato rectificado de 40&#215;120 cm, estas baldosas de pasta blanca ofrecen una instalaci\u00f3n precisa y un acabado impecable. La [&hellip;]<\/p>\n","protected":false},"featured_media":551113,"comment_status":"open","ping_status":"closed","template":"","meta":[],"product_brand":[],"product_cat":[847,848,827],"product_tag":[],"class_list":{"0":"post-579929","1":"product","2":"type-product","3":"status-publish","4":"has-post-thumbnail","6":"product_cat-bagni","7":"product_cat-cucine","8":"product_cat-rivestimento","10":"first","11":"instock","12":"shipping-taxable","13":"purchasable","14":"product-type-simple"},"_links":{"self":[{"href":"https:\/\/tilefly.com\/it\/wp-json\/wp\/v2\/product\/579929","targetHints":{"allow":["GET"]}}],"collection":[{"href":"https:\/\/tilefly.com\/it\/wp-json\/wp\/v2\/product"}],"about":[{"href":"https:\/\/tilefly.com\/it\/wp-json\/wp\/v2\/types\/product"}],"replies":[{"embeddable":true,"href":"https:\/\/tilefly.com\/it\/wp-json\/wp\/v2\/comments?post=579929"}],"wp:featuredmedia":[{"embeddable":true,"href":"https:\/\/tilefly.com\/it\/wp-json\/wp\/v2\/media\/551113"}],"wp:attachment":[{"href":"https:\/\/tilefly.com\/it\/wp-json\/wp\/v2\/media?parent=579929"}],"wp:term":[{"taxonomy":"product_brand","embeddable":true,"href":"https:\/\/tilefly.com\/it\/wp-json\/wp\/v2\/product_brand?post=579929"},{"taxonomy":"product_cat","embeddable":true,"href":"https:\/\/tilefly.com\/it\/wp-json\/wp\/v2\/product_cat?post=579929"},{"taxonomy":"product_tag","embeddable":true,"href":"https:\/\/tilefly.com\/it\/wp-json\/wp\/v2\/product_tag?post=579929"}],"curies":[{"name":"wp","href":"https:\/\/api.w.org\/{rel}","templated":true}]}}