{"id":579918,"date":"2025-02-14T12:51:12","date_gmt":"2025-02-14T11:51:12","guid":{"rendered":"https:\/\/tilefly.com\/producto\/rails-20x20\/"},"modified":"2025-10-29T09:37:55","modified_gmt":"2025-10-29T08:37:55","slug":"rails-20x20","status":"publish","type":"product","link":"https:\/\/tilefly.com\/it\/prodotto\/rails-20x20\/","title":{"rendered":"RAILS 20X20"},"content":{"rendered":"<h2><strong>RAILS 20X20<\/strong><\/h2><p>Descubre la versatilidad y calidez del modelo RAILS 20X20 de la colecci\u00f3n <a href=\"https:\/\/tilefly.com\/it\/prodotto\/esencia-materia\/\">Esencia Materia<\/a>, un pavimento porcel\u00e1nico en color beige que te conecta con la naturalidad de la tierra. Su formato de 20&#215;20 cm y su dise\u00f1o atemporal se adaptan a cualquier estilo decorativo, aportando luminosidad y confort a tus espacios. El acabado mate, suave y natural, realza la belleza del material, mientras que su propiedad antideslizante garantiza seguridad y tranquilidad en tu d\u00eda a d\u00eda. RAILS 20X20 es la elecci\u00f3n ideal para quienes buscan un dise\u00f1o vers\u00e1til y elegante, que transmita calidez y armon\u00eda.<\/p>","protected":false},"excerpt":{"rendered":"<p>RAILS 20X20Descubre la versatilidad y calidez del modelo RAILS 20X20 de la colecci\u00f3n Esencia Materia, un pavimento porcel\u00e1nico en color beige que te conecta con la naturalidad de la tierra. Su formato de 20&#215;20 cm y su dise\u00f1o atemporal se adaptan a cualquier estilo decorativo, aportando luminosidad y confort a tus espacios. El acabado mate, [&hellip;]<\/p>\n","protected":false},"featured_media":551360,"comment_status":"open","ping_status":"closed","template":"","meta":[],"product_brand":[],"product_cat":[847,848,846,827],"product_tag":[],"class_list":{"0":"post-579918","1":"product","2":"type-product","3":"status-publish","4":"has-post-thumbnail","6":"product_cat-bagni","7":"product_cat-cucine","8":"product_cat-piastrelle","9":"product_cat-rivestimento","11":"first","12":"instock","13":"shipping-taxable","14":"purchasable","15":"product-type-simple"},"_links":{"self":[{"href":"https:\/\/tilefly.com\/it\/wp-json\/wp\/v2\/product\/579918","targetHints":{"allow":["GET"]}}],"collection":[{"href":"https:\/\/tilefly.com\/it\/wp-json\/wp\/v2\/product"}],"about":[{"href":"https:\/\/tilefly.com\/it\/wp-json\/wp\/v2\/types\/product"}],"replies":[{"embeddable":true,"href":"https:\/\/tilefly.com\/it\/wp-json\/wp\/v2\/comments?post=579918"}],"wp:featuredmedia":[{"embeddable":true,"href":"https:\/\/tilefly.com\/it\/wp-json\/wp\/v2\/media\/551360"}],"wp:attachment":[{"href":"https:\/\/tilefly.com\/it\/wp-json\/wp\/v2\/media?parent=579918"}],"wp:term":[{"taxonomy":"product_brand","embeddable":true,"href":"https:\/\/tilefly.com\/it\/wp-json\/wp\/v2\/product_brand?post=579918"},{"taxonomy":"product_cat","embeddable":true,"href":"https:\/\/tilefly.com\/it\/wp-json\/wp\/v2\/product_cat?post=579918"},{"taxonomy":"product_tag","embeddable":true,"href":"https:\/\/tilefly.com\/it\/wp-json\/wp\/v2\/product_tag?post=579918"}],"curies":[{"name":"wp","href":"https:\/\/api.w.org\/{rel}","templated":true}]}}