{"id":579913,"date":"2025-02-14T12:57:13","date_gmt":"2025-02-14T11:57:13","guid":{"rendered":"https:\/\/tilefly.com\/producto\/reto-oxide-red-94x282\/"},"modified":"2025-10-29T09:02:21","modified_gmt":"2025-10-29T08:02:21","slug":"reto-oxide-red-94x282","status":"publish","type":"product","link":"https:\/\/tilefly.com\/it\/prodotto\/reto-oxide-red-94x282\/","title":{"rendered":"RETO OXIDE RED 9,4X28,2"},"content":{"rendered":"<h2><strong>RETO OXIDE RED 9,4X28,2<\/strong><\/h2><p>Atr\u00e9vete con la intensidad y el car\u00e1cter del azulejo &#8220;RETO OXIDE RED&#8221; de la colecci\u00f3n <a href=\"https:\/\/tilefly.com\/it\/prodotto\/esencia-materia\/\">Esencia Materia<\/a>. Con un formato de 9,4&#215;28,2 cm, este azulejo porcel\u00e1nico captura la esencia de los materiales aut\u00e9nticos, reinterpretados para el dise\u00f1o actual. Su acabado brillante en un audaz tono &#8220;red&#8221; \u00f3xido a\u00f1ade un toque de calidez y personalidad a cualquier ambiente. Ideal tanto para suelos como para paredes, este azulejo destaca por su durabilidad y resistencia, perfecto para \u00e1reas de alto tr\u00e1fico. La serie &#8220;Esencia Materia&#8221;, creada en colaboraci\u00f3n con el reconocido interiorista Erico Navazo, busca resaltar la belleza natural de materiales como el barro, el yeso y la piedra, y este azulejo es un claro ejemplo de ello. Su formato no rectificado le confiere un encanto artesanal, evocando la imperfecci\u00f3n y la singularidad de los elementos naturales.<\/p><p>Cada pieza de &#8220;RETO OXIDE RED&#8221; cuenta una historia, aportando calidez y car\u00e1cter a tus espacios. Su color &#8220;red&#8221; audaz y vers\u00e1til combina a la perfecci\u00f3n con una amplia gama de estilos decorativos, desde los m\u00e1s r\u00fasticos hasta los m\u00e1s contempor\u00e1neos. Transforma tus espacios con este azulejo que redefine la est\u00e9tica tradicional, fusion\u00e1ndola con la innovaci\u00f3n y la calidad que caracterizan a la serie <a href=\"https:\/\/tilefly.com\/it\/prodotto\/esencia-materia\/\">Esencia Materia<\/a>.<\/p>","protected":false},"excerpt":{"rendered":"<p>RETO OXIDE RED 9,4X28,2Atr\u00e9vete con la intensidad y el car\u00e1cter del azulejo &#8220;RETO OXIDE RED&#8221; de la colecci\u00f3n Esencia Materia. Con un formato de 9,4&#215;28,2 cm, este azulejo porcel\u00e1nico captura la esencia de los materiales aut\u00e9nticos, reinterpretados para el dise\u00f1o actual. Su acabado brillante en un audaz tono &#8220;red&#8221; \u00f3xido a\u00f1ade un toque de calidez [&hellip;]<\/p>\n","protected":false},"featured_media":551646,"comment_status":"open","ping_status":"closed","template":"","meta":[],"product_brand":[],"product_cat":[847,848,846,827],"product_tag":[],"class_list":{"0":"post-579913","1":"product","2":"type-product","3":"status-publish","4":"has-post-thumbnail","6":"product_cat-bagni","7":"product_cat-cucine","8":"product_cat-piastrelle","9":"product_cat-rivestimento","11":"first","12":"outofstock","13":"shipping-taxable","14":"purchasable","15":"product-type-simple"},"_links":{"self":[{"href":"https:\/\/tilefly.com\/it\/wp-json\/wp\/v2\/product\/579913","targetHints":{"allow":["GET"]}}],"collection":[{"href":"https:\/\/tilefly.com\/it\/wp-json\/wp\/v2\/product"}],"about":[{"href":"https:\/\/tilefly.com\/it\/wp-json\/wp\/v2\/types\/product"}],"replies":[{"embeddable":true,"href":"https:\/\/tilefly.com\/it\/wp-json\/wp\/v2\/comments?post=579913"}],"wp:featuredmedia":[{"embeddable":true,"href":"https:\/\/tilefly.com\/it\/wp-json\/wp\/v2\/media\/551646"}],"wp:attachment":[{"href":"https:\/\/tilefly.com\/it\/wp-json\/wp\/v2\/media?parent=579913"}],"wp:term":[{"taxonomy":"product_brand","embeddable":true,"href":"https:\/\/tilefly.com\/it\/wp-json\/wp\/v2\/product_brand?post=579913"},{"taxonomy":"product_cat","embeddable":true,"href":"https:\/\/tilefly.com\/it\/wp-json\/wp\/v2\/product_cat?post=579913"},{"taxonomy":"product_tag","embeddable":true,"href":"https:\/\/tilefly.com\/it\/wp-json\/wp\/v2\/product_tag?post=579913"}],"curies":[{"name":"wp","href":"https:\/\/api.w.org\/{rel}","templated":true}]}}