{"id":579911,"date":"2025-02-14T12:57:19","date_gmt":"2025-02-14T11:57:19","guid":{"rendered":"https:\/\/tilefly.com\/producto\/reto-brown-grey-94x282\/"},"modified":"2025-10-29T09:38:49","modified_gmt":"2025-10-29T08:38:49","slug":"reto-brown-grey-94x282","status":"publish","type":"product","link":"https:\/\/tilefly.com\/it\/prodotto\/reto-brown-grey-94x282\/","title":{"rendered":"RETO BROWN GREY 9,4X28,2"},"content":{"rendered":"<h2><strong>RETO BROWN GREY 9,4X28,2<\/strong><\/h2><p>Sum\u00e9rgete en la calidez y el confort del azulejo &#8220;RETO BROWN GREY&#8221; de la colecci\u00f3n <a href=\"https:\/\/tilefly.com\/it\/prodotto\/esencia-materia\/\">Esencia Materia<\/a>. Con un formato de 9,4&#215;28,2 cm, este azulejo porcel\u00e1nico captura la esencia de los materiales naturales, reinterpretados para el dise\u00f1o contempor\u00e1neo. Su acabado brillante en un acogedor tono &#8220;brown&#8221; gris\u00e1ceo a\u00f1ade un toque de calidez y luminosidad a cualquier espacio. Perfecto tanto para suelos como para paredes, este azulejo destaca por su durabilidad y resistencia, ideal para \u00e1reas de alto tr\u00e1fico. La serie &#8220;Esencia Materia&#8221;, en colaboraci\u00f3n con el reconocido interiorista Erico Navazo, busca resaltar la belleza intr\u00ednseca de materiales como el barro, el yeso y la piedra, y este azulejo es un claro ejemplo de ello. Su formato no rectificado aporta un encanto artesanal, evocando la imperfecci\u00f3n y la singularidad de los elementos naturales.<\/p><p>Cada pieza de &#8220;RETO BROWN GREY&#8221; irradia una sensaci\u00f3n de confort y bienestar, transformando tus ambientes en espacios acogedores y llenos de estilo. Su color &#8220;brown&#8221; gris\u00e1ceo, vers\u00e1til y atemporal, se integra a la perfecci\u00f3n en una amplia gama de estilos decorativos, desde los m\u00e1s r\u00fasticos hasta los m\u00e1s modernos. Atr\u00e9vete a renovar tus espacios con este azulejo que redefine la est\u00e9tica tradicional, fusion\u00e1ndola con la innovaci\u00f3n y la calidad que caracterizan a la serie <a href=\"https:\/\/tilefly.com\/it\/prodotto\/esencia-materia\/\">Esencia Materia<\/a>.<\/p>","protected":false},"excerpt":{"rendered":"<p>RETO BROWN GREY 9,4X28,2Sum\u00e9rgete en la calidez y el confort del azulejo &#8220;RETO BROWN GREY&#8221; de la colecci\u00f3n Esencia Materia. Con un formato de 9,4&#215;28,2 cm, este azulejo porcel\u00e1nico captura la esencia de los materiales naturales, reinterpretados para el dise\u00f1o contempor\u00e1neo. Su acabado brillante en un acogedor tono &#8220;brown&#8221; gris\u00e1ceo a\u00f1ade un toque de calidez [&hellip;]<\/p>\n","protected":false},"featured_media":551672,"comment_status":"open","ping_status":"closed","template":"","meta":[],"product_brand":[],"product_cat":[847,848,846,827],"product_tag":[],"class_list":{"0":"post-579911","1":"product","2":"type-product","3":"status-publish","4":"has-post-thumbnail","6":"product_cat-bagni","7":"product_cat-cucine","8":"product_cat-piastrelle","9":"product_cat-rivestimento","11":"first","12":"instock","13":"shipping-taxable","14":"purchasable","15":"product-type-simple"},"_links":{"self":[{"href":"https:\/\/tilefly.com\/it\/wp-json\/wp\/v2\/product\/579911","targetHints":{"allow":["GET"]}}],"collection":[{"href":"https:\/\/tilefly.com\/it\/wp-json\/wp\/v2\/product"}],"about":[{"href":"https:\/\/tilefly.com\/it\/wp-json\/wp\/v2\/types\/product"}],"replies":[{"embeddable":true,"href":"https:\/\/tilefly.com\/it\/wp-json\/wp\/v2\/comments?post=579911"}],"wp:featuredmedia":[{"embeddable":true,"href":"https:\/\/tilefly.com\/it\/wp-json\/wp\/v2\/media\/551672"}],"wp:attachment":[{"href":"https:\/\/tilefly.com\/it\/wp-json\/wp\/v2\/media?parent=579911"}],"wp:term":[{"taxonomy":"product_brand","embeddable":true,"href":"https:\/\/tilefly.com\/it\/wp-json\/wp\/v2\/product_brand?post=579911"},{"taxonomy":"product_cat","embeddable":true,"href":"https:\/\/tilefly.com\/it\/wp-json\/wp\/v2\/product_cat?post=579911"},{"taxonomy":"product_tag","embeddable":true,"href":"https:\/\/tilefly.com\/it\/wp-json\/wp\/v2\/product_tag?post=579911"}],"curies":[{"name":"wp","href":"https:\/\/api.w.org\/{rel}","templated":true}]}}