{"id":579910,"date":"2025-02-14T12:57:22","date_gmt":"2025-02-14T11:57:22","guid":{"rendered":"https:\/\/tilefly.com\/producto\/reto-bottle-green-94x282\/"},"modified":"2025-10-29T09:02:22","modified_gmt":"2025-10-29T08:02:22","slug":"reto-bottle-green-94x282","status":"publish","type":"product","link":"https:\/\/tilefly.com\/it\/prodotto\/reto-bottle-green-94x282\/","title":{"rendered":"RETO BOTTLE GREEN 9,4X28,2"},"content":{"rendered":"<h2><strong>RETO BOTTLE GREEN 9,4X28,2<\/strong><\/h2><p>D\u00e9jate envolver por la profundidad y la elegancia del azulejo &#8220;RETO BOTTLE GREEN&#8221; de la colecci\u00f3n <a href=\"https:\/\/tilefly.com\/it\/prodotto\/esencia-materia\/\">Esencia Materia<\/a>. Con un formato de 9,4&#215;28,2 cm, este azulejo porcel\u00e1nico captura la esencia de los materiales cl\u00e1sicos, adaptados a las exigencias del dise\u00f1o actual. Su acabado brillante en un intenso tono &#8220;green&#8221; botella a\u00f1ade un toque de sofisticaci\u00f3n y luminosidad a cualquier ambiente. Ideal tanto para suelos como para paredes, este azulejo destaca por su durabilidad y resistencia, perfecto para \u00e1reas de alto tr\u00e1fico. La serie &#8220;Esencia Materia&#8221;, creada en colaboraci\u00f3n con el talentoso interiorista Erico Navazo, busca resaltar la belleza natural de materiales como el barro, el yeso y la cal, y este azulejo es un claro ejemplo de ello. Su formato no rectificado le confiere un encanto artesanal, evocando la imperfecci\u00f3n y la singularidad de los elementos naturales.<\/p><p>Cada pieza de &#8220;RETO BOTTLE GREEN&#8221; transmite una sensaci\u00f3n de calma y elegancia, transformando tus espacios en refugios de estilo y confort. Su color &#8220;green&#8221; profundo y vers\u00e1til se integra armoniosamente en una amplia gama de estilos decorativos, desde los m\u00e1s cl\u00e1sicos hasta los m\u00e1s modernos. Atr\u00e9vete a renovar tus espacios con este azulejo que redefine la est\u00e9tica tradicional, fusion\u00e1ndola con la innovaci\u00f3n y la calidad que caracterizan a la serie <a href=\"https:\/\/tilefly.com\/it\/prodotto\/esencia-materia\/\">Esencia Materia<\/a>.<\/p>","protected":false},"excerpt":{"rendered":"<p>RETO BOTTLE GREEN 9,4X28,2D\u00e9jate envolver por la profundidad y la elegancia del azulejo &#8220;RETO BOTTLE GREEN&#8221; de la colecci\u00f3n Esencia Materia. Con un formato de 9,4&#215;28,2 cm, este azulejo porcel\u00e1nico captura la esencia de los materiales cl\u00e1sicos, adaptados a las exigencias del dise\u00f1o actual. Su acabado brillante en un intenso tono &#8220;green&#8221; botella a\u00f1ade un [&hellip;]<\/p>\n","protected":false},"featured_media":551685,"comment_status":"open","ping_status":"closed","template":"","meta":[],"product_brand":[],"product_cat":[847,848,846,827],"product_tag":[],"class_list":{"0":"post-579910","1":"product","2":"type-product","3":"status-publish","4":"has-post-thumbnail","6":"product_cat-bagni","7":"product_cat-cucine","8":"product_cat-piastrelle","9":"product_cat-rivestimento","11":"first","12":"outofstock","13":"shipping-taxable","14":"purchasable","15":"product-type-simple"},"_links":{"self":[{"href":"https:\/\/tilefly.com\/it\/wp-json\/wp\/v2\/product\/579910","targetHints":{"allow":["GET"]}}],"collection":[{"href":"https:\/\/tilefly.com\/it\/wp-json\/wp\/v2\/product"}],"about":[{"href":"https:\/\/tilefly.com\/it\/wp-json\/wp\/v2\/types\/product"}],"replies":[{"embeddable":true,"href":"https:\/\/tilefly.com\/it\/wp-json\/wp\/v2\/comments?post=579910"}],"wp:featuredmedia":[{"embeddable":true,"href":"https:\/\/tilefly.com\/it\/wp-json\/wp\/v2\/media\/551685"}],"wp:attachment":[{"href":"https:\/\/tilefly.com\/it\/wp-json\/wp\/v2\/media?parent=579910"}],"wp:term":[{"taxonomy":"product_brand","embeddable":true,"href":"https:\/\/tilefly.com\/it\/wp-json\/wp\/v2\/product_brand?post=579910"},{"taxonomy":"product_cat","embeddable":true,"href":"https:\/\/tilefly.com\/it\/wp-json\/wp\/v2\/product_cat?post=579910"},{"taxonomy":"product_tag","embeddable":true,"href":"https:\/\/tilefly.com\/it\/wp-json\/wp\/v2\/product_tag?post=579910"}],"curies":[{"name":"wp","href":"https:\/\/api.w.org\/{rel}","templated":true}]}}