{"id":579863,"date":"2023-05-25T23:47:06","date_gmt":"2023-05-25T21:47:06","guid":{"rendered":"https:\/\/tilefly.com\/producto\/hexagon-nice-white-23x26\/"},"modified":"2025-10-29T09:14:41","modified_gmt":"2025-10-29T08:14:41","slug":"hexagon-nice-white-23x26","status":"publish","type":"product","link":"https:\/\/tilefly.com\/it\/prodotto\/hexagon-nice-white-23x26\/","title":{"rendered":"Hexagon Nice White 23X26"},"content":{"rendered":"<h1><strong>Hexagon<\/strong><\/h1><p><\/p><h4>Azulejo formato 23X26 de la serie STAY<\/h4><p><\/p><h5>El tiempo de los colores ha llegado.<\/h5><p> <\/p><h2>Serie <a href=\"https:\/\/tilefly.com\/it\/prodotto\/stay\/\">Stay<\/a><\/h2><p> <\/p><p> Stay es una colecci\u00f3n minimalista, estudiada para que perdure en el tiempo. Su novedosos y atrevido dise\u00f1o JUK es un laberinto lleno de posibilidades para tus paredes. Sus colores de vanguardia dan a la colecci\u00f3n un toque sofisticado y que se complementa perfectamente con sus decorados Isla, nuestra apuesta m\u00e1s moderna que hace un gui\u00f1o al terrazo cl\u00e1sico.<\/p>","protected":false},"excerpt":{"rendered":"<p>HexagonAzulejo formato 23X26 de la serie STAYEl tiempo de los colores ha llegado. Serie Stay Stay es una colecci\u00f3n minimalista, estudiada para que perdure en el tiempo. Su novedosos y atrevido dise\u00f1o JUK es un laberinto lleno de posibilidades para tus paredes. Sus colores de vanguardia dan a la colecci\u00f3n un toque sofisticado y que [&hellip;]<\/p>\n","protected":false},"featured_media":524135,"comment_status":"open","ping_status":"closed","template":"","meta":[],"product_brand":[],"product_cat":[847,848,846,827],"product_tag":[],"class_list":{"0":"post-579863","1":"product","2":"type-product","3":"status-publish","4":"has-post-thumbnail","6":"product_cat-bagni","7":"product_cat-cucine","8":"product_cat-piastrelle","9":"product_cat-rivestimento","11":"first","12":"instock","13":"shipping-taxable","14":"purchasable","15":"product-type-simple"},"_links":{"self":[{"href":"https:\/\/tilefly.com\/it\/wp-json\/wp\/v2\/product\/579863","targetHints":{"allow":["GET"]}}],"collection":[{"href":"https:\/\/tilefly.com\/it\/wp-json\/wp\/v2\/product"}],"about":[{"href":"https:\/\/tilefly.com\/it\/wp-json\/wp\/v2\/types\/product"}],"replies":[{"embeddable":true,"href":"https:\/\/tilefly.com\/it\/wp-json\/wp\/v2\/comments?post=579863"}],"wp:featuredmedia":[{"embeddable":true,"href":"https:\/\/tilefly.com\/it\/wp-json\/wp\/v2\/media\/524135"}],"wp:attachment":[{"href":"https:\/\/tilefly.com\/it\/wp-json\/wp\/v2\/media?parent=579863"}],"wp:term":[{"taxonomy":"product_brand","embeddable":true,"href":"https:\/\/tilefly.com\/it\/wp-json\/wp\/v2\/product_brand?post=579863"},{"taxonomy":"product_cat","embeddable":true,"href":"https:\/\/tilefly.com\/it\/wp-json\/wp\/v2\/product_cat?post=579863"},{"taxonomy":"product_tag","embeddable":true,"href":"https:\/\/tilefly.com\/it\/wp-json\/wp\/v2\/product_tag?post=579863"}],"curies":[{"name":"wp","href":"https:\/\/api.w.org\/{rel}","templated":true}]}}