{"id":579458,"date":"2025-10-10T16:04:39","date_gmt":"2025-10-10T14:04:39","guid":{"rendered":"https:\/\/tilefly.com\/producto\/3db-baldai-cenere-mt-30x150-rect\/"},"modified":"2025-10-10T16:58:20","modified_gmt":"2025-10-10T14:58:20","slug":"3db-baldai-cenere-mt-30x150-rect","status":"publish","type":"product","link":"https:\/\/tilefly.com\/it\/prodotto\/3db-baldai-cenere-mt-30x150-rect\/","title":{"rendered":"3DB BALDAI CENERE MT 30X150 RECT"},"content":{"rendered":"<h2>Gres Porcellanato Effetto Legno Opaco 3DB BALDAI CENERE MT 30X150 RETT<\/h2><p>Trasforma i tuoi spazi con l&#x27;eleganza senza tempo del modello 3DB BALDAI CENERE MT 30X150, un pezzo distintivo della collezione <a href=\"https:\/\/tilefly.com\/it\/prodotto\/baldai\/\">BALDAI<\/a>. Questo gres porcellanato smaltato opaco fonde il calore e l&#x27;estetica naturale del legno con l&#x27;innovazione tecnologica della ceramica. La sua tonalit\u00e0 Cenere, un raffinato equilibrio tra marroni chiari e medi con sottili sfumature beige e grigiastre, crea un&#x27;atmosfera serena e organica. \u00c8 la scelta perfetta per chi desidera l&#x27;inconfondibile bellezza del legno, ma privilegia la resistenza, la durata e la minima manutenzione. Ideale per abbellire qualsiasi ambiente, conferendogli uno stile duraturo e una funzionalit\u00e0 superiore.<\/p><p>Baldai Cenere si distingue per la sua sorprendente imitazione del legno. Ogni piastrella presenta un motivo di venature e nodi dettagliato e vario che fluisce con realismo. Le linee sinuose e caratteristiche della venatura sono palpabili, con variazioni tonali dove le venature pi\u00f9 scure apportano profondit\u00e0 su uno sfondo pi\u00f9 chiaro. Nodi distintivi, alcuni discreti e altri pi\u00f9 prominenti come quello ovale verso destra, con tonalit\u00e0 interne scure, conferiscono un carattere rustico e autentico. Piccole marcature e fessure simulate emulano l&#x27;usura naturale, arricchendo l&#x27;autenticit\u00e0 e il fascino vissuto della superficie. Questo livello di dettaglio assicura un&#x27;estetica ricca e genuina, perfetta per creare ambienti con anima.<\/p><p>Con il suo formato di 30&#215;150 cm, tipo listone allungato, questa piastrella non rettificata \u00e8 ideale per generare una sensazione di continuit\u00e0 e ampiezza, facendo percepire gli spazi pi\u00f9 grandi e sofisticati, replicando la nobilt\u00e0 di un pavimento in legno reale. Realizzato in gres porcellanato smaltato opaco di prima qualit\u00e0, questo materiale offre prestazioni eccezionali: robustezza per alto traffico, resistenza superiore all&#x27;umidit\u00e0, alle macchie e agli sbalzi termici, e una durata molto superiore al legno convenzionale. La sua finitura opaca, elegante e funzionale, elimina i riflessi indesiderati, fornendo una superficie al tatto morbida e antiscivolo che rafforza la verosimiglianza dell&#x27;imitazione, garantendo un&#x27;esperienza visiva e funzionale impeccabile in pavimenti o rivestimenti a parete.<\/p><p>In sintesi, il 3DB BALDAI CENERE MT 30X150 \u00e8 la soluzione ideale per progetti che cercano di combinare l&#x27;estetica calda e avvolgente del legno con i vantaggi ineguagliabili del gres porcellanato. Durevole, versatile e di facile manutenzione, \u00e8 perfetta per creare ambienti accoglienti, eleganti e con carattere, sia in abitazioni che in spazi commerciali. Scopri la fusione di innovazione e tradizione che la serie <a href=\"https:\/\/tilefly.com\/it\/prodotto\/baldai\/\">BALDAI<\/a> mette a tua disposizione per i tuoi progetti.<\/p>","protected":false},"excerpt":{"rendered":"<p>Gres Porcellanato Effetto Legno Opaco 3DB BALDAI CENERE MT 30X150 RETTTrasforma i tuoi spazi con l&#x27;eleganza senza tempo del modello 3DB BALDAI CENERE MT 30X150, un pezzo distintivo della collezione BALDAI. Questo gres porcellanato smaltato opaco fonde il calore e l&#x27;estetica naturale del legno con l&#x27;innovazione tecnologica della ceramica. La sua tonalit\u00e0 Cenere, un raffinato [&hellip;]<\/p>\n","protected":false},"featured_media":579459,"comment_status":"open","ping_status":"closed","template":"","meta":[],"product_brand":[],"product_cat":[847,848,846,827],"product_tag":[],"class_list":{"0":"post-579458","1":"product","2":"type-product","3":"status-publish","4":"has-post-thumbnail","6":"product_cat-bagni","7":"product_cat-cucine","8":"product_cat-piastrelle","9":"product_cat-rivestimento","11":"first","12":"instock","13":"shipping-taxable","14":"purchasable","15":"product-type-simple"},"_links":{"self":[{"href":"https:\/\/tilefly.com\/it\/wp-json\/wp\/v2\/product\/579458","targetHints":{"allow":["GET"]}}],"collection":[{"href":"https:\/\/tilefly.com\/it\/wp-json\/wp\/v2\/product"}],"about":[{"href":"https:\/\/tilefly.com\/it\/wp-json\/wp\/v2\/types\/product"}],"replies":[{"embeddable":true,"href":"https:\/\/tilefly.com\/it\/wp-json\/wp\/v2\/comments?post=579458"}],"wp:featuredmedia":[{"embeddable":true,"href":"https:\/\/tilefly.com\/it\/wp-json\/wp\/v2\/media\/579459"}],"wp:attachment":[{"href":"https:\/\/tilefly.com\/it\/wp-json\/wp\/v2\/media?parent=579458"}],"wp:term":[{"taxonomy":"product_brand","embeddable":true,"href":"https:\/\/tilefly.com\/it\/wp-json\/wp\/v2\/product_brand?post=579458"},{"taxonomy":"product_cat","embeddable":true,"href":"https:\/\/tilefly.com\/it\/wp-json\/wp\/v2\/product_cat?post=579458"},{"taxonomy":"product_tag","embeddable":true,"href":"https:\/\/tilefly.com\/it\/wp-json\/wp\/v2\/product_tag?post=579458"}],"curies":[{"name":"wp","href":"https:\/\/api.w.org\/{rel}","templated":true}]}}