{"id":579443,"date":"2025-10-10T16:04:40","date_gmt":"2025-10-10T14:04:40","guid":{"rendered":"https:\/\/tilefly.com\/producto\/3db-baldai-haya-mt-23x120-rect\/"},"modified":"2025-10-10T16:58:07","modified_gmt":"2025-10-10T14:58:07","slug":"3db-baldai-haya-mt-23x120-rect","status":"publish","type":"product","link":"https:\/\/tilefly.com\/it\/prodotto\/3db-baldai-haya-mt-23x120-rect\/","title":{"rendered":"3DB BALDAI HAYA MT 23X120 RECT"},"content":{"rendered":"<h2>Piastrella in gres porcellanato opaco 3DB BALDAI HAYA MT 23X120 RETT<\/h2><p>Scopra l&#8217;essenza della serenit\u00e0 con la nostra piastrella <b>3DB BALDAI HAYA MT 23X120 RETT<\/b>, un capolavoro della collezione <a href=\"https:\/\/tilefly.com\/it\/prodotto\/baldai\/\">BALDAI<\/a>. Questa piastrella in gres porcellanato trasforma qualsiasi ambiente in un santuario di calore e stile senza tempo. Il colore &#8220;Haya&#8221; si manifesta in una palette di tonalit\u00e0 squisitamente tenui: un beige molto chiaro che transita tra il crema e la sabbia pi\u00f9 delicata, complementato da sfumature biancastre e tonalit\u00e0 tostate pallide. Questa combinazione cromatica evoca la luminosit\u00e0 del legno naturale invecchiato dal sole, infondendo ai suoi spazi un&#8217;atmosfera accogliente e una chiarezza che amplifica visivamente l&#8217;ambiente, creando una tela perfetta per qualsiasi stile decorativo, dal minimalista al rustico chic.<\/p><p>La caratteristica pi\u00f9 sorprendente \u00e8 la sua capacit\u00e0 di replicare fedelmente le venature del legno autentico. Ogni pezzo presenta un design che imita le linee longitudinali, sottili e spesse, tipiche delle tavole naturali. Abbiamo integrato elementi che ne esaltano il realismo: nodi sparsi, alcuni con contorni pi\u00f9 scuri o definiti, e delicate fessure sottili e allungate che conferiscono un carattere leggermente invecchiato e un&#8217;autenticit\u00e0 rustica che si percepisce come genuina. La finitura opaca, non rettificata, enfatizza questa autenticit\u00e0 visiva e contribuisce a una sensazione tattile di legno spazzolato o leggermente usurato, offrendo una texture organica e una resistenza superiore allo scivolamento e ai riflessi indesiderati.<\/p><p>Realizzata in gres porcellanato smaltato, la piastrella 3DB BALDAI HAYA MT 23X120 RETT \u00e8 sinonimo di durata e versatilit\u00e0. Questo materiale di alta tecnologia la rende una scelta ottimale sia per pavimenti che per rivestimenti di pareti, adatta a qualsiasi area della sua casa, comprese zone di alto transito come salotti, corridoi, cucine e bagni, e persino per spazi esterni coperti grazie alla sua intrinseca resistenza all&#8217;umidit\u00e0 e agli sbalzi di temperatura. Il suo formato allungato di 23&#215;120 cm emula l&#8217;aspetto delle tavole di legno tradizionali, facilitando la creazione di schemi di posa accattivanti che contribuiscono a una percezione di maggiore ampiezza e continuit\u00e0. La robustezza del gres porcellanato garantisce una vita utile prolungata, un minimo assorbimento d&#8217;acqua e una facilit\u00e0 di pulizia che supera le esigenze del legno naturale, offrendo la sua bellezza senza le complicazioni di manutenzione.<\/p><p>Scelga la piastrella 3DB BALDAI HAYA MT 23X120 RETT per infondere nella sua casa l&#8217;incanto ineguagliabile del legno di faggio con tutti i vantaggi di un materiale contemporaneo. \u00c8 la soluzione perfetta per chi cerca un design che combini l&#8217;estetica organica e il comfort visivo con una resistenza incrollabile e una funzionalit\u00e0 superiore. Trasformi i suoi pavimenti e le sue pareti con questo pezzo che promette di essere il centro di tutti gli sguardi, offrendo un ambiente sereno, caldo e sofisticato che perdurer\u00e0. Si immerga nella bellezza senza tempo che la collezione <a href=\"https:\/\/tilefly.com\/it\/prodotto\/baldai\/\">BALDAI<\/a> ha da offrire.<\/p>","protected":false},"excerpt":{"rendered":"<p>Piastrella in gres porcellanato opaco 3DB BALDAI HAYA MT 23X120 RETTScopra l&#8217;essenza della serenit\u00e0 con la nostra piastrella 3DB BALDAI HAYA MT 23X120 RETT, un capolavoro della collezione BALDAI. Questa piastrella in gres porcellanato trasforma qualsiasi ambiente in un santuario di calore e stile senza tempo. Il colore &#8220;Haya&#8221; si manifesta in una palette di [&hellip;]<\/p>\n","protected":false},"featured_media":579444,"comment_status":"open","ping_status":"closed","template":"","meta":[],"product_brand":[],"product_cat":[847,848,846,827],"product_tag":[],"class_list":{"0":"post-579443","1":"product","2":"type-product","3":"status-publish","4":"has-post-thumbnail","6":"product_cat-bagni","7":"product_cat-cucine","8":"product_cat-piastrelle","9":"product_cat-rivestimento","11":"first","12":"instock","13":"shipping-taxable","14":"purchasable","15":"product-type-simple"},"_links":{"self":[{"href":"https:\/\/tilefly.com\/it\/wp-json\/wp\/v2\/product\/579443","targetHints":{"allow":["GET"]}}],"collection":[{"href":"https:\/\/tilefly.com\/it\/wp-json\/wp\/v2\/product"}],"about":[{"href":"https:\/\/tilefly.com\/it\/wp-json\/wp\/v2\/types\/product"}],"replies":[{"embeddable":true,"href":"https:\/\/tilefly.com\/it\/wp-json\/wp\/v2\/comments?post=579443"}],"wp:featuredmedia":[{"embeddable":true,"href":"https:\/\/tilefly.com\/it\/wp-json\/wp\/v2\/media\/579444"}],"wp:attachment":[{"href":"https:\/\/tilefly.com\/it\/wp-json\/wp\/v2\/media?parent=579443"}],"wp:term":[{"taxonomy":"product_brand","embeddable":true,"href":"https:\/\/tilefly.com\/it\/wp-json\/wp\/v2\/product_brand?post=579443"},{"taxonomy":"product_cat","embeddable":true,"href":"https:\/\/tilefly.com\/it\/wp-json\/wp\/v2\/product_cat?post=579443"},{"taxonomy":"product_tag","embeddable":true,"href":"https:\/\/tilefly.com\/it\/wp-json\/wp\/v2\/product_tag?post=579443"}],"curies":[{"name":"wp","href":"https:\/\/api.w.org\/{rel}","templated":true}]}}