{"id":573867,"date":"2025-06-10T17:05:36","date_gmt":"2025-06-10T15:05:36","guid":{"rendered":"https:\/\/tilefly.com\/?post_type=product&#038;p=573867"},"modified":"2025-06-10T17:05:41","modified_gmt":"2025-06-10T15:05:41","slug":"levent","status":"publish","type":"product","link":"https:\/\/tilefly.com\/it\/prodotto\/levent\/","title":{"rendered":"LEVENT"},"content":{"rendered":"<h2>Serie Levent<\/h2><p>En un mundo donde el hormig\u00f3n ha sido el protagonista de la arquitectura moderna, Levent eleva este material a un nivel completamente nuevo. Cada pieza es una celebraci\u00f3n de su belleza est\u00e9tica, invitando a explorar texturas que evocan recuerdos y sensaciones \u00fanicas. Con su acabado suavemente estriado, transforma cada espacio en un refugio de elegancia contempor\u00e1nea.<br \/>Levent redefine la percepci\u00f3n del dise\u00f1o con una interpretaci\u00f3n minimalista que transforma interiores con una sofisticaci\u00f3n sutil.<br \/>Nos recuerda que el dise\u00f1o va m\u00e1s all\u00e1 de lo funcional, es una forma de arte capaz de tocar nuestras emociones.<\/p>","protected":false},"excerpt":{"rendered":"<p>Serie LeventEn un mundo donde el hormig\u00f3n ha sido el protagonista de la arquitectura moderna, Levent eleva este material a un nivel completamente nuevo. Cada pieza es una celebraci\u00f3n de su belleza est\u00e9tica, invitando a explorar texturas que evocan recuerdos y sensaciones \u00fanicas. Con su acabado suavemente estriado, transforma cada espacio en un refugio de [&hellip;]<\/p>\n","protected":false},"featured_media":573756,"comment_status":"closed","ping_status":"closed","template":"","meta":[],"product_brand":[],"product_cat":[846,847,848,866],"product_tag":[],"class_list":{"0":"post-573867","1":"product","2":"type-product","3":"status-publish","4":"has-post-thumbnail","6":"product_cat-piastrelle","7":"product_cat-bagni","8":"product_cat-cucine","9":"product_cat-salotto","11":"first","12":"instock","13":"shipping-taxable","14":"product-type-grouped"},"_links":{"self":[{"href":"https:\/\/tilefly.com\/it\/wp-json\/wp\/v2\/product\/573867","targetHints":{"allow":["GET"]}}],"collection":[{"href":"https:\/\/tilefly.com\/it\/wp-json\/wp\/v2\/product"}],"about":[{"href":"https:\/\/tilefly.com\/it\/wp-json\/wp\/v2\/types\/product"}],"replies":[{"embeddable":true,"href":"https:\/\/tilefly.com\/it\/wp-json\/wp\/v2\/comments?post=573867"}],"wp:featuredmedia":[{"embeddable":true,"href":"https:\/\/tilefly.com\/it\/wp-json\/wp\/v2\/media\/573756"}],"wp:attachment":[{"href":"https:\/\/tilefly.com\/it\/wp-json\/wp\/v2\/media?parent=573867"}],"wp:term":[{"taxonomy":"product_brand","embeddable":true,"href":"https:\/\/tilefly.com\/it\/wp-json\/wp\/v2\/product_brand?post=573867"},{"taxonomy":"product_cat","embeddable":true,"href":"https:\/\/tilefly.com\/it\/wp-json\/wp\/v2\/product_cat?post=573867"},{"taxonomy":"product_tag","embeddable":true,"href":"https:\/\/tilefly.com\/it\/wp-json\/wp\/v2\/product_tag?post=573867"}],"curies":[{"name":"wp","href":"https:\/\/api.w.org\/{rel}","templated":true}]}}