{"id":569840,"date":"2025-03-06T23:21:07","date_gmt":"2025-03-06T22:21:07","guid":{"rendered":"https:\/\/tilefly.com\/?post_type=product&#038;p=569840"},"modified":"2025-03-11T11:49:59","modified_gmt":"2025-03-11T10:49:59","slug":"limestone","status":"publish","type":"product","link":"https:\/\/tilefly.com\/it\/prodotto\/limestone\/","title":{"rendered":"LIMESTONE"},"content":{"rendered":"<p>Limestone, una roca caliza sedimentaria de color beige, procedente de la ciudad italiana de Trani, en la regi\u00f3n de Apulia, marca el punto de partida de la nueva colecci\u00f3n de APE. Esta piedra se utilizaba para la construcci\u00f3n de edificios y obras de arte, como la Catedral de Trani. Su efecto apomazado le da un aspecto mate muy neutro y sus vetas resaltan a modo de sutiles detalles. En APE Grupo hemos trabajado los detalles a trav\u00e9s de sus vetas y estratos intensificando la naturalidad de la grieta con el paso del tiempo.<\/p>","protected":false},"excerpt":{"rendered":"<p>Limestone, una roca caliza sedimentaria de color beige, procedente de la ciudad italiana de Trani, en la regi\u00f3n de Apulia, marca el punto de partida de la nueva colecci\u00f3n de APE. Esta piedra se utilizaba para la construcci\u00f3n de edificios y obras de arte, como la Catedral de Trani. Su efecto apomazado le da un [&hellip;]<\/p>\n","protected":false},"featured_media":569820,"comment_status":"closed","ping_status":"closed","template":"","meta":[],"product_brand":[],"product_cat":[846,847,848,827,866],"product_tag":[],"class_list":{"0":"post-569840","1":"product","2":"type-product","3":"status-publish","4":"has-post-thumbnail","6":"product_cat-piastrelle","7":"product_cat-bagni","8":"product_cat-cucine","9":"product_cat-rivestimento","10":"product_cat-salotto","12":"first","13":"instock","14":"shipping-taxable","15":"product-type-grouped"},"_links":{"self":[{"href":"https:\/\/tilefly.com\/it\/wp-json\/wp\/v2\/product\/569840","targetHints":{"allow":["GET"]}}],"collection":[{"href":"https:\/\/tilefly.com\/it\/wp-json\/wp\/v2\/product"}],"about":[{"href":"https:\/\/tilefly.com\/it\/wp-json\/wp\/v2\/types\/product"}],"replies":[{"embeddable":true,"href":"https:\/\/tilefly.com\/it\/wp-json\/wp\/v2\/comments?post=569840"}],"wp:featuredmedia":[{"embeddable":true,"href":"https:\/\/tilefly.com\/it\/wp-json\/wp\/v2\/media\/569820"}],"wp:attachment":[{"href":"https:\/\/tilefly.com\/it\/wp-json\/wp\/v2\/media?parent=569840"}],"wp:term":[{"taxonomy":"product_brand","embeddable":true,"href":"https:\/\/tilefly.com\/it\/wp-json\/wp\/v2\/product_brand?post=569840"},{"taxonomy":"product_cat","embeddable":true,"href":"https:\/\/tilefly.com\/it\/wp-json\/wp\/v2\/product_cat?post=569840"},{"taxonomy":"product_tag","embeddable":true,"href":"https:\/\/tilefly.com\/it\/wp-json\/wp\/v2\/product_tag?post=569840"}],"curies":[{"name":"wp","href":"https:\/\/api.w.org\/{rel}","templated":true}]}}