{"id":569628,"date":"2025-03-06T22:47:01","date_gmt":"2025-03-06T21:47:01","guid":{"rendered":"https:\/\/tilefly.com\/?post_type=product&#038;p=569628"},"modified":"2025-03-06T22:47:06","modified_gmt":"2025-03-06T21:47:06","slug":"sorolla","status":"publish","type":"product","link":"https:\/\/tilefly.com\/it\/prodotto\/sorolla\/","title":{"rendered":"SOROLLA"},"content":{"rendered":"<p>En el centenario del fallecimiento del pintor valenciano Joaqu\u00edn Sorolla, nos sumergimos en la inmortalidad de su arte con una nueva colecci\u00f3n de peque\u00f1o formato. Sorolla, venerado a nivel internacional, deja un legado que perdura y se manifiesta en esta serie \u00fanica que lleva su nombre. Sus piezas, cuidadosamente dise\u00f1adas, buscan no solo rendir homenaje a Sorolla, sino tambi\u00e9n capturar la esencia de su obra. En ellas, exploramos los colores y matices que le distinguen, logrando transmitir la luz y calidez del Mediterr\u00e1neo.<\/p>","protected":false},"excerpt":{"rendered":"<p>En el centenario del fallecimiento del pintor valenciano Joaqu\u00edn Sorolla, nos sumergimos en la inmortalidad de su arte con una nueva colecci\u00f3n de peque\u00f1o formato. Sorolla, venerado a nivel internacional, deja un legado que perdura y se manifiesta en esta serie \u00fanica que lleva su nombre. Sus piezas, cuidadosamente dise\u00f1adas, buscan no solo rendir homenaje [&hellip;]<\/p>\n","protected":false},"featured_media":569478,"comment_status":"closed","ping_status":"closed","template":"","meta":[],"product_brand":[],"product_cat":[304,305,306],"product_tag":[],"class_list":{"0":"post-569628","1":"product","2":"type-product","3":"status-publish","4":"has-post-thumbnail","6":"product_cat-revestimiento","7":"product_cat-banos","8":"product_cat-cocina","10":"first","11":"instock","12":"shipping-taxable","13":"product-type-grouped"},"_links":{"self":[{"href":"https:\/\/tilefly.com\/it\/wp-json\/wp\/v2\/product\/569628","targetHints":{"allow":["GET"]}}],"collection":[{"href":"https:\/\/tilefly.com\/it\/wp-json\/wp\/v2\/product"}],"about":[{"href":"https:\/\/tilefly.com\/it\/wp-json\/wp\/v2\/types\/product"}],"replies":[{"embeddable":true,"href":"https:\/\/tilefly.com\/it\/wp-json\/wp\/v2\/comments?post=569628"}],"wp:featuredmedia":[{"embeddable":true,"href":"https:\/\/tilefly.com\/it\/wp-json\/wp\/v2\/media\/569478"}],"wp:attachment":[{"href":"https:\/\/tilefly.com\/it\/wp-json\/wp\/v2\/media?parent=569628"}],"wp:term":[{"taxonomy":"product_brand","embeddable":true,"href":"https:\/\/tilefly.com\/it\/wp-json\/wp\/v2\/product_brand?post=569628"},{"taxonomy":"product_cat","embeddable":true,"href":"https:\/\/tilefly.com\/it\/wp-json\/wp\/v2\/product_cat?post=569628"},{"taxonomy":"product_tag","embeddable":true,"href":"https:\/\/tilefly.com\/it\/wp-json\/wp\/v2\/product_tag?post=569628"}],"curies":[{"name":"wp","href":"https:\/\/api.w.org\/{rel}","templated":true}]}}