{"id":568438,"date":"2025-02-27T00:07:12","date_gmt":"2025-02-26T23:07:12","guid":{"rendered":"https:\/\/tilefly.com\/?post_type=product&#038;p=568438"},"modified":"2025-02-27T00:07:15","modified_gmt":"2025-02-26T23:07:15","slug":"authentic","status":"publish","type":"product","link":"https:\/\/tilefly.com\/it\/prodotto\/authentic\/","title":{"rendered":"AUTHENTIC"},"content":{"rendered":"<p>Authentic se inspira en el roble italiano oscuro de los Prealpes de la regi\u00f3n italiana del V\u00e9neto. Proviene de un valle donde el color de los \u00e1rboles se caracteriza por tonalidades inusuales e intensas, que var\u00edan seg\u00fan la altitud y el entorno.<br \/>Sus piezas han sido sometidas a un tratamiento manual y con aceite, una combinaci\u00f3n que resalta sus matices y crea una fusi\u00f3n natural entre la madera del roble y el nogal. El resultado es un pavimento acogedor, donde la naturaleza encuentra en Authentic su m\u00e1xima expresi\u00f3n.<\/p>","protected":false},"excerpt":{"rendered":"<p>Authentic se inspira en el roble italiano oscuro de los Prealpes de la regi\u00f3n italiana del V\u00e9neto. Proviene de un valle donde el color de los \u00e1rboles se caracteriza por tonalidades inusuales e intensas, que var\u00edan seg\u00fan la altitud y el entorno.Sus piezas han sido sometidas a un tratamiento manual y con aceite, una combinaci\u00f3n [&hellip;]<\/p>\n","protected":false},"featured_media":567362,"comment_status":"closed","ping_status":"closed","template":"","meta":[],"product_brand":[],"product_cat":[303,305,306],"product_tag":[],"class_list":{"0":"post-568438","1":"product","2":"type-product","3":"status-publish","4":"has-post-thumbnail","6":"product_cat-baldosas","7":"product_cat-banos","8":"product_cat-cocina","10":"first","11":"instock","12":"shipping-taxable","13":"product-type-grouped"},"_links":{"self":[{"href":"https:\/\/tilefly.com\/it\/wp-json\/wp\/v2\/product\/568438","targetHints":{"allow":["GET"]}}],"collection":[{"href":"https:\/\/tilefly.com\/it\/wp-json\/wp\/v2\/product"}],"about":[{"href":"https:\/\/tilefly.com\/it\/wp-json\/wp\/v2\/types\/product"}],"replies":[{"embeddable":true,"href":"https:\/\/tilefly.com\/it\/wp-json\/wp\/v2\/comments?post=568438"}],"wp:featuredmedia":[{"embeddable":true,"href":"https:\/\/tilefly.com\/it\/wp-json\/wp\/v2\/media\/567362"}],"wp:attachment":[{"href":"https:\/\/tilefly.com\/it\/wp-json\/wp\/v2\/media?parent=568438"}],"wp:term":[{"taxonomy":"product_brand","embeddable":true,"href":"https:\/\/tilefly.com\/it\/wp-json\/wp\/v2\/product_brand?post=568438"},{"taxonomy":"product_cat","embeddable":true,"href":"https:\/\/tilefly.com\/it\/wp-json\/wp\/v2\/product_cat?post=568438"},{"taxonomy":"product_tag","embeddable":true,"href":"https:\/\/tilefly.com\/it\/wp-json\/wp\/v2\/product_tag?post=568438"}],"curies":[{"name":"wp","href":"https:\/\/api.w.org\/{rel}","templated":true}]}}