{"id":568436,"date":"2025-02-27T00:04:45","date_gmt":"2025-02-26T23:04:45","guid":{"rendered":"https:\/\/tilefly.com\/?post_type=product&#038;p=568436"},"modified":"2025-02-27T00:04:49","modified_gmt":"2025-02-26T23:04:49","slug":"aurora","status":"publish","type":"product","link":"https:\/\/tilefly.com\/it\/prodotto\/aurora\/","title":{"rendered":"AURORA"},"content":{"rendered":"<p>El m\u00e1rmol Breccia Aurora encandila por el dibujo que generan sus formas. Nuestra colecci\u00f3n Aurora reinterpreta la gr\u00e1fica del m\u00e1rmol original a trav\u00e9s de un dise\u00f1o trabajado para realzar sus cualidades.<br \/>Aportamos nuestra visi\u00f3n particular del m\u00e1rmol Breccia Aurora mediante nuevos matices y tonalidades. El resultado es un acabado excepcional: Honed, que trabaja en zonas de dise\u00f1o combinadas con la granilla 3D y el pulido mate, logrando un volumen tridimensional y una suavidad extraordinaria.<\/p>","protected":false},"excerpt":{"rendered":"<p>El m\u00e1rmol Breccia Aurora encandila por el dibujo que generan sus formas. Nuestra colecci\u00f3n Aurora reinterpreta la gr\u00e1fica del m\u00e1rmol original a trav\u00e9s de un dise\u00f1o trabajado para realzar sus cualidades.Aportamos nuestra visi\u00f3n particular del m\u00e1rmol Breccia Aurora mediante nuevos matices y tonalidades. El resultado es un acabado excepcional: Honed, que trabaja en zonas de [&hellip;]<\/p>\n","protected":false},"featured_media":567297,"comment_status":"closed","ping_status":"closed","template":"","meta":[],"product_brand":[],"product_cat":[303,305,306,307],"product_tag":[],"class_list":{"0":"post-568436","1":"product","2":"type-product","3":"status-publish","4":"has-post-thumbnail","6":"product_cat-baldosas","7":"product_cat-banos","8":"product_cat-cocina","9":"product_cat-salon","11":"first","12":"instock","13":"shipping-taxable","14":"product-type-grouped"},"_links":{"self":[{"href":"https:\/\/tilefly.com\/it\/wp-json\/wp\/v2\/product\/568436","targetHints":{"allow":["GET"]}}],"collection":[{"href":"https:\/\/tilefly.com\/it\/wp-json\/wp\/v2\/product"}],"about":[{"href":"https:\/\/tilefly.com\/it\/wp-json\/wp\/v2\/types\/product"}],"replies":[{"embeddable":true,"href":"https:\/\/tilefly.com\/it\/wp-json\/wp\/v2\/comments?post=568436"}],"wp:featuredmedia":[{"embeddable":true,"href":"https:\/\/tilefly.com\/it\/wp-json\/wp\/v2\/media\/567297"}],"wp:attachment":[{"href":"https:\/\/tilefly.com\/it\/wp-json\/wp\/v2\/media?parent=568436"}],"wp:term":[{"taxonomy":"product_brand","embeddable":true,"href":"https:\/\/tilefly.com\/it\/wp-json\/wp\/v2\/product_brand?post=568436"},{"taxonomy":"product_cat","embeddable":true,"href":"https:\/\/tilefly.com\/it\/wp-json\/wp\/v2\/product_cat?post=568436"},{"taxonomy":"product_tag","embeddable":true,"href":"https:\/\/tilefly.com\/it\/wp-json\/wp\/v2\/product_tag?post=568436"}],"curies":[{"name":"wp","href":"https:\/\/api.w.org\/{rel}","templated":true}]}}