{"id":567260,"date":"2025-02-26T22:16:11","date_gmt":"2025-02-26T21:16:11","guid":{"rendered":"https:\/\/tilefly.com\/?post_type=product&#038;p=567260"},"modified":"2025-02-26T22:17:30","modified_gmt":"2025-02-26T21:17:30","slug":"illinois","status":"publish","type":"product","link":"https:\/\/tilefly.com\/it\/prodotto\/illinois\/","title":{"rendered":"ILLINOIS"},"content":{"rendered":"<p>Sin duda, estamos ante un material, el cemento cer\u00e1mico, inmune al paso del tiempo y con una capacidad decorativa ilimitada porque se adapta perfectamente a otros materiales, como la piedra o la madera. Nos hemos centrado en este material a trav\u00e9s de nuestra Colecci\u00f3n Illinois para crear dise\u00f1os impresionantes y asombrosamente hermosos. Para recrear a\u00fan m\u00e1s esta est\u00e9tica, las baldosas aumentan de tama\u00f1o y las juntas casi desaparecen, buscando la continuidad visual. Illinois est\u00e1 disponible en m\u00faltiples formatos y acabados a trav\u00e9s de los colores propuestos.<\/p>","protected":false},"excerpt":{"rendered":"<p>Sin duda, estamos ante un material, el cemento cer\u00e1mico, inmune al paso del tiempo y con una capacidad decorativa ilimitada porque se adapta perfectamente a otros materiales, como la piedra o la madera. Nos hemos centrado en este material a trav\u00e9s de nuestra Colecci\u00f3n Illinois para crear dise\u00f1os impresionantes y asombrosamente hermosos. Para recrear a\u00fan [&hellip;]<\/p>\n","protected":false},"featured_media":567100,"comment_status":"closed","ping_status":"closed","template":"","meta":[],"product_brand":[],"product_cat":[303,305,306,307],"product_tag":[],"class_list":{"0":"post-567260","1":"product","2":"type-product","3":"status-publish","4":"has-post-thumbnail","6":"product_cat-baldosas","7":"product_cat-banos","8":"product_cat-cocina","9":"product_cat-salon","11":"first","12":"instock","13":"shipping-taxable","14":"product-type-grouped"},"_links":{"self":[{"href":"https:\/\/tilefly.com\/it\/wp-json\/wp\/v2\/product\/567260","targetHints":{"allow":["GET"]}}],"collection":[{"href":"https:\/\/tilefly.com\/it\/wp-json\/wp\/v2\/product"}],"about":[{"href":"https:\/\/tilefly.com\/it\/wp-json\/wp\/v2\/types\/product"}],"replies":[{"embeddable":true,"href":"https:\/\/tilefly.com\/it\/wp-json\/wp\/v2\/comments?post=567260"}],"wp:featuredmedia":[{"embeddable":true,"href":"https:\/\/tilefly.com\/it\/wp-json\/wp\/v2\/media\/567100"}],"wp:attachment":[{"href":"https:\/\/tilefly.com\/it\/wp-json\/wp\/v2\/media?parent=567260"}],"wp:term":[{"taxonomy":"product_brand","embeddable":true,"href":"https:\/\/tilefly.com\/it\/wp-json\/wp\/v2\/product_brand?post=567260"},{"taxonomy":"product_cat","embeddable":true,"href":"https:\/\/tilefly.com\/it\/wp-json\/wp\/v2\/product_cat?post=567260"},{"taxonomy":"product_tag","embeddable":true,"href":"https:\/\/tilefly.com\/it\/wp-json\/wp\/v2\/product_tag?post=567260"}],"curies":[{"name":"wp","href":"https:\/\/api.w.org\/{rel}","templated":true}]}}