{"id":566973,"date":"2025-02-24T22:33:13","date_gmt":"2025-02-24T21:33:13","guid":{"rendered":"https:\/\/tilefly.com\/?post_type=product&#038;p=566973"},"modified":"2025-02-24T22:33:18","modified_gmt":"2025-02-24T21:33:18","slug":"hoss","status":"publish","type":"product","link":"https:\/\/tilefly.com\/it\/prodotto\/hoss\/","title":{"rendered":"HOSS"},"content":{"rendered":"<p>Serie Hoss<\/p><p>Hoss toma el testigo de Leeds, una colecci\u00f3n que rinde tributo a la arquitectura moderna y juega con el amplio abanico de posibilidades que ofrece el porcel\u00e1nico para crear infinitos ambientes. Nuestra serie Hoss incorpora novedades en su formato y una paleta crom\u00e1tica id\u00f3nea para su composici\u00f3n. Con la t\u00e9cnica del cemento encofrado se ha conseguido reproducir un suave relieve que conjugan el cemento encofrado y la madera, resultando as\u00ed una colecci\u00f3n m\u00e1s completa y vers\u00e1til.<\/p>","protected":false},"excerpt":{"rendered":"<p>Serie HossHoss toma el testigo de Leeds, una colecci\u00f3n que rinde tributo a la arquitectura moderna y juega con el amplio abanico de posibilidades que ofrece el porcel\u00e1nico para crear infinitos ambientes. Nuestra serie Hoss incorpora novedades en su formato y una paleta crom\u00e1tica id\u00f3nea para su composici\u00f3n. Con la t\u00e9cnica del cemento encofrado se [&hellip;]<\/p>\n","protected":false},"featured_media":566870,"comment_status":"closed","ping_status":"closed","template":"","meta":[],"product_brand":[],"product_cat":[304,305,306],"product_tag":[],"class_list":{"0":"post-566973","1":"product","2":"type-product","3":"status-publish","4":"has-post-thumbnail","6":"product_cat-revestimiento","7":"product_cat-banos","8":"product_cat-cocina","10":"first","11":"instock","12":"shipping-taxable","13":"product-type-grouped"},"_links":{"self":[{"href":"https:\/\/tilefly.com\/it\/wp-json\/wp\/v2\/product\/566973","targetHints":{"allow":["GET"]}}],"collection":[{"href":"https:\/\/tilefly.com\/it\/wp-json\/wp\/v2\/product"}],"about":[{"href":"https:\/\/tilefly.com\/it\/wp-json\/wp\/v2\/types\/product"}],"replies":[{"embeddable":true,"href":"https:\/\/tilefly.com\/it\/wp-json\/wp\/v2\/comments?post=566973"}],"wp:featuredmedia":[{"embeddable":true,"href":"https:\/\/tilefly.com\/it\/wp-json\/wp\/v2\/media\/566870"}],"wp:attachment":[{"href":"https:\/\/tilefly.com\/it\/wp-json\/wp\/v2\/media?parent=566973"}],"wp:term":[{"taxonomy":"product_brand","embeddable":true,"href":"https:\/\/tilefly.com\/it\/wp-json\/wp\/v2\/product_brand?post=566973"},{"taxonomy":"product_cat","embeddable":true,"href":"https:\/\/tilefly.com\/it\/wp-json\/wp\/v2\/product_cat?post=566973"},{"taxonomy":"product_tag","embeddable":true,"href":"https:\/\/tilefly.com\/it\/wp-json\/wp\/v2\/product_tag?post=566973"}],"curies":[{"name":"wp","href":"https:\/\/api.w.org\/{rel}","templated":true}]}}