{"id":551852,"date":"2025-02-14T14:13:02","date_gmt":"2025-02-14T13:13:02","guid":{"rendered":"https:\/\/tilefly.com\/?post_type=product&#038;p=551852"},"modified":"2025-02-14T14:13:06","modified_gmt":"2025-02-14T13:13:06","slug":"fayenza","status":"publish","type":"product","link":"https:\/\/tilefly.com\/it\/prodotto\/fayenza\/","title":{"rendered":"FAYENZA"},"content":{"rendered":"<p>Los alfareros de la ciudad italiana de Faenza instauraron una nueva forma de tratar la cer\u00e1mica que debe su nombre a esta ciudad y a su tradici\u00f3n cer\u00e1mica. Este tipo de artesan\u00edas utilizaban la loza fina, una t\u00e9cnica que se caracterizaba por otorgar un efecto v\u00edtreo a los productos cer\u00e1micos. Nuestra serie Fayenza tiene ese mismo acabado en brillo al conservar la huella tradicional de la cer\u00e1mica en la que se inspira a trav\u00e9s de una amplia variedad de formatos y las combinaciones de sus piezas de peque\u00f1o formato.<\/p>","protected":false},"excerpt":{"rendered":"<p>Los alfareros de la ciudad italiana de Faenza instauraron una nueva forma de tratar la cer\u00e1mica que debe su nombre a esta ciudad y a su tradici\u00f3n cer\u00e1mica. Este tipo de artesan\u00edas utilizaban la loza fina, una t\u00e9cnica que se caracterizaba por otorgar un efecto v\u00edtreo a los productos cer\u00e1micos. Nuestra serie Fayenza tiene ese [&hellip;]<\/p>\n","protected":false},"featured_media":551011,"comment_status":"closed","ping_status":"closed","template":"","meta":[],"product_brand":[],"product_cat":[303,305,306,304],"product_tag":[],"class_list":{"0":"post-551852","1":"product","2":"type-product","3":"status-publish","4":"has-post-thumbnail","6":"product_cat-baldosas","7":"product_cat-banos","8":"product_cat-cocina","9":"product_cat-revestimiento","11":"first","12":"instock","13":"shipping-taxable","14":"product-type-grouped"},"_links":{"self":[{"href":"https:\/\/tilefly.com\/it\/wp-json\/wp\/v2\/product\/551852","targetHints":{"allow":["GET"]}}],"collection":[{"href":"https:\/\/tilefly.com\/it\/wp-json\/wp\/v2\/product"}],"about":[{"href":"https:\/\/tilefly.com\/it\/wp-json\/wp\/v2\/types\/product"}],"replies":[{"embeddable":true,"href":"https:\/\/tilefly.com\/it\/wp-json\/wp\/v2\/comments?post=551852"}],"wp:featuredmedia":[{"embeddable":true,"href":"https:\/\/tilefly.com\/it\/wp-json\/wp\/v2\/media\/551011"}],"wp:attachment":[{"href":"https:\/\/tilefly.com\/it\/wp-json\/wp\/v2\/media?parent=551852"}],"wp:term":[{"taxonomy":"product_brand","embeddable":true,"href":"https:\/\/tilefly.com\/it\/wp-json\/wp\/v2\/product_brand?post=551852"},{"taxonomy":"product_cat","embeddable":true,"href":"https:\/\/tilefly.com\/it\/wp-json\/wp\/v2\/product_cat?post=551852"},{"taxonomy":"product_tag","embeddable":true,"href":"https:\/\/tilefly.com\/it\/wp-json\/wp\/v2\/product_tag?post=551852"}],"curies":[{"name":"wp","href":"https:\/\/api.w.org\/{rel}","templated":true}]}}