{"id":546697,"date":"2024-11-15T16:26:46","date_gmt":"2024-11-15T15:26:46","guid":{"rendered":"https:\/\/tilefly.com\/?post_type=product&#038;p=546697"},"modified":"2025-02-19T01:33:38","modified_gmt":"2025-02-19T00:33:38","slug":"zuhause","status":"publish","type":"product","link":"https:\/\/tilefly.com\/it\/prodotto\/zuhause\/","title":{"rendered":"ZUHAUSE"},"content":{"rendered":"<p>Zuhause es una colecci\u00f3n con una gr\u00e1fica neutral que supone un acierto seguro para todo tipo de hogares y estancias. Una colecci\u00f3n rom\u00e1ntica y cl\u00e1sica que cautiva a los amantes de la pureza en el dise\u00f1o, ese dise\u00f1o sin artificios ni ornamentos. Su abanico crom\u00e1tico est\u00e1 compuesto por colores neutros y su aspecto semibrillante aporta una textura \u00fanica a las piezas, sutil pero visible. Sin duda, Zuhause es una opci\u00f3n muy tentadora para aquellos que buscan una colecci\u00f3n elegante que combinar con otras m\u00e1s arriesgadas.<\/p>","protected":false},"excerpt":{"rendered":"<p>Zuhause es una colecci\u00f3n con una gr\u00e1fica neutral que supone un acierto seguro para todo tipo de hogares y estancias. Una colecci\u00f3n rom\u00e1ntica y cl\u00e1sica que cautiva a los amantes de la pureza en el dise\u00f1o, ese dise\u00f1o sin artificios ni ornamentos. Su abanico crom\u00e1tico est\u00e1 compuesto por colores neutros y su aspecto semibrillante aporta [&hellip;]<\/p>\n","protected":false},"featured_media":546474,"comment_status":"closed","ping_status":"closed","template":"","meta":[],"product_brand":[],"product_cat":[846,847,848,866],"product_tag":[],"class_list":{"0":"post-546697","1":"product","2":"type-product","3":"status-publish","4":"has-post-thumbnail","6":"product_cat-piastrelle","7":"product_cat-bagni","8":"product_cat-cucine","9":"product_cat-salotto","11":"first","12":"instock","13":"shipping-taxable","14":"product-type-grouped"},"_links":{"self":[{"href":"https:\/\/tilefly.com\/it\/wp-json\/wp\/v2\/product\/546697","targetHints":{"allow":["GET"]}}],"collection":[{"href":"https:\/\/tilefly.com\/it\/wp-json\/wp\/v2\/product"}],"about":[{"href":"https:\/\/tilefly.com\/it\/wp-json\/wp\/v2\/types\/product"}],"replies":[{"embeddable":true,"href":"https:\/\/tilefly.com\/it\/wp-json\/wp\/v2\/comments?post=546697"}],"wp:featuredmedia":[{"embeddable":true,"href":"https:\/\/tilefly.com\/it\/wp-json\/wp\/v2\/media\/546474"}],"wp:attachment":[{"href":"https:\/\/tilefly.com\/it\/wp-json\/wp\/v2\/media?parent=546697"}],"wp:term":[{"taxonomy":"product_brand","embeddable":true,"href":"https:\/\/tilefly.com\/it\/wp-json\/wp\/v2\/product_brand?post=546697"},{"taxonomy":"product_cat","embeddable":true,"href":"https:\/\/tilefly.com\/it\/wp-json\/wp\/v2\/product_cat?post=546697"},{"taxonomy":"product_tag","embeddable":true,"href":"https:\/\/tilefly.com\/it\/wp-json\/wp\/v2\/product_tag?post=546697"}],"curies":[{"name":"wp","href":"https:\/\/api.w.org\/{rel}","templated":true}]}}