{"id":546696,"date":"2024-11-15T16:20:47","date_gmt":"2024-11-15T15:20:47","guid":{"rendered":"https:\/\/tilefly.com\/?post_type=product&#038;p=546696"},"modified":"2024-11-15T16:20:49","modified_gmt":"2024-11-15T15:20:49","slug":"yoho","status":"publish","type":"product","link":"https:\/\/tilefly.com\/it\/prodotto\/yoho\/","title":{"rendered":"YOHO"},"content":{"rendered":"<p>Pasear por el parque nacional Yoho, ubicado en Canad\u00e1, es pura inspiraci\u00f3n: sus paisajes, sus monta\u00f1as y sus incre\u00edbles lagos se reproducen en esta colecci\u00f3n, representando las virtudes del roble, su resistencia y su imperturbable naturaleza. Para conseguir una paleta crom\u00e1tica en tonos madera se han utilizado seis tintas de color. La t\u00e9cnica carving genera un efecto de relieve bajo el esmalte, capaz de conquistar hasta a los profesionales m\u00e1s exigentes.<\/p>","protected":false},"excerpt":{"rendered":"<p>Pasear por el parque nacional Yoho, ubicado en Canad\u00e1, es pura inspiraci\u00f3n: sus paisajes, sus monta\u00f1as y sus incre\u00edbles lagos se reproducen en esta colecci\u00f3n, representando las virtudes del roble, su resistencia y su imperturbable naturaleza. Para conseguir una paleta crom\u00e1tica en tonos madera se han utilizado seis tintas de color. La t\u00e9cnica carving genera [&hellip;]<\/p>\n","protected":false},"featured_media":546326,"comment_status":"closed","ping_status":"closed","template":"","meta":[],"product_brand":[],"product_cat":[303,305,306,307],"product_tag":[],"class_list":{"0":"post-546696","1":"product","2":"type-product","3":"status-publish","4":"has-post-thumbnail","6":"product_cat-baldosas","7":"product_cat-banos","8":"product_cat-cocina","9":"product_cat-salon","11":"first","12":"instock","13":"shipping-taxable","14":"product-type-grouped"},"_links":{"self":[{"href":"https:\/\/tilefly.com\/it\/wp-json\/wp\/v2\/product\/546696","targetHints":{"allow":["GET"]}}],"collection":[{"href":"https:\/\/tilefly.com\/it\/wp-json\/wp\/v2\/product"}],"about":[{"href":"https:\/\/tilefly.com\/it\/wp-json\/wp\/v2\/types\/product"}],"replies":[{"embeddable":true,"href":"https:\/\/tilefly.com\/it\/wp-json\/wp\/v2\/comments?post=546696"}],"wp:featuredmedia":[{"embeddable":true,"href":"https:\/\/tilefly.com\/it\/wp-json\/wp\/v2\/media\/546326"}],"wp:attachment":[{"href":"https:\/\/tilefly.com\/it\/wp-json\/wp\/v2\/media?parent=546696"}],"wp:term":[{"taxonomy":"product_brand","embeddable":true,"href":"https:\/\/tilefly.com\/it\/wp-json\/wp\/v2\/product_brand?post=546696"},{"taxonomy":"product_cat","embeddable":true,"href":"https:\/\/tilefly.com\/it\/wp-json\/wp\/v2\/product_cat?post=546696"},{"taxonomy":"product_tag","embeddable":true,"href":"https:\/\/tilefly.com\/it\/wp-json\/wp\/v2\/product_tag?post=546696"}],"curies":[{"name":"wp","href":"https:\/\/api.w.org\/{rel}","templated":true}]}}