{"id":546695,"date":"2024-11-15T16:17:11","date_gmt":"2024-11-15T15:17:11","guid":{"rendered":"https:\/\/tilefly.com\/?post_type=product&#038;p=546695"},"modified":"2024-11-15T16:17:13","modified_gmt":"2024-11-15T15:17:13","slug":"volterra","status":"publish","type":"product","link":"https:\/\/tilefly.com\/it\/prodotto\/volterra\/","title":{"rendered":"VOLTERRA"},"content":{"rendered":"<p>Volterra White se inspira en el m\u00e1rmol blanco arabescato, una piedra natural de exquisita belleza que combina suavidad en los tonos blancos y sutiles grises. Originaria de la regi\u00f3n norte de la Toscana, cerca de la hist\u00f3rica ciudad de Carrara en Italia, esta piedra es famosa por su larga tradici\u00f3n en la extracci\u00f3n de m\u00e1rmol. Nuestra colecci\u00f3n captura esta combinaci\u00f3n \u00fanica de blancos y grises entrelazados en un patr\u00f3n arremolinado, convirti\u00e9ndola en la elecci\u00f3n perfecta para proyectos de dise\u00f1o de interiores y arquitectura.<\/p>","protected":false},"excerpt":{"rendered":"<p>Volterra White se inspira en el m\u00e1rmol blanco arabescato, una piedra natural de exquisita belleza que combina suavidad en los tonos blancos y sutiles grises. Originaria de la regi\u00f3n norte de la Toscana, cerca de la hist\u00f3rica ciudad de Carrara en Italia, esta piedra es famosa por su larga tradici\u00f3n en la extracci\u00f3n de m\u00e1rmol. [&hellip;]<\/p>\n","protected":false},"featured_media":546097,"comment_status":"closed","ping_status":"closed","template":"","meta":[],"product_brand":[],"product_cat":[303,305,307],"product_tag":[],"class_list":{"0":"post-546695","1":"product","2":"type-product","3":"status-publish","4":"has-post-thumbnail","6":"product_cat-baldosas","7":"product_cat-banos","8":"product_cat-salon","10":"first","11":"instock","12":"shipping-taxable","13":"product-type-grouped"},"_links":{"self":[{"href":"https:\/\/tilefly.com\/it\/wp-json\/wp\/v2\/product\/546695","targetHints":{"allow":["GET"]}}],"collection":[{"href":"https:\/\/tilefly.com\/it\/wp-json\/wp\/v2\/product"}],"about":[{"href":"https:\/\/tilefly.com\/it\/wp-json\/wp\/v2\/types\/product"}],"replies":[{"embeddable":true,"href":"https:\/\/tilefly.com\/it\/wp-json\/wp\/v2\/comments?post=546695"}],"wp:featuredmedia":[{"embeddable":true,"href":"https:\/\/tilefly.com\/it\/wp-json\/wp\/v2\/media\/546097"}],"wp:attachment":[{"href":"https:\/\/tilefly.com\/it\/wp-json\/wp\/v2\/media?parent=546695"}],"wp:term":[{"taxonomy":"product_brand","embeddable":true,"href":"https:\/\/tilefly.com\/it\/wp-json\/wp\/v2\/product_brand?post=546695"},{"taxonomy":"product_cat","embeddable":true,"href":"https:\/\/tilefly.com\/it\/wp-json\/wp\/v2\/product_cat?post=546695"},{"taxonomy":"product_tag","embeddable":true,"href":"https:\/\/tilefly.com\/it\/wp-json\/wp\/v2\/product_tag?post=546695"}],"curies":[{"name":"wp","href":"https:\/\/api.w.org\/{rel}","templated":true}]}}