{"id":542675,"date":"2024-11-08T18:13:54","date_gmt":"2024-11-08T17:13:54","guid":{"rendered":"https:\/\/tilefly.com\/?post_type=product&#038;p=542675"},"modified":"2024-11-08T18:15:47","modified_gmt":"2024-11-08T17:15:47","slug":"brianna","status":"publish","type":"product","link":"https:\/\/tilefly.com\/it\/prodotto\/brianna\/","title":{"rendered":"BRIANNA"},"content":{"rendered":"<h2>Serie Brianna<br \/><\/h2><p>Presentada en la Expo Universal de Par\u00eds de 1867, la baldosa hidr\u00e1ulica se convirti\u00f3 en un producto que revolucion\u00f3 el mercado y atrajo a los grandes artistas de la \u00e9poca. Y, desde entonces, no ha pasado de moda. Hoy en d\u00eda es tendencia y uno de los productos m\u00e1s apreciados por el dise\u00f1o de interiores por su gran inter\u00e9s crom\u00e1tico y su riqueza artesanal. Con la colecci\u00f3n Brianna reinterpretamos y actualizamos este cl\u00e1sico, con motivos decorativos contempor\u00e1neos, purificando las l\u00edneas y con una gama de color m\u00e1s sobria y de tendencia.<\/p>","protected":false},"excerpt":{"rendered":"<p>Serie BriannaPresentada en la Expo Universal de Par\u00eds de 1867, la baldosa hidr\u00e1ulica se convirti\u00f3 en un producto que revolucion\u00f3 el mercado y atrajo a los grandes artistas de la \u00e9poca. Y, desde entonces, no ha pasado de moda. Hoy en d\u00eda es tendencia y uno de los productos m\u00e1s apreciados por el dise\u00f1o de [&hellip;]<\/p>\n","protected":false},"featured_media":542447,"comment_status":"closed","ping_status":"closed","template":"","meta":[],"product_brand":[],"product_cat":[303,305,306,304,307],"product_tag":[],"class_list":{"0":"post-542675","1":"product","2":"type-product","3":"status-publish","4":"has-post-thumbnail","6":"product_cat-baldosas","7":"product_cat-banos","8":"product_cat-cocina","9":"product_cat-revestimiento","10":"product_cat-salon","12":"first","13":"instock","14":"shipping-taxable","15":"product-type-grouped"},"_links":{"self":[{"href":"https:\/\/tilefly.com\/it\/wp-json\/wp\/v2\/product\/542675","targetHints":{"allow":["GET"]}}],"collection":[{"href":"https:\/\/tilefly.com\/it\/wp-json\/wp\/v2\/product"}],"about":[{"href":"https:\/\/tilefly.com\/it\/wp-json\/wp\/v2\/types\/product"}],"replies":[{"embeddable":true,"href":"https:\/\/tilefly.com\/it\/wp-json\/wp\/v2\/comments?post=542675"}],"wp:featuredmedia":[{"embeddable":true,"href":"https:\/\/tilefly.com\/it\/wp-json\/wp\/v2\/media\/542447"}],"wp:attachment":[{"href":"https:\/\/tilefly.com\/it\/wp-json\/wp\/v2\/media?parent=542675"}],"wp:term":[{"taxonomy":"product_brand","embeddable":true,"href":"https:\/\/tilefly.com\/it\/wp-json\/wp\/v2\/product_brand?post=542675"},{"taxonomy":"product_cat","embeddable":true,"href":"https:\/\/tilefly.com\/it\/wp-json\/wp\/v2\/product_cat?post=542675"},{"taxonomy":"product_tag","embeddable":true,"href":"https:\/\/tilefly.com\/it\/wp-json\/wp\/v2\/product_tag?post=542675"}],"curies":[{"name":"wp","href":"https:\/\/api.w.org\/{rel}","templated":true}]}}