{"id":541335,"date":"2024-11-08T15:04:41","date_gmt":"2024-11-08T14:04:41","guid":{"rendered":"https:\/\/tilefly.com\/producto\/pyramid-terracota-5x20\/"},"modified":"2025-05-28T00:46:52","modified_gmt":"2025-05-27T22:46:52","slug":"pyramid-terracota-5x20","status":"publish","type":"product","link":"https:\/\/tilefly.com\/it\/prodotto\/pyramid-terracota-5x20\/","title":{"rendered":"PYRAMID TERRACOTA 5X20"},"content":{"rendered":"<h2><strong>PYRAMID TERRACOTA 5X20<\/strong><\/h2><p>Con un tono tierra y un dise\u00f1o tridimensional de pir\u00e1mides, este revestimiento evoca una conexi\u00f3n con la naturaleza. Ideal para quienes buscan un espacio c\u00e1lido y acogedor, lleno de textura y profundidad visual.<\/p>","protected":false},"excerpt":{"rendered":"<p>PYRAMID TERRACOTA 5X20Con un tono tierra y un dise\u00f1o tridimensional de pir\u00e1mides, este revestimiento evoca una conexi\u00f3n con la naturaleza. Ideal para quienes buscan un espacio c\u00e1lido y acogedor, lleno de textura y profundidad visual.<\/p>\n","protected":false},"featured_media":541329,"comment_status":"open","ping_status":"closed","template":"","meta":[],"product_brand":[],"product_cat":[847,848,827],"product_tag":[],"class_list":{"0":"post-541335","1":"product","2":"type-product","3":"status-publish","4":"has-post-thumbnail","6":"product_cat-bagni","7":"product_cat-cucine","8":"product_cat-rivestimento","10":"first","11":"outofstock","12":"shipping-taxable","13":"purchasable","14":"product-type-simple"},"_links":{"self":[{"href":"https:\/\/tilefly.com\/it\/wp-json\/wp\/v2\/product\/541335","targetHints":{"allow":["GET"]}}],"collection":[{"href":"https:\/\/tilefly.com\/it\/wp-json\/wp\/v2\/product"}],"about":[{"href":"https:\/\/tilefly.com\/it\/wp-json\/wp\/v2\/types\/product"}],"replies":[{"embeddable":true,"href":"https:\/\/tilefly.com\/it\/wp-json\/wp\/v2\/comments?post=541335"}],"wp:featuredmedia":[{"embeddable":true,"href":"https:\/\/tilefly.com\/it\/wp-json\/wp\/v2\/media\/541329"}],"wp:attachment":[{"href":"https:\/\/tilefly.com\/it\/wp-json\/wp\/v2\/media?parent=541335"}],"wp:term":[{"taxonomy":"product_brand","embeddable":true,"href":"https:\/\/tilefly.com\/it\/wp-json\/wp\/v2\/product_brand?post=541335"},{"taxonomy":"product_cat","embeddable":true,"href":"https:\/\/tilefly.com\/it\/wp-json\/wp\/v2\/product_cat?post=541335"},{"taxonomy":"product_tag","embeddable":true,"href":"https:\/\/tilefly.com\/it\/wp-json\/wp\/v2\/product_tag?post=541335"}],"curies":[{"name":"wp","href":"https:\/\/api.w.org\/{rel}","templated":true}]}}