{"id":540728,"date":"2024-11-07T03:43:58","date_gmt":"2024-11-07T02:43:58","guid":{"rendered":"https:\/\/tilefly.com\/?post_type=product&#038;p=540728"},"modified":"2024-11-07T03:48:26","modified_gmt":"2024-11-07T02:48:26","slug":"contemporary","status":"publish","type":"product","link":"https:\/\/tilefly.com\/it\/prodotto\/contemporary\/","title":{"rendered":"CONTEMPORARY"},"content":{"rendered":"<p>Contemporary nace para cuestionar los convencionalismos y la tradici\u00f3n y para reinterpretar las normas b\u00e1sicas del interiorismo. Atrevida y desenfadada, esta colecci\u00f3n de pavimento porcel\u00e1nico es perfecta para combinar con cualquier colecci\u00f3n de APE Grupo. Contemporary es capaz de relacionarse con otros productos de manera \u00e1gil y con sorprendentes resultados. Su formato peque\u00f1o y su gama de colores hacen realidad nuestro concepto creativo \u2018The Perfect Mix\u2019.<\/p>","protected":false},"excerpt":{"rendered":"<p>Contemporary nace para cuestionar los convencionalismos y la tradici\u00f3n y para reinterpretar las normas b\u00e1sicas del interiorismo. Atrevida y desenfadada, esta colecci\u00f3n de pavimento porcel\u00e1nico es perfecta para combinar con cualquier colecci\u00f3n de APE Grupo. Contemporary es capaz de relacionarse con otros productos de manera \u00e1gil y con sorprendentes resultados. Su formato peque\u00f1o y su [&hellip;]<\/p>\n","protected":false},"featured_media":540681,"comment_status":"closed","ping_status":"closed","template":"","meta":[],"product_brand":[],"product_cat":[846,847,848,827,866],"product_tag":[],"class_list":{"0":"post-540728","1":"product","2":"type-product","3":"status-publish","4":"has-post-thumbnail","6":"product_cat-piastrelle","7":"product_cat-bagni","8":"product_cat-cucine","9":"product_cat-rivestimento","10":"product_cat-salotto","12":"first","13":"instock","14":"shipping-taxable","15":"product-type-grouped"},"_links":{"self":[{"href":"https:\/\/tilefly.com\/it\/wp-json\/wp\/v2\/product\/540728","targetHints":{"allow":["GET"]}}],"collection":[{"href":"https:\/\/tilefly.com\/it\/wp-json\/wp\/v2\/product"}],"about":[{"href":"https:\/\/tilefly.com\/it\/wp-json\/wp\/v2\/types\/product"}],"replies":[{"embeddable":true,"href":"https:\/\/tilefly.com\/it\/wp-json\/wp\/v2\/comments?post=540728"}],"wp:featuredmedia":[{"embeddable":true,"href":"https:\/\/tilefly.com\/it\/wp-json\/wp\/v2\/media\/540681"}],"wp:attachment":[{"href":"https:\/\/tilefly.com\/it\/wp-json\/wp\/v2\/media?parent=540728"}],"wp:term":[{"taxonomy":"product_brand","embeddable":true,"href":"https:\/\/tilefly.com\/it\/wp-json\/wp\/v2\/product_brand?post=540728"},{"taxonomy":"product_cat","embeddable":true,"href":"https:\/\/tilefly.com\/it\/wp-json\/wp\/v2\/product_cat?post=540728"},{"taxonomy":"product_tag","embeddable":true,"href":"https:\/\/tilefly.com\/it\/wp-json\/wp\/v2\/product_tag?post=540728"}],"curies":[{"name":"wp","href":"https:\/\/api.w.org\/{rel}","templated":true}]}}