{"id":526016,"date":"2024-01-20T15:32:17","date_gmt":"2024-01-20T14:32:17","guid":{"rendered":"https:\/\/tilefly.com\/producto\/plus-caliope-natural-mt-60x60-rect-20mm-inout\/"},"modified":"2025-05-28T00:46:36","modified_gmt":"2025-05-27T22:46:36","slug":"plus-caliope-natural-mt-60x60-rect-20mm-inout","status":"publish","type":"product","link":"https:\/\/tilefly.com\/it\/prodotto\/plus-caliope-natural-mt-60x60-rect-20mm-inout\/","title":{"rendered":"PLUS CALIOPE NATURAL MT 60X60 RECT (20MM) INOUT"},"content":{"rendered":"<h1><strong>Azulejo Porcel\u00e1nico Esmaltado PLUS CALIOPE NATURAL MT 60X60 RECT (20MM) INOUT<\/strong><\/h1><p>Este azulejo de la serie CALIOPE en formato 60X60 es un azulejo Porcel\u00e1nico Esmaltado de color Beige en acabado Mate<\/p><p>+&#8217;<\/p><p>Este azulejo cuenta con tecnologia INOUT, una caracteristica del material que lo hace de tacto suave y a su vez es un antideslizante entre C2-C3 y R10-R11, ideal para la instalaci\u00f3n dentro y fuera de la casa.<\/p><p>n&#8217;<\/p><h2 id=\"plus-caliope-natural-mt-60x60-rect-20mm-inout\">PLUS CALIOPE NATURAL MT 60X60 RECT (20MM) INOUT<\/h2><p>El azulejo PLUS Caliope Natural MT de 60&#215;60 cm RECT con un espesor de 20 mm INOUT combina robustez y belleza natural. Su color natural y acabado mate crean un ambiente sereno y armonioso, ideal para cualquier espacio que busque equilibrar estilo y funcionalidad. Este azulejo es excepcionalmente adecuado para \u00e1reas de alto tr\u00e1fico, tanto en interiores como en exteriores, gracias a su resistencia y superficie antideslizante C3\/R10, lo que lo convierte en una elecci\u00f3n pr\u00e1ctica y elegante para cualquier proyecto de dise\u00f1o.<\/p>","protected":false},"excerpt":{"rendered":"<p>Azulejo Porcel\u00e1nico Esmaltado PLUS CALIOPE NATURAL MT 60X60 RECT (20MM) INOUTEste azulejo de la serie CALIOPE en formato 60X60 es un azulejo Porcel\u00e1nico Esmaltado de color Beige en acabado Mate+&#8217;Este azulejo cuenta con tecnologia INOUT, una caracteristica del material que lo hace de tacto suave y a su vez es un antideslizante entre C2-C3 y [&hellip;]<\/p>\n","protected":false},"featured_media":526004,"comment_status":"open","ping_status":"closed","template":"","meta":[],"product_brand":[],"product_cat":[561],"product_tag":[],"class_list":{"0":"post-526016","1":"product","2":"type-product","3":"status-publish","4":"has-post-thumbnail","6":"product_cat-vloertegels","8":"first","9":"outofstock","10":"shipping-taxable","11":"purchasable","12":"product-type-simple"},"_links":{"self":[{"href":"https:\/\/tilefly.com\/it\/wp-json\/wp\/v2\/product\/526016","targetHints":{"allow":["GET"]}}],"collection":[{"href":"https:\/\/tilefly.com\/it\/wp-json\/wp\/v2\/product"}],"about":[{"href":"https:\/\/tilefly.com\/it\/wp-json\/wp\/v2\/types\/product"}],"replies":[{"embeddable":true,"href":"https:\/\/tilefly.com\/it\/wp-json\/wp\/v2\/comments?post=526016"}],"wp:featuredmedia":[{"embeddable":true,"href":"https:\/\/tilefly.com\/it\/wp-json\/wp\/v2\/media\/526004"}],"wp:attachment":[{"href":"https:\/\/tilefly.com\/it\/wp-json\/wp\/v2\/media?parent=526016"}],"wp:term":[{"taxonomy":"product_brand","embeddable":true,"href":"https:\/\/tilefly.com\/it\/wp-json\/wp\/v2\/product_brand?post=526016"},{"taxonomy":"product_cat","embeddable":true,"href":"https:\/\/tilefly.com\/it\/wp-json\/wp\/v2\/product_cat?post=526016"},{"taxonomy":"product_tag","embeddable":true,"href":"https:\/\/tilefly.com\/it\/wp-json\/wp\/v2\/product_tag?post=526016"}],"curies":[{"name":"wp","href":"https:\/\/api.w.org\/{rel}","templated":true}]}}