{"id":526003,"date":"2024-01-20T15:32:02","date_gmt":"2024-01-20T14:32:02","guid":{"rendered":"https:\/\/tilefly.com\/producto\/plus-caliope-pearl-mt-60x60-rect-20mm-inout\/"},"modified":"2025-05-28T00:46:35","modified_gmt":"2025-05-27T22:46:35","slug":"plus-caliope-pearl-mt-60x60-rect-20mm-inout","status":"publish","type":"product","link":"https:\/\/tilefly.com\/it\/prodotto\/plus-caliope-pearl-mt-60x60-rect-20mm-inout\/","title":{"rendered":"PLUS CALIOPE PEARL MT 60X60 RECT (20MM) INOUT"},"content":{"rendered":"<h1><strong>Azulejo Porcel\u00e1nico Esmaltado PLUS CALIOPE PEARL MT 60X60 RECT (20MM) INOUT<\/strong><\/h1><p>Este azulejo de la serie CALIOPE en formato 60X60 es un azulejo Porcel\u00e1nico Esmaltado de color Perla en acabado Mate<\/p><p>+&#8217;<\/p><p>Este azulejo cuenta con tecnologia INOUT, una caracteristica del material que lo hace de tacto suave y a su vez es un antideslizante entre C2-C3 y R10-R11, ideal para la instalaci\u00f3n dentro y fuera de la casa.<\/p><p>n&#8217;<\/p><h2 id=\"plus-caliope-pearl-mt-60x60-rect-20mm-inout\">PLUS CALIOPE PEARL MT 60X60 RECT (20MM) INOUT<\/h2><p>PLUS Caliope Pearl MT de 60&#215;60 cm RECT con 20 mm de espesor INOUT es la personificaci\u00f3n de la resistencia y la sofisticaci\u00f3n. Su acabado mate y tono perlado aportan un toque de elegancia discreta a cualquier entorno. Este azulejo, dise\u00f1ado para soportar el uso intensivo tanto en interiores como en exteriores, es ideal para \u00e1reas que requieren un material duradero y est\u00e9ticamente atractivo. El acabado antideslizante C3\/R10 garantiza seguridad y funcionalidad en todas las condiciones.<\/p>","protected":false},"excerpt":{"rendered":"<p>Azulejo Porcel\u00e1nico Esmaltado PLUS CALIOPE PEARL MT 60X60 RECT (20MM) INOUTEste azulejo de la serie CALIOPE en formato 60X60 es un azulejo Porcel\u00e1nico Esmaltado de color Perla en acabado Mate+&#8217;Este azulejo cuenta con tecnologia INOUT, una caracteristica del material que lo hace de tacto suave y a su vez es un antideslizante entre C2-C3 y [&hellip;]<\/p>\n","protected":false},"featured_media":525991,"comment_status":"open","ping_status":"closed","template":"","meta":[],"product_brand":[],"product_cat":[303],"product_tag":[],"class_list":{"0":"post-526003","1":"product","2":"type-product","3":"status-publish","4":"has-post-thumbnail","6":"product_cat-baldosas","8":"first","9":"outofstock","10":"shipping-taxable","11":"purchasable","12":"product-type-simple"},"_links":{"self":[{"href":"https:\/\/tilefly.com\/it\/wp-json\/wp\/v2\/product\/526003","targetHints":{"allow":["GET"]}}],"collection":[{"href":"https:\/\/tilefly.com\/it\/wp-json\/wp\/v2\/product"}],"about":[{"href":"https:\/\/tilefly.com\/it\/wp-json\/wp\/v2\/types\/product"}],"replies":[{"embeddable":true,"href":"https:\/\/tilefly.com\/it\/wp-json\/wp\/v2\/comments?post=526003"}],"wp:featuredmedia":[{"embeddable":true,"href":"https:\/\/tilefly.com\/it\/wp-json\/wp\/v2\/media\/525991"}],"wp:attachment":[{"href":"https:\/\/tilefly.com\/it\/wp-json\/wp\/v2\/media?parent=526003"}],"wp:term":[{"taxonomy":"product_brand","embeddable":true,"href":"https:\/\/tilefly.com\/it\/wp-json\/wp\/v2\/product_brand?post=526003"},{"taxonomy":"product_cat","embeddable":true,"href":"https:\/\/tilefly.com\/it\/wp-json\/wp\/v2\/product_cat?post=526003"},{"taxonomy":"product_tag","embeddable":true,"href":"https:\/\/tilefly.com\/it\/wp-json\/wp\/v2\/product_tag?post=526003"}],"curies":[{"name":"wp","href":"https:\/\/api.w.org\/{rel}","templated":true}]}}