{"id":525886,"date":"2024-01-20T15:29:46","date_gmt":"2024-01-20T14:29:46","guid":{"rendered":"https:\/\/tilefly.com\/producto\/caliope-white-mt-60x60-rect-inout\/"},"modified":"2025-09-05T16:47:29","modified_gmt":"2025-09-05T14:47:29","slug":"caliope-white-mt-60x60-rect-inout","status":"publish","type":"product","link":"https:\/\/tilefly.com\/it\/prodotto\/caliope-white-mt-60x60-rect-inout\/","title":{"rendered":"CALIOPE WHITE MT 60X60 RECT INOUT"},"content":{"rendered":"<h1><strong>Azulejo Porcel\u00e1nico Esmaltado CALIOPE WHITE MT 60X60 RECT INOUT<\/strong><\/h1><p>Este azulejo de la serie CALIOPE en formato 60X60 es un azulejo Porcel\u00e1nico Esmaltado de color Blanco en acabado Mate<\/p><p>+&#8217;<\/p><p>Este azulejo cuenta con tecnologia INOUT, una caracteristica del material que lo hace de tacto suave y a su vez es un antideslizante entre C2-C3 y R10-R11, ideal para la instalaci\u00f3n dentro y fuera de la casa.<\/p><p>n&#8217;<\/p><h2 id=\"caliope-white-mt-60x60-rect-inout\">CALIOPE WHITE MT 60X60 RECT INOUT<\/h2><p>El azulejo Caliope White MT en su formato de 60&#215;60 cm RECT INOUT es una elecci\u00f3n perfecta para iluminar y ampliar visualmente cualquier \u00e1rea. Con un acabado mate y un blanco puro y brillante, este azulejo refleja la luz, aportando una sensaci\u00f3n de amplitud y frescura. Su tama\u00f1o proporciona una cobertura m\u00e1s extensa con menos juntas, ideal para un dise\u00f1o minimalista. Su acabado antideslizante C3\/R10 lo hace adecuado tanto para aplicaciones interiores como exteriores, combinando est\u00e9tica con funcionalidad.<\/p>","protected":false},"excerpt":{"rendered":"<p>Azulejo Porcel\u00e1nico Esmaltado CALIOPE WHITE MT 60X60 RECT INOUTEste azulejo de la serie CALIOPE en formato 60X60 es un azulejo Porcel\u00e1nico Esmaltado de color Blanco en acabado Mate+&#8217;Este azulejo cuenta con tecnologia INOUT, una caracteristica del material que lo hace de tacto suave y a su vez es un antideslizante entre C2-C3 y R10-R11, ideal [&hellip;]<\/p>\n","protected":false},"featured_media":525874,"comment_status":"open","ping_status":"closed","template":"","meta":[],"product_brand":[],"product_cat":[561,562,563,564],"product_tag":[],"class_list":{"0":"post-525886","1":"product","2":"type-product","3":"status-publish","4":"has-post-thumbnail","6":"product_cat-vloertegels","7":"product_cat-badkamer-tegels","8":"product_cat-keuken-tegel","9":"product_cat-wandtegels","11":"first","12":"outofstock","13":"shipping-taxable","14":"purchasable","15":"product-type-simple"},"_links":{"self":[{"href":"https:\/\/tilefly.com\/it\/wp-json\/wp\/v2\/product\/525886","targetHints":{"allow":["GET"]}}],"collection":[{"href":"https:\/\/tilefly.com\/it\/wp-json\/wp\/v2\/product"}],"about":[{"href":"https:\/\/tilefly.com\/it\/wp-json\/wp\/v2\/types\/product"}],"replies":[{"embeddable":true,"href":"https:\/\/tilefly.com\/it\/wp-json\/wp\/v2\/comments?post=525886"}],"wp:featuredmedia":[{"embeddable":true,"href":"https:\/\/tilefly.com\/it\/wp-json\/wp\/v2\/media\/525874"}],"wp:attachment":[{"href":"https:\/\/tilefly.com\/it\/wp-json\/wp\/v2\/media?parent=525886"}],"wp:term":[{"taxonomy":"product_brand","embeddable":true,"href":"https:\/\/tilefly.com\/it\/wp-json\/wp\/v2\/product_brand?post=525886"},{"taxonomy":"product_cat","embeddable":true,"href":"https:\/\/tilefly.com\/it\/wp-json\/wp\/v2\/product_cat?post=525886"},{"taxonomy":"product_tag","embeddable":true,"href":"https:\/\/tilefly.com\/it\/wp-json\/wp\/v2\/product_tag?post=525886"}],"curies":[{"name":"wp","href":"https:\/\/api.w.org\/{rel}","templated":true}]}}