{"id":525860,"date":"2024-01-20T15:29:26","date_gmt":"2024-01-20T14:29:26","guid":{"rendered":"https:\/\/tilefly.com\/producto\/caliope-natural-mt-30x60-inout\/"},"modified":"2025-09-05T16:47:28","modified_gmt":"2025-09-05T14:47:28","slug":"caliope-natural-mt-30x60-inout","status":"publish","type":"product","link":"https:\/\/tilefly.com\/it\/prodotto\/caliope-natural-mt-30x60-inout\/","title":{"rendered":"CALIOPE NATURAL MT 30X60 INOUT"},"content":{"rendered":"<h1><strong>Azulejo Porcel\u00e1nico Esmaltado CALIOPE NATURAL MT 30X60 INOUT<\/strong><\/h1><p>Este azulejo de la serie CALIOPE en formato 30X60 es un azulejo Porcel\u00e1nico Esmaltado de color Beige en acabado Mate<\/p><p>+&#8217;<\/p><p>Este azulejo cuenta con tecnologia INOUT, una caracteristica del material que lo hace de tacto suave y a su vez es un antideslizante entre C2-C3 y R10-R11, ideal para la instalaci\u00f3n dentro y fuera de la casa.<\/p><p>n&#8217;<\/p><h2>CALIOPE NATURAL MT 30X60 INOUT<\/h2><p>El azulejo Caliope Natural MT de 30&#215;60 cm INOUT es la personificaci\u00f3n de la belleza org\u00e1nica y minimalista. Con su acabado mate y color natural, este azulejo ofrece una base neutra y vers\u00e1til para cualquier dise\u00f1o interior o exterior. Su resistencia y acabado antideslizante C3\/R10 lo convierten en una opci\u00f3n excelente para espacios que requieren tanto durabilidad como estilo, manteniendo un aspecto atractivo y pr\u00e1ctico.<\/p>","protected":false},"excerpt":{"rendered":"<p>Azulejo Porcel\u00e1nico Esmaltado CALIOPE NATURAL MT 30X60 INOUTEste azulejo de la serie CALIOPE en formato 30X60 es un azulejo Porcel\u00e1nico Esmaltado de color Beige en acabado Mate+&#8217;Este azulejo cuenta con tecnologia INOUT, una caracteristica del material que lo hace de tacto suave y a su vez es un antideslizante entre C2-C3 y R10-R11, ideal para [&hellip;]<\/p>\n","protected":false},"featured_media":525848,"comment_status":"open","ping_status":"closed","template":"","meta":[],"product_brand":[],"product_cat":[303,305,306,304],"product_tag":[],"class_list":{"0":"post-525860","1":"product","2":"type-product","3":"status-publish","4":"has-post-thumbnail","6":"product_cat-baldosas","7":"product_cat-banos","8":"product_cat-cocina","9":"product_cat-revestimiento","11":"first","12":"outofstock","13":"shipping-taxable","14":"purchasable","15":"product-type-simple"},"_links":{"self":[{"href":"https:\/\/tilefly.com\/it\/wp-json\/wp\/v2\/product\/525860","targetHints":{"allow":["GET"]}}],"collection":[{"href":"https:\/\/tilefly.com\/it\/wp-json\/wp\/v2\/product"}],"about":[{"href":"https:\/\/tilefly.com\/it\/wp-json\/wp\/v2\/types\/product"}],"replies":[{"embeddable":true,"href":"https:\/\/tilefly.com\/it\/wp-json\/wp\/v2\/comments?post=525860"}],"wp:featuredmedia":[{"embeddable":true,"href":"https:\/\/tilefly.com\/it\/wp-json\/wp\/v2\/media\/525848"}],"wp:attachment":[{"href":"https:\/\/tilefly.com\/it\/wp-json\/wp\/v2\/media?parent=525860"}],"wp:term":[{"taxonomy":"product_brand","embeddable":true,"href":"https:\/\/tilefly.com\/it\/wp-json\/wp\/v2\/product_brand?post=525860"},{"taxonomy":"product_cat","embeddable":true,"href":"https:\/\/tilefly.com\/it\/wp-json\/wp\/v2\/product_cat?post=525860"},{"taxonomy":"product_tag","embeddable":true,"href":"https:\/\/tilefly.com\/it\/wp-json\/wp\/v2\/product_tag?post=525860"}],"curies":[{"name":"wp","href":"https:\/\/api.w.org\/{rel}","templated":true}]}}