{"id":525821,"date":"2024-01-20T15:29:01","date_gmt":"2024-01-20T14:29:01","guid":{"rendered":"https:\/\/tilefly.com\/producto\/caliope-beige-mt-30x60-inout\/"},"modified":"2025-09-05T16:47:25","modified_gmt":"2025-09-05T14:47:25","slug":"caliope-beige-mt-30x60-inout","status":"publish","type":"product","link":"https:\/\/tilefly.com\/it\/prodotto\/caliope-beige-mt-30x60-inout\/","title":{"rendered":"CALIOPE BEIGE MT 30X60 INOUT"},"content":{"rendered":"<h1><strong>Azulejo Porcel\u00e1nico Esmaltado CALIOPE BEIGE MT 30X60 INOUT<\/strong><\/h1><p>Este azulejo de la serie CALIOPE en formato 30X60 es un azulejo Porcel\u00e1nico Esmaltado de color Beige en acabado Mate<\/p><p>+&#8217;<\/p><p>Este azulejo cuenta con tecnologia INOUT, una caracteristica del material que lo hace de tacto suave y a su vez es un antideslizante entre C2-C3 y R10-R11, ideal para la instalaci\u00f3n dentro y fuera de la casa.<\/p><p>n&#8217;<\/p><h2>CALIOPE BEIGE MT 30X60 INOUT<\/h2><p>El azulejo Caliope Beige MT en formato 30&#215;60 cm INOUT combina una est\u00e9tica natural y c\u00e1lida con una funcionalidad avanzada. Su acabado mate y tono beige suave aportan una sensaci\u00f3n de tranquilidad y elegancia a cualquier espacio. Dise\u00f1ado para ser utilizado tanto en interiores como en exteriores, este azulejo cuenta con un acabado antideslizante C3\/R10, garantizando seguridad y durabilidad en cualquier condici\u00f3n.<\/p>","protected":false},"excerpt":{"rendered":"<p>Azulejo Porcel\u00e1nico Esmaltado CALIOPE BEIGE MT 30X60 INOUTEste azulejo de la serie CALIOPE en formato 30X60 es un azulejo Porcel\u00e1nico Esmaltado de color Beige en acabado Mate+&#8217;Este azulejo cuenta con tecnologia INOUT, una caracteristica del material que lo hace de tacto suave y a su vez es un antideslizante entre C2-C3 y R10-R11, ideal para [&hellip;]<\/p>\n","protected":false},"featured_media":525809,"comment_status":"open","ping_status":"closed","template":"","meta":[],"product_brand":[],"product_cat":[561,562,563,564],"product_tag":[],"class_list":{"0":"post-525821","1":"product","2":"type-product","3":"status-publish","4":"has-post-thumbnail","6":"product_cat-vloertegels","7":"product_cat-badkamer-tegels","8":"product_cat-keuken-tegel","9":"product_cat-wandtegels","11":"first","12":"outofstock","13":"shipping-taxable","14":"purchasable","15":"product-type-simple"},"_links":{"self":[{"href":"https:\/\/tilefly.com\/it\/wp-json\/wp\/v2\/product\/525821","targetHints":{"allow":["GET"]}}],"collection":[{"href":"https:\/\/tilefly.com\/it\/wp-json\/wp\/v2\/product"}],"about":[{"href":"https:\/\/tilefly.com\/it\/wp-json\/wp\/v2\/types\/product"}],"replies":[{"embeddable":true,"href":"https:\/\/tilefly.com\/it\/wp-json\/wp\/v2\/comments?post=525821"}],"wp:featuredmedia":[{"embeddable":true,"href":"https:\/\/tilefly.com\/it\/wp-json\/wp\/v2\/media\/525809"}],"wp:attachment":[{"href":"https:\/\/tilefly.com\/it\/wp-json\/wp\/v2\/media?parent=525821"}],"wp:term":[{"taxonomy":"product_brand","embeddable":true,"href":"https:\/\/tilefly.com\/it\/wp-json\/wp\/v2\/product_brand?post=525821"},{"taxonomy":"product_cat","embeddable":true,"href":"https:\/\/tilefly.com\/it\/wp-json\/wp\/v2\/product_cat?post=525821"},{"taxonomy":"product_tag","embeddable":true,"href":"https:\/\/tilefly.com\/it\/wp-json\/wp\/v2\/product_tag?post=525821"}],"curies":[{"name":"wp","href":"https:\/\/api.w.org\/{rel}","templated":true}]}}