{"id":522036,"date":"2023-02-03T16:19:36","date_gmt":"2023-02-03T15:19:36","guid":{"rendered":"https:\/\/tilefly.com\/producto\/civic-roble-mt-30x150-rect-inout\/"},"modified":"2025-05-28T00:46:01","modified_gmt":"2025-05-27T22:46:01","slug":"civic-roble-mt-30x150-rect-inout","status":"publish","type":"product","link":"https:\/\/tilefly.com\/it\/prodotto\/civic-roble-mt-30x150-rect-inout\/","title":{"rendered":"CIVIC ROBLE MT 30X150 RECT INOUT"},"content":{"rendered":"<h1><strong>Azulejo Porcel\u00e1nico Esmaltado Mate Civic Roble Mt 30X150 Rect Inout<\/strong><\/h1><p>Este azulejo de la serie Civic en formato 30X150 es un azulejo Porcel\u00e1nico Esmaltado Mate de color Roble en acabado Mate<\/p><p>Esta baldosa cuenta con tecnologia INOUT, una caracteristica del material que lo hace de tacto suave y a su vez es un antideslizante entre C2-C3 y R10-R11, ideal para la instalaci\u00f3n dentro y fuera de la casa.<\/p><h2>Serie Civic<\/h2><p>Colecci\u00f3n de azulejo imitaci\u00f3n madera <a href=\"https:\/\/tilefly.com\/producto\/civic\/\">Civic<\/a><\/p><p>Esta serie brinda una grafica moderna, con un tacto suave y un brillo incrustado en el grano de la textura que lo hace espectacular!<\/p><p>Reinterpreta la madera con una gr\u00e1fica moderna de est\u00e9tica suave, lineal y un in\u00e9dito acabado antideslizante de tacto suave, pero con brillo encajado en el veteado. Dos almas distintas, estrechamente vinculadas entre s\u00ed, con una vitalidad fuerte capaz de llevar a casa la belleza vibrante de la naturaleza perfecta para ambientes con un toque sencillo y minimalista, el mismo dentro y fuera de la vivienda.<\/p>","protected":false},"excerpt":{"rendered":"<p>Azulejo Porcel\u00e1nico Esmaltado Mate Civic Roble Mt 30X150 Rect InoutEste azulejo de la serie Civic en formato 30X150 es un azulejo Porcel\u00e1nico Esmaltado Mate de color Roble en acabado MateEsta baldosa cuenta con tecnologia INOUT, una caracteristica del material que lo hace de tacto suave y a su vez es un antideslizante entre C2-C3 y [&hellip;]<\/p>\n","protected":false},"featured_media":522024,"comment_status":"open","ping_status":"closed","template":"","meta":[],"product_brand":[],"product_cat":[846,847,848,827],"product_tag":[],"class_list":{"0":"post-522036","1":"product","2":"type-product","3":"status-publish","4":"has-post-thumbnail","6":"product_cat-piastrelle","7":"product_cat-bagni","8":"product_cat-cucine","9":"product_cat-rivestimento","11":"first","12":"outofstock","13":"shipping-taxable","14":"purchasable","15":"product-type-simple"},"_links":{"self":[{"href":"https:\/\/tilefly.com\/it\/wp-json\/wp\/v2\/product\/522036","targetHints":{"allow":["GET"]}}],"collection":[{"href":"https:\/\/tilefly.com\/it\/wp-json\/wp\/v2\/product"}],"about":[{"href":"https:\/\/tilefly.com\/it\/wp-json\/wp\/v2\/types\/product"}],"replies":[{"embeddable":true,"href":"https:\/\/tilefly.com\/it\/wp-json\/wp\/v2\/comments?post=522036"}],"wp:featuredmedia":[{"embeddable":true,"href":"https:\/\/tilefly.com\/it\/wp-json\/wp\/v2\/media\/522024"}],"wp:attachment":[{"href":"https:\/\/tilefly.com\/it\/wp-json\/wp\/v2\/media?parent=522036"}],"wp:term":[{"taxonomy":"product_brand","embeddable":true,"href":"https:\/\/tilefly.com\/it\/wp-json\/wp\/v2\/product_brand?post=522036"},{"taxonomy":"product_cat","embeddable":true,"href":"https:\/\/tilefly.com\/it\/wp-json\/wp\/v2\/product_cat?post=522036"},{"taxonomy":"product_tag","embeddable":true,"href":"https:\/\/tilefly.com\/it\/wp-json\/wp\/v2\/product_tag?post=522036"}],"curies":[{"name":"wp","href":"https:\/\/api.w.org\/{rel}","templated":true}]}}