{"id":521281,"date":"2023-01-26T09:19:32","date_gmt":"2023-01-26T08:19:32","guid":{"rendered":"https:\/\/tilefly.com\/producto\/plus-austral-ivory-60x60-rect-20mm-inout\/"},"modified":"2025-09-05T16:46:59","modified_gmt":"2025-09-05T14:46:59","slug":"plus-austral-ivory-60x60-rect-20mm-inout","status":"publish","type":"product","link":"https:\/\/tilefly.com\/it\/prodotto\/plus-austral-ivory-60x60-rect-20mm-inout\/","title":{"rendered":"PLUS AUSTRAL IVORY 60X60 RECT (20MM) INOUT"},"content":{"rendered":"<h1><strong>Azulejo Porcel\u00e1nico Esmaltado Mate PLUS AUSTRAL IVORY 60X60 RECT (20MM) INOUT<\/strong><\/h1><p>Este azulejo de la serie AUSTRAL en formato 60X60 es un azulejo Porcel\u00e1nico Esmaltado Mate de color Marfil en acabado Mate<\/p><p>Este azulejo cuenta con tecnologia INOUT, una caracteristica del material que lo hace de tacto suave y a su vez es un antideslizante entre C2-C3 y R10-R11, ideal para la instalaci\u00f3n dentro y fuera de la casa.<\/p><h2>Serie Austral<\/h2><p><a href='https:\/\/tilefly.com\/producto\/austral\/'>Austral<\/a> es una colecci\u00f3n que sorprende a la vista y al tacto, dotando de una nueva perspectiva al universo de las piedras en cer\u00e1mica. La elegancia recoge la est\u00e9tica gr\u00e1fica, de vetas ligeras que se mezclan en un fondo granulado sutil. La esencia y la sensaci\u00f3n de la arena se proponen mat\u00e9ricamente. Superficies y juegos de luz definen un concepto decorativo de superficies extraordinarias. Arm\u00f3nica y concreta, la tierra remite a un sentir personal y a la fuerza de la naturaleza, a trav\u00e9s de esta vers\u00e1til piedra de colores naturales.<\/p>","protected":false},"excerpt":{"rendered":"<p>Azulejo Porcel\u00e1nico Esmaltado Mate PLUS AUSTRAL IVORY 60X60 RECT (20MM) INOUTEste azulejo de la serie AUSTRAL en formato 60X60 es un azulejo Porcel\u00e1nico Esmaltado Mate de color Marfil en acabado MateEste azulejo cuenta con tecnologia INOUT, una caracteristica del material que lo hace de tacto suave y a su vez es un antideslizante entre C2-C3 [&hellip;]<\/p>\n","protected":false},"featured_media":521269,"comment_status":"open","ping_status":"closed","template":"","meta":[],"product_brand":[],"product_cat":[303],"product_tag":[],"class_list":{"0":"post-521281","1":"product","2":"type-product","3":"status-publish","4":"has-post-thumbnail","6":"product_cat-baldosas","8":"first","9":"outofstock","10":"shipping-taxable","11":"purchasable","12":"product-type-simple"},"_links":{"self":[{"href":"https:\/\/tilefly.com\/it\/wp-json\/wp\/v2\/product\/521281","targetHints":{"allow":["GET"]}}],"collection":[{"href":"https:\/\/tilefly.com\/it\/wp-json\/wp\/v2\/product"}],"about":[{"href":"https:\/\/tilefly.com\/it\/wp-json\/wp\/v2\/types\/product"}],"replies":[{"embeddable":true,"href":"https:\/\/tilefly.com\/it\/wp-json\/wp\/v2\/comments?post=521281"}],"wp:featuredmedia":[{"embeddable":true,"href":"https:\/\/tilefly.com\/it\/wp-json\/wp\/v2\/media\/521269"}],"wp:attachment":[{"href":"https:\/\/tilefly.com\/it\/wp-json\/wp\/v2\/media?parent=521281"}],"wp:term":[{"taxonomy":"product_brand","embeddable":true,"href":"https:\/\/tilefly.com\/it\/wp-json\/wp\/v2\/product_brand?post=521281"},{"taxonomy":"product_cat","embeddable":true,"href":"https:\/\/tilefly.com\/it\/wp-json\/wp\/v2\/product_cat?post=521281"},{"taxonomy":"product_tag","embeddable":true,"href":"https:\/\/tilefly.com\/it\/wp-json\/wp\/v2\/product_tag?post=521281"}],"curies":[{"name":"wp","href":"https:\/\/api.w.org\/{rel}","templated":true}]}}