{"id":519384,"date":"2022-09-23T10:39:52","date_gmt":"2022-09-23T08:39:52","guid":{"rendered":"https:\/\/tilefly.com\/?post_type=product&#038;p=519384"},"modified":"2022-12-16T08:54:36","modified_gmt":"2022-12-16T07:54:36","slug":"dover-bone-natural-60x60","status":"publish","type":"product","link":"https:\/\/tilefly.com\/it\/prodotto\/dover-bone-natural-60x60\/","title":{"rendered":"DOVER BONE NATURAL 60X60"},"content":{"rendered":"<p>Porcel\u00e1nico esmaltado natural en formato 60&#215;60 no rectificado<\/p><p>La serie Dover imita la superficie del cemento con magn\u00edficos matices acerc\u00e1ndose a la perfecci\u00f3n a la reproducci\u00f3n de este material.<\/p><p>Esta colecci\u00f3n es perfecta para dotar a los espacios de continuidad. Una colecci\u00f3n que se define por su pureza y atemporalidad. Con ella los colores se mezclan y coordinan a la perfecci\u00f3n para crear espacios c\u00e1lidos y perfectos para las necesidades de los nuevos estilos de vida. Por sus caracter\u00edsticas de dise\u00f1o y materiales, son azulejos muy vers\u00e1tiles que pueden aplicarse en interiores, pero tambi\u00e9n en exteriores.<\/p>","protected":false},"excerpt":{"rendered":"<p>Porcel\u00e1nico esmaltado natural en formato 60&#215;60 no rectificadoLa serie Dover imita la superficie del cemento con magn\u00edficos matices acerc\u00e1ndose a la perfecci\u00f3n a la reproducci\u00f3n de este material.Esta colecci\u00f3n es perfecta para dotar a los espacios de continuidad. Una colecci\u00f3n que se define por su pureza y atemporalidad. Con ella los colores se mezclan y [&hellip;]<\/p>\n","protected":false},"featured_media":519405,"comment_status":"closed","ping_status":"closed","template":"","meta":[],"product_brand":[],"product_cat":[846,847,848,827,866],"product_tag":[],"class_list":{"0":"post-519384","1":"product","2":"type-product","3":"status-publish","4":"has-post-thumbnail","6":"product_cat-piastrelle","7":"product_cat-bagni","8":"product_cat-cucine","9":"product_cat-rivestimento","10":"product_cat-salotto","12":"first","13":"outofstock","14":"shipping-taxable","15":"purchasable","16":"product-type-simple"},"_links":{"self":[{"href":"https:\/\/tilefly.com\/it\/wp-json\/wp\/v2\/product\/519384","targetHints":{"allow":["GET"]}}],"collection":[{"href":"https:\/\/tilefly.com\/it\/wp-json\/wp\/v2\/product"}],"about":[{"href":"https:\/\/tilefly.com\/it\/wp-json\/wp\/v2\/types\/product"}],"replies":[{"embeddable":true,"href":"https:\/\/tilefly.com\/it\/wp-json\/wp\/v2\/comments?post=519384"}],"wp:featuredmedia":[{"embeddable":true,"href":"https:\/\/tilefly.com\/it\/wp-json\/wp\/v2\/media\/519405"}],"wp:attachment":[{"href":"https:\/\/tilefly.com\/it\/wp-json\/wp\/v2\/media?parent=519384"}],"wp:term":[{"taxonomy":"product_brand","embeddable":true,"href":"https:\/\/tilefly.com\/it\/wp-json\/wp\/v2\/product_brand?post=519384"},{"taxonomy":"product_cat","embeddable":true,"href":"https:\/\/tilefly.com\/it\/wp-json\/wp\/v2\/product_cat?post=519384"},{"taxonomy":"product_tag","embeddable":true,"href":"https:\/\/tilefly.com\/it\/wp-json\/wp\/v2\/product_tag?post=519384"}],"curies":[{"name":"wp","href":"https:\/\/api.w.org\/{rel}","templated":true}]}}