{"id":519034,"date":"2022-06-27T10:49:59","date_gmt":"2022-06-27T08:49:59","guid":{"rendered":"https:\/\/tilefly.com\/?post_type=product&#038;p=519034"},"modified":"2022-06-27T10:50:00","modified_gmt":"2022-06-27T08:50:00","slug":"majestic-bianco-natural-leaf-30x90","status":"publish","type":"product","link":"https:\/\/tilefly.com\/it\/prodotto\/majestic-bianco-natural-leaf-30x90\/","title":{"rendered":"MAJESTIC BIANCO NATURAL LEAF 30X90"},"content":{"rendered":"<p>Revestimiento pasta blanca Rectificado 30\u00d790 con relieve.<\/p><p>El acromatismo y simplicidad de esta serie hace de ella su principal caracter\u00edstica reforzando y dando el protagonismo principal al blanco m\u00e1s luminoso. De esta forma, con Majestic se renueva el concepto de elegancia en el dise\u00f1o de interiores minimalista. Combinable entre s\u00ed, logra acabados visualmente impactantes y dise\u00f1os inimaginables. La intensidad de ambos colores en un mismo espacio dota de una fuerte personalidad a cualquier estancia pudiendo estar tanto en cocinas modernas o ba\u00f1os minimalistas. Esta colecci\u00f3n tambi\u00e9n tiene disponible azulejos para baldosas porcelanico.<\/p>","protected":false},"excerpt":{"rendered":"<p>Revestimiento pasta blanca Rectificado 30\u00d790 con relieve.El acromatismo y simplicidad de esta serie hace de ella su principal caracter\u00edstica reforzando y dando el protagonismo principal al blanco m\u00e1s luminoso. De esta forma, con Majestic se renueva el concepto de elegancia en el dise\u00f1o de interiores minimalista. Combinable entre s\u00ed, logra acabados visualmente impactantes y dise\u00f1os [&hellip;]<\/p>\n","protected":false},"featured_media":462124,"comment_status":"closed","ping_status":"closed","template":"","meta":[],"product_brand":[],"product_cat":[305,306,304],"product_tag":[],"class_list":{"0":"post-519034","1":"product","2":"type-product","3":"status-publish","4":"has-post-thumbnail","6":"product_cat-banos","7":"product_cat-cocina","8":"product_cat-revestimiento","10":"first","11":"instock","12":"shipping-taxable","13":"purchasable","14":"product-type-simple"},"_links":{"self":[{"href":"https:\/\/tilefly.com\/it\/wp-json\/wp\/v2\/product\/519034","targetHints":{"allow":["GET"]}}],"collection":[{"href":"https:\/\/tilefly.com\/it\/wp-json\/wp\/v2\/product"}],"about":[{"href":"https:\/\/tilefly.com\/it\/wp-json\/wp\/v2\/types\/product"}],"replies":[{"embeddable":true,"href":"https:\/\/tilefly.com\/it\/wp-json\/wp\/v2\/comments?post=519034"}],"wp:featuredmedia":[{"embeddable":true,"href":"https:\/\/tilefly.com\/it\/wp-json\/wp\/v2\/media\/462124"}],"wp:attachment":[{"href":"https:\/\/tilefly.com\/it\/wp-json\/wp\/v2\/media?parent=519034"}],"wp:term":[{"taxonomy":"product_brand","embeddable":true,"href":"https:\/\/tilefly.com\/it\/wp-json\/wp\/v2\/product_brand?post=519034"},{"taxonomy":"product_cat","embeddable":true,"href":"https:\/\/tilefly.com\/it\/wp-json\/wp\/v2\/product_cat?post=519034"},{"taxonomy":"product_tag","embeddable":true,"href":"https:\/\/tilefly.com\/it\/wp-json\/wp\/v2\/product_tag?post=519034"}],"curies":[{"name":"wp","href":"https:\/\/api.w.org\/{rel}","templated":true}]}}