{"id":514415,"date":"2022-06-22T15:50:37","date_gmt":"2022-06-22T13:50:37","guid":{"rendered":"https:\/\/tilefly.com\/?post_type=product&#038;p=514415"},"modified":"2025-03-14T15:04:10","modified_gmt":"2025-03-14T14:04:10","slug":"terrazo-grigio-pulido-60x120","status":"publish","type":"product","link":"https:\/\/tilefly.com\/it\/prodotto\/terrazo-grigio-pulido-60x120\/","title":{"rendered":"TERRAZO GRIGIO PULIDO 60X120"},"content":{"rendered":"<h1><strong>Azulejo Porcel\u00e1nico TERRAZO GRIGIO PULIDO 60X120<\/strong><\/h1><p>Este azulejo Porcel\u00e1nico en formato  cm, acabado Pulido y color Gris, Marr\u00f3n, Negro \/ Oscuro es perfecto para tu hogar. Su material de fabricaci\u00f3n es Porcel\u00e1nico.<\/p><p>Caracter\u00edsticas especiales: Imitaci\u00f3n piedra<\/p>","protected":false},"excerpt":{"rendered":"<p>Azulejo Porcel\u00e1nico TERRAZO GRIGIO PULIDO 60X120Este azulejo Porcel\u00e1nico en formato cm, acabado Pulido y color Gris, Marr\u00f3n, Negro \/ Oscuro es perfecto para tu hogar. Su material de fabricaci\u00f3n es Porcel\u00e1nico.Caracter\u00edsticas especiales: Imitaci\u00f3n piedra<\/p>\n","protected":false},"featured_media":514407,"comment_status":"closed","ping_status":"closed","template":"","meta":[],"product_brand":[],"product_cat":[303,305,306,304],"product_tag":[],"class_list":{"0":"post-514415","1":"product","2":"type-product","3":"status-publish","4":"has-post-thumbnail","6":"product_cat-baldosas","7":"product_cat-banos","8":"product_cat-cocina","9":"product_cat-revestimiento","11":"first","12":"instock","13":"shipping-taxable","14":"purchasable","15":"product-type-simple"},"_links":{"self":[{"href":"https:\/\/tilefly.com\/it\/wp-json\/wp\/v2\/product\/514415","targetHints":{"allow":["GET"]}}],"collection":[{"href":"https:\/\/tilefly.com\/it\/wp-json\/wp\/v2\/product"}],"about":[{"href":"https:\/\/tilefly.com\/it\/wp-json\/wp\/v2\/types\/product"}],"replies":[{"embeddable":true,"href":"https:\/\/tilefly.com\/it\/wp-json\/wp\/v2\/comments?post=514415"}],"wp:featuredmedia":[{"embeddable":true,"href":"https:\/\/tilefly.com\/it\/wp-json\/wp\/v2\/media\/514407"}],"wp:attachment":[{"href":"https:\/\/tilefly.com\/it\/wp-json\/wp\/v2\/media?parent=514415"}],"wp:term":[{"taxonomy":"product_brand","embeddable":true,"href":"https:\/\/tilefly.com\/it\/wp-json\/wp\/v2\/product_brand?post=514415"},{"taxonomy":"product_cat","embeddable":true,"href":"https:\/\/tilefly.com\/it\/wp-json\/wp\/v2\/product_cat?post=514415"},{"taxonomy":"product_tag","embeddable":true,"href":"https:\/\/tilefly.com\/it\/wp-json\/wp\/v2\/product_tag?post=514415"}],"curies":[{"name":"wp","href":"https:\/\/api.w.org\/{rel}","templated":true}]}}