{"id":514406,"date":"2022-06-22T15:51:11","date_gmt":"2022-06-22T13:51:11","guid":{"rendered":"https:\/\/tilefly.com\/?post_type=product&#038;p=514406"},"modified":"2025-03-14T15:04:08","modified_gmt":"2025-03-14T14:04:08","slug":"terrazo-grigio-natural-60x120","status":"publish","type":"product","link":"https:\/\/tilefly.com\/it\/prodotto\/terrazo-grigio-natural-60x120\/","title":{"rendered":"TERRAZO GRIGIO NATURAL 60X120"},"content":{"rendered":"<h1><strong>Azulejo Porcel\u00e1nico TERRAZO GRIGIO NATURAL 60X120<\/strong><\/h1><p>Este azulejo Porcel\u00e1nico en formato  cm, acabado Mate, Natural y color Gris, Marr\u00f3n, Negro \/ Oscuro es perfecto para tu hogar. Su material de fabricaci\u00f3n es Porcel\u00e1nico.<\/p><p>Caracter\u00edsticas especiales: Imitaci\u00f3n piedra<\/p>","protected":false},"excerpt":{"rendered":"<p>Azulejo Porcel\u00e1nico TERRAZO GRIGIO NATURAL 60X120Este azulejo Porcel\u00e1nico en formato cm, acabado Mate, Natural y color Gris, Marr\u00f3n, Negro \/ Oscuro es perfecto para tu hogar. Su material de fabricaci\u00f3n es Porcel\u00e1nico.Caracter\u00edsticas especiales: Imitaci\u00f3n piedra<\/p>\n","protected":false},"featured_media":514407,"comment_status":"closed","ping_status":"closed","template":"","meta":[],"product_brand":[],"product_cat":[846,847,848,827,866],"product_tag":[],"class_list":{"0":"post-514406","1":"product","2":"type-product","3":"status-publish","4":"has-post-thumbnail","6":"product_cat-piastrelle","7":"product_cat-bagni","8":"product_cat-cucine","9":"product_cat-rivestimento","10":"product_cat-salotto","12":"first","13":"instock","14":"shipping-taxable","15":"purchasable","16":"product-type-simple"},"_links":{"self":[{"href":"https:\/\/tilefly.com\/it\/wp-json\/wp\/v2\/product\/514406","targetHints":{"allow":["GET"]}}],"collection":[{"href":"https:\/\/tilefly.com\/it\/wp-json\/wp\/v2\/product"}],"about":[{"href":"https:\/\/tilefly.com\/it\/wp-json\/wp\/v2\/types\/product"}],"replies":[{"embeddable":true,"href":"https:\/\/tilefly.com\/it\/wp-json\/wp\/v2\/comments?post=514406"}],"wp:featuredmedia":[{"embeddable":true,"href":"https:\/\/tilefly.com\/it\/wp-json\/wp\/v2\/media\/514407"}],"wp:attachment":[{"href":"https:\/\/tilefly.com\/it\/wp-json\/wp\/v2\/media?parent=514406"}],"wp:term":[{"taxonomy":"product_brand","embeddable":true,"href":"https:\/\/tilefly.com\/it\/wp-json\/wp\/v2\/product_brand?post=514406"},{"taxonomy":"product_cat","embeddable":true,"href":"https:\/\/tilefly.com\/it\/wp-json\/wp\/v2\/product_cat?post=514406"},{"taxonomy":"product_tag","embeddable":true,"href":"https:\/\/tilefly.com\/it\/wp-json\/wp\/v2\/product_tag?post=514406"}],"curies":[{"name":"wp","href":"https:\/\/api.w.org\/{rel}","templated":true}]}}