{"id":514400,"date":"2022-06-22T15:43:59","date_gmt":"2022-06-22T13:43:59","guid":{"rendered":"https:\/\/tilefly.com\/?post_type=product&#038;p=514400"},"modified":"2024-08-26T14:50:36","modified_gmt":"2024-08-26T12:50:36","slug":"terrazo-bianco-natural-60x120","status":"publish","type":"product","link":"https:\/\/tilefly.com\/it\/prodotto\/terrazo-bianco-natural-60x120\/","title":{"rendered":"TERRAZO BIANCO NATURAL 60X120"},"content":{"rendered":"<h1><strong>Azulejo Porcel\u00e1nico TERRAZO BIANCO NATURAL 60X120<\/strong><\/h1><p>Este azulejo Porcel\u00e1nico en formato  cm, acabado Mate, Natural y color Blanco, Gris, Marr\u00f3n, Negro \/ Oscuro, Rojo es perfecto para tu hogar. Su material de fabricaci\u00f3n es Porcel\u00e1nico.<\/p><p>Caracter\u00edsticas especiales: Imitaci\u00f3n piedra<\/p>","protected":false},"excerpt":{"rendered":"<p>Azulejo Porcel\u00e1nico TERRAZO BIANCO NATURAL 60X120Este azulejo Porcel\u00e1nico en formato cm, acabado Mate, Natural y color Blanco, Gris, Marr\u00f3n, Negro \/ Oscuro, Rojo es perfecto para tu hogar. Su material de fabricaci\u00f3n es Porcel\u00e1nico.Caracter\u00edsticas especiales: Imitaci\u00f3n piedra<\/p>\n","protected":false},"featured_media":524448,"comment_status":"closed","ping_status":"closed","template":"","meta":[],"product_brand":[],"product_cat":[303,305,306,304,307],"product_tag":[],"class_list":{"0":"post-514400","1":"product","2":"type-product","3":"status-publish","4":"has-post-thumbnail","6":"product_cat-baldosas","7":"product_cat-banos","8":"product_cat-cocina","9":"product_cat-revestimiento","10":"product_cat-salon","12":"first","13":"outofstock","14":"shipping-taxable","15":"purchasable","16":"product-type-simple"},"_links":{"self":[{"href":"https:\/\/tilefly.com\/it\/wp-json\/wp\/v2\/product\/514400","targetHints":{"allow":["GET"]}}],"collection":[{"href":"https:\/\/tilefly.com\/it\/wp-json\/wp\/v2\/product"}],"about":[{"href":"https:\/\/tilefly.com\/it\/wp-json\/wp\/v2\/types\/product"}],"replies":[{"embeddable":true,"href":"https:\/\/tilefly.com\/it\/wp-json\/wp\/v2\/comments?post=514400"}],"wp:featuredmedia":[{"embeddable":true,"href":"https:\/\/tilefly.com\/it\/wp-json\/wp\/v2\/media\/524448"}],"wp:attachment":[{"href":"https:\/\/tilefly.com\/it\/wp-json\/wp\/v2\/media?parent=514400"}],"wp:term":[{"taxonomy":"product_brand","embeddable":true,"href":"https:\/\/tilefly.com\/it\/wp-json\/wp\/v2\/product_brand?post=514400"},{"taxonomy":"product_cat","embeddable":true,"href":"https:\/\/tilefly.com\/it\/wp-json\/wp\/v2\/product_cat?post=514400"},{"taxonomy":"product_tag","embeddable":true,"href":"https:\/\/tilefly.com\/it\/wp-json\/wp\/v2\/product_tag?post=514400"}],"curies":[{"name":"wp","href":"https:\/\/api.w.org\/{rel}","templated":true}]}}